{"id":3033,"date":"2020-05-29T21:19:07","date_gmt":"2020-05-29T21:19:07","guid":{"rendered":"http:\/\/www.it-robotics.com\/?page_id=3033\/"},"modified":"2021-10-13T14:34:43","modified_gmt":"2021-10-13T14:34:43","slug":"qualitaetspolitik","status":"publish","type":"page","link":"https:\/\/www.it-robotics.com\/de\/qualitaetspolitik\/","title":{"rendered":"QUALIT\u00c4TSPOLITIK"},"content":{"rendered":"<p>IT ROBOTICS ist ein Industrieunternehmen, mit dem Schwerpunkt der <strong>Konstruktion, Herstellung und Integration industrieller Roboteranwendungen.<\/strong><\/p>\n<p>Die IT ROBOTICS-Unternehmensleitung ist sich ihrer Verpflichtung bewusst, die Bed\u00fcrfnisse ihrer Kunden bestm\u00f6glich zu erf\u00fcllen, die Produkte und Dienstleistungen kontinuierlich zu verbessern, und somit zur Sicherung der Qualit\u00e4t beizutragen.<\/p>\n<p><strong><i>&#8222;Wir sind ein proaktives und kundenorientiertes Unternehmen, mit dem Ziel, eine hohe Zufriedenheit durch die Qualit\u00e4t unserer Produkte und Dienstleistungen zu gew\u00e4hrleisten. Es ist unsere Verpflichtung, die Anforderungen unserer Kunden bestm\u00f6glich durch Einhaltung der geltenden Vorschriften zu erf\u00fcllen, und als Resultat die Effektivit\u00e4t unseres Managementsystems kontinuierlich zu erh\u00f6hen.&#8220;<\/i><\/strong><\/p>\n<p>Diese Richtlinie basiert auf folgenden Grundprinzipien, die als Basis unserer Philosophie gelten:<\/p>\n<p>&#8211; Unsere Ma\u00dfnahmen m\u00fcssen darauf ausgerichtet sein, dass unsere Kunden von heute, es auch morgen noch sind. Dieses erreichen wir durch unsere Innovationen sowie unser Engagement.<\/p>\n<p>&#8211; Nur durch die Bereitstellung hochwertiger Dienstleistungen und vertrauensvollem Umgang miteinander, k\u00f6nnen wir langfristig das Vertrauen unserer Kunden erlangen.<\/p>\n<p>&#8211; Wir verpflichten uns, geltende gesetzlichen Anforderungen zu erf\u00fcllen, sowie unterst\u00fctzende die in unserer Organisation implementiert sind.<\/p>\n<p>&#8211; Wir streben nach maximaler Kundenzufriedenheit, durch Einhaltung ihrer beschriebenen Anforderungen und Normen, sowie der geltenden gesetzlichen Bestimmungen.<\/p>\n<p>&#8211; Wir garantieren Qualit\u00e4t durch unsere Eigenverantwortung.<\/p>\n<p>&#8211; Als Erg\u00e4nzung sowie selbst auferlegter Verpflichtung, mit der Zertifizierung nach UNE-EN ISO 9001 unsere Systeme und Prozesse zu entwickeln.<\/p>\n<p>&#8211; Kontinuierliche Verbesserung unserer Dienstleistungen und der Effektivit\u00e4t unseres Managementsystems.<\/p>\n<p>&#8211; Aufgrund systematischer Fortbildung unserer Mitarbeiter, st\u00e4rken wir unser Unternehmen und erlangen hierdurch Wachstumsm\u00f6glichkeiten f\u00fcr unser Zukunft.<\/p>\n<p>&#8211; Das bisher gemeinsam erreichte m\u00fcssen wir sch\u00fctzen und durch kontinuierliche Verbesserung weiterentwickeln.<\/p>\n<p>&#8211; KVP ist ein wichtiger Bestandteil unseres Unternehmens und wird durch das Management besonders unterst\u00fctzt, um die Qualit\u00e4t, die Arbeitsmethoden und der daraus resultierenden Ergebnisse zu optimieren. <\/p>\n<p>&#8211; Unsere Lieferanten sind ein wichtiger Baustein in dem Ergebnis unserer Produkte und Dienstleistungen.<\/p>\n<p>&#8211; Das Management verpflichtet sich, dass sein Qualit\u00e4tsgedanke in allen Bereichen der Organisation verstanden ist, implementiert ist und \u201elebt\u201c.<\/p>\n<p>Aus diesem Grund haben wir diese Richtlinie und deren Grunds\u00e4tze zum Wissen all unserer Mitarbeiter ver\u00f6ffentlicht. Sie wird von unserer gesamten Organisation gelebt und geteilt.<\/p>\n<p>&nbsp;<\/p>\n<p>\nGenehmigt:<br \/>\nGesch\u00e4ftsf\u00fchrung<br \/>\nDatum: 23-Oktober-2020<\/p>\n","protected":false},"excerpt":{"rendered":"<p>IT ROBOTICS ist ein Industrieunternehmen, mit dem Schwerpunkt der Konstruktion, Herstellung und Integration industrieller Roboteranwendungen. Die IT ROBOTICS-Unternehmensleitung ist sich ihrer Verpflichtung bewusst, die Bed\u00fcrfnisse ihrer Kunden bestm\u00f6glich zu erf\u00fcllen, die Produkte und Dienstleistungen kontinuierlich zu verbessern, und somit zur Sicherung der Qualit\u00e4t beizutragen. &#8222;Wir sind ein proaktives und kundenorientiertes Unternehmen, mit dem Ziel, eine [&hellip;]<\/p>\n","protected":false},"author":1,"featured_media":0,"parent":0,"menu_order":0,"comment_status":"closed","ping_status":"closed","template":"","meta":{"footnotes":""},"class_list":["post-3033","page","type-page","status-publish","hentry"],"yoast_head":"<!-- This site is optimized with the Yoast SEO plugin v26.7 - https:\/\/yoast.com\/wordpress\/plugins\/seo\/ -->\n<title>QUALIT\u00c4TSPOLITIK - it Robotics<\/title>\n<meta name=\"description\" content=\"Aviso legal de la web www.it-robotics.com empresa de ingenier\u00eda especializada en Rob\u00f3tica Industrial.\" \/>\n<meta name=\"robots\" content=\"index, follow, max-snippet:-1, max-image-preview:large, max-video-preview:-1\" \/>\n<link rel=\"canonical\" href=\"https:\/\/www.it-robotics.com\/de\/qualitaetspolitik\/\" \/>\n<meta property=\"og:locale\" content=\"de_DE\" \/>\n<meta property=\"og:type\" content=\"article\" \/>\n<meta property=\"og:title\" content=\"QUALIT\u00c4TSPOLITIK - it Robotics\" \/>\n<meta property=\"og:description\" content=\"Aviso legal de la web www.it-robotics.com empresa de ingenier\u00eda especializada en Rob\u00f3tica Industrial.\" \/>\n<meta property=\"og:url\" content=\"https:\/\/www.it-robotics.com\/de\/qualitaetspolitik\/\" \/>\n<meta property=\"og:site_name\" content=\"it Robotics\" \/>\n<meta property=\"article:publisher\" content=\"https:\/\/www.facebook.com\/IT-Robotics-145862368820931\/\" \/>\n<meta property=\"article:modified_time\" content=\"2021-10-13T14:34:43+00:00\" \/>\n<meta name=\"twitter:card\" content=\"summary_large_image\" \/>\n<meta name=\"twitter:label1\" content=\"Gesch\u00e4tzte Lesezeit\" \/>\n\t<meta name=\"twitter:data1\" content=\"2\u00a0Minuten\" \/>\n<script type=\"application\/ld+json\" class=\"yoast-schema-graph\">{\"@context\":\"https:\/\/schema.org\",\"@graph\":[{\"@type\":\"WebPage\",\"@id\":\"https:\/\/www.it-robotics.com\/de\/qualitaetspolitik\/\",\"url\":\"https:\/\/www.it-robotics.com\/de\/qualitaetspolitik\/\",\"name\":\"QUALIT\u00c4TSPOLITIK - it Robotics\",\"isPartOf\":{\"@id\":\"https:\/\/www.it-robotics.com\/#website\"},\"datePublished\":\"2020-05-29T21:19:07+00:00\",\"dateModified\":\"2021-10-13T14:34:43+00:00\",\"description\":\"Aviso legal de la web www.it-robotics.com empresa de ingenier\u00eda especializada en Rob\u00f3tica Industrial.\",\"breadcrumb\":{\"@id\":\"https:\/\/www.it-robotics.com\/de\/qualitaetspolitik\/#breadcrumb\"},\"inLanguage\":\"de\",\"potentialAction\":[{\"@type\":\"ReadAction\",\"target\":[\"https:\/\/www.it-robotics.com\/de\/qualitaetspolitik\/\"]}]},{\"@type\":\"BreadcrumbList\",\"@id\":\"https:\/\/www.it-robotics.com\/de\/qualitaetspolitik\/#breadcrumb\",\"itemListElement\":[{\"@type\":\"ListItem\",\"position\":1,\"name\":\"Home\",\"item\":\"https:\/\/www.it-robotics.com\/de\/\"},{\"@type\":\"ListItem\",\"position\":2,\"name\":\"QUALIT\u00c4TSPOLITIK\"}]},{\"@type\":\"WebSite\",\"@id\":\"https:\/\/www.it-robotics.com\/#website\",\"url\":\"https:\/\/www.it-robotics.com\/\",\"name\":\"it Robotics\",\"description\":\"Automatizaci\u00f3n y rob\u00f3tica industrial\",\"potentialAction\":[{\"@type\":\"SearchAction\",\"target\":{\"@type\":\"EntryPoint\",\"urlTemplate\":\"https:\/\/www.it-robotics.com\/?s={search_term_string}\"},\"query-input\":{\"@type\":\"PropertyValueSpecification\",\"valueRequired\":true,\"valueName\":\"search_term_string\"}}],\"inLanguage\":\"de\"}]}<\/script>\n<!-- \/ Yoast SEO plugin. -->","yoast_head_json":{"title":"QUALIT\u00c4TSPOLITIK - it Robotics","description":"Aviso legal de la web www.it-robotics.com empresa de ingenier\u00eda especializada en Rob\u00f3tica Industrial.","robots":{"index":"index","follow":"follow","max-snippet":"max-snippet:-1","max-image-preview":"max-image-preview:large","max-video-preview":"max-video-preview:-1"},"canonical":"https:\/\/www.it-robotics.com\/de\/qualitaetspolitik\/","og_locale":"de_DE","og_type":"article","og_title":"QUALIT\u00c4TSPOLITIK - it Robotics","og_description":"Aviso legal de la web www.it-robotics.com empresa de ingenier\u00eda especializada en Rob\u00f3tica Industrial.","og_url":"https:\/\/www.it-robotics.com\/de\/qualitaetspolitik\/","og_site_name":"it Robotics","article_publisher":"https:\/\/www.facebook.com\/IT-Robotics-145862368820931\/","article_modified_time":"2021-10-13T14:34:43+00:00","twitter_card":"summary_large_image","twitter_misc":{"Gesch\u00e4tzte Lesezeit":"2\u00a0Minuten"},"schema":{"@context":"https:\/\/schema.org","@graph":[{"@type":"WebPage","@id":"https:\/\/www.it-robotics.com\/de\/qualitaetspolitik\/","url":"https:\/\/www.it-robotics.com\/de\/qualitaetspolitik\/","name":"QUALIT\u00c4TSPOLITIK - it Robotics","isPartOf":{"@id":"https:\/\/www.it-robotics.com\/#website"},"datePublished":"2020-05-29T21:19:07+00:00","dateModified":"2021-10-13T14:34:43+00:00","description":"Aviso legal de la web www.it-robotics.com empresa de ingenier\u00eda especializada en Rob\u00f3tica Industrial.","breadcrumb":{"@id":"https:\/\/www.it-robotics.com\/de\/qualitaetspolitik\/#breadcrumb"},"inLanguage":"de","potentialAction":[{"@type":"ReadAction","target":["https:\/\/www.it-robotics.com\/de\/qualitaetspolitik\/"]}]},{"@type":"BreadcrumbList","@id":"https:\/\/www.it-robotics.com\/de\/qualitaetspolitik\/#breadcrumb","itemListElement":[{"@type":"ListItem","position":1,"name":"Home","item":"https:\/\/www.it-robotics.com\/de\/"},{"@type":"ListItem","position":2,"name":"QUALIT\u00c4TSPOLITIK"}]},{"@type":"WebSite","@id":"https:\/\/www.it-robotics.com\/#website","url":"https:\/\/www.it-robotics.com\/","name":"it Robotics","description":"Automatizaci\u00f3n y rob\u00f3tica industrial","potentialAction":[{"@type":"SearchAction","target":{"@type":"EntryPoint","urlTemplate":"https:\/\/www.it-robotics.com\/?s={search_term_string}"},"query-input":{"@type":"PropertyValueSpecification","valueRequired":true,"valueName":"search_term_string"}}],"inLanguage":"de"}]}},"_links":{"self":[{"href":"https:\/\/www.it-robotics.com\/de\/wp-json\/wp\/v2\/pages\/3033","targetHints":{"allow":["GET"]}}],"collection":[{"href":"https:\/\/www.it-robotics.com\/de\/wp-json\/wp\/v2\/pages"}],"about":[{"href":"https:\/\/www.it-robotics.com\/de\/wp-json\/wp\/v2\/types\/page"}],"author":[{"embeddable":true,"href":"https:\/\/www.it-robotics.com\/de\/wp-json\/wp\/v2\/users\/1"}],"replies":[{"embeddable":true,"href":"https:\/\/www.it-robotics.com\/de\/wp-json\/wp\/v2\/comments?post=3033"}],"version-history":[{"count":5,"href":"https:\/\/www.it-robotics.com\/de\/wp-json\/wp\/v2\/pages\/3033\/revisions"}],"predecessor-version":[{"id":3082,"href":"https:\/\/www.it-robotics.com\/de\/wp-json\/wp\/v2\/pages\/3033\/revisions\/3082"}],"wp:attachment":[{"href":"https:\/\/www.it-robotics.com\/de\/wp-json\/wp\/v2\/media?parent=3033"}],"curies":[{"name":"wp","href":"https:\/\/api.w.org\/{rel}","templated":true}]}}