{"id":2095,"date":"2016-09-09T10:39:24","date_gmt":"2016-09-09T10:39:24","guid":{"rendered":"http:\/\/www.it-robotics.com\/de\/anwendungen\/metal\/plegado-de-chapa\/"},"modified":"2016-10-14T16:23:35","modified_gmt":"2016-10-14T16:23:35","slug":"biegung","status":"publish","type":"page","link":"https:\/\/www.it-robotics.com\/de\/anwendungen\/metall\/biegung\/","title":{"rendered":"Biegung"},"content":{"rendered":"<div id=\"pl-2095\"  class=\"panel-layout\" ><div id=\"pg-2095-0\"  class=\"panel-grid panel-no-style\" ><div id=\"pgc-2095-0-0\"  class=\"panel-grid-cell\" ><div id=\"panel-2095-0-0-0\" class=\"so-panel widget widget_sow-editor panel-first-child\" data-index=\"0\" ><div\n\t\t\t\n\t\t\tclass=\"so-widget-sow-editor so-widget-sow-editor-base\"\n\t\t\t\n\t\t>\n<div class=\"siteorigin-widget-tinymce textwidget\">\n\t<h2>ANWENDUNGEN ZUR BIEGUNG VON BLECH:<\/h2>\n<p>Die robotisierten Anwendungen zum Biegen von Blech sind in der Metallindustrie weit verbreitet. Ein mit der <strong>Blechbiegemaschine synchronisierter<\/strong> Industrieroboter k\u00fcmmert sich um die Zuf\u00fchrung des Blechs, unterst\u00fctzt und \u00fcberwacht die Faltvorg\u00e4nge und entnimmt die fertigen Teile.  Diese Anwendungen k\u00f6nnen verschiedene Optionen enthalten: <strong>automatisierte <\/strong><strong>Zuf\u00fchrung<\/strong> von Blech, <strong>Abscheider und Dickemessung , Zentrierung<\/strong> der Bleche,<strong>Seitenwechsel <\/strong>zum positiven und negativen Biegen, Roboter auf <strong>servogesteuerter Schiene <\/strong>, Tandemroboter, u.s.w.<br \/>\nEinige Anwendungen zum Biegen von <strong>it Robotics:<\/strong><\/p>\n<h3>ROBOTISIERTE ANWENDUNG ZUM BIEGEN, MIT AUTOMATISCHER ZUF\u00dcHRUNG VON BLECH, SEITENWECHSEL UND ROBOTER AUF SERVOGESTEUERTER SCHIENE.<\/h3>\n<\/div>\n<\/div><\/div><div id=\"panel-2095-0-0-1\" class=\"so-panel widget widget_sow-image-grid\" data-index=\"1\" ><div\n\t\t\t\n\t\t\tclass=\"so-widget-sow-image-grid so-widget-sow-image-grid-default-fd6f3c75783d-2095\"\n\t\t\t\n\t\t>\t<div\n\t\tclass=\"sow-image-grid-wrapper\"\n\t\tdata-max-width=\"350\"\t\tdata-max-height=\"350\"\t>\n\t\t\t\t\t<div class=\"sow-image-grid-image\">\n\t\t\t\t\t\t\t\t\t\t\t\t<img loading=\"lazy\" decoding=\"async\" width=\"800\" height=\"600\" src=\"https:\/\/www.it-robotics.com\/media\/it-robotics-aplicaciones-metal-plegado-.jpg\" class=\"sow-image-grid-image_html\" alt=\"\" title=\"it-robotics - aplicaciones metal - plegado\" srcset=\"https:\/\/www.it-robotics.com\/media\/it-robotics-aplicaciones-metal-plegado-.jpg 800w, https:\/\/www.it-robotics.com\/media\/it-robotics-aplicaciones-metal-plegado--300x225.jpg 300w\" sizes=\"auto, (max-width: 800px) 100vw, 800px\" \/>\t\t\t\t\t\t\t\t\t\t\t<\/div>\n\t\t\t\t\t<div class=\"sow-image-grid-image\">\n\t\t\t\t\t\t\t\t\t\t\t\t<img loading=\"lazy\" decoding=\"async\" width=\"800\" height=\"599\" src=\"https:\/\/www.it-robotics.com\/media\/it-robotics-aplicaciones-metal-plegado-2.jpg\" class=\"sow-image-grid-image_html\" alt=\"\" title=\"it-robotics - aplicaciones metal - plegado\" srcset=\"https:\/\/www.it-robotics.com\/media\/it-robotics-aplicaciones-metal-plegado-2.jpg 800w, https:\/\/www.it-robotics.com\/media\/it-robotics-aplicaciones-metal-plegado-2-300x225.jpg 300w\" sizes=\"auto, (max-width: 800px) 100vw, 800px\" \/>\t\t\t\t\t\t\t\t\t\t\t<\/div>\n\t\t\t\t\t<div class=\"sow-image-grid-image\">\n\t\t\t\t\t\t\t\t\t\t\t\t<img loading=\"lazy\" decoding=\"async\" width=\"800\" height=\"600\" src=\"https:\/\/www.it-robotics.com\/media\/it-robotics-aplicaciones-metal-plegado-3.jpg\" class=\"sow-image-grid-image_html\" alt=\"\" title=\"it-robotics - aplicaciones metal - plegado\" srcset=\"https:\/\/www.it-robotics.com\/media\/it-robotics-aplicaciones-metal-plegado-3.jpg 800w, https:\/\/www.it-robotics.com\/media\/it-robotics-aplicaciones-metal-plegado-3-300x225.jpg 300w\" sizes=\"auto, (max-width: 800px) 100vw, 800px\" \/>\t\t\t\t\t\t\t\t\t\t\t<\/div>\n\t\t\t\t\t<div class=\"sow-image-grid-image\">\n\t\t\t\t\t\t\t\t\t\t\t\t<img loading=\"lazy\" decoding=\"async\" width=\"800\" height=\"600\" src=\"https:\/\/www.it-robotics.com\/media\/it-robotics-aplicaciones-metal-plegado-4.jpg\" class=\"sow-image-grid-image_html\" alt=\"\" title=\"it-robotics - aplicaciones metal - plegado\" srcset=\"https:\/\/www.it-robotics.com\/media\/it-robotics-aplicaciones-metal-plegado-4.jpg 800w, https:\/\/www.it-robotics.com\/media\/it-robotics-aplicaciones-metal-plegado-4-300x225.jpg 300w\" sizes=\"auto, (max-width: 800px) 100vw, 800px\" \/>\t\t\t\t\t\t\t\t\t\t\t<\/div>\n\t\t\t\t\t<div class=\"sow-image-grid-image\">\n\t\t\t\t\t\t\t\t\t\t\t\t<img loading=\"lazy\" decoding=\"async\" width=\"800\" height=\"600\" src=\"https:\/\/www.it-robotics.com\/media\/it-robotics-aplicaciones-metal-plegado-5.jpg\" class=\"sow-image-grid-image_html\" alt=\"\" title=\"it-robotics - aplicaciones metal - plegado\" srcset=\"https:\/\/www.it-robotics.com\/media\/it-robotics-aplicaciones-metal-plegado-5.jpg 800w, https:\/\/www.it-robotics.com\/media\/it-robotics-aplicaciones-metal-plegado-5-300x225.jpg 300w\" sizes=\"auto, (max-width: 800px) 100vw, 800px\" \/>\t\t\t\t\t\t\t\t\t\t\t<\/div>\n\t\t\t<\/div>\n<\/div><\/div><div id=\"panel-2095-0-0-2\" class=\"so-panel widget widget_sow-editor\" data-index=\"2\" ><div\n\t\t\t\n\t\t\tclass=\"so-widget-sow-editor so-widget-sow-editor-base\"\n\t\t\t\n\t\t>\n<div class=\"siteorigin-widget-tinymce textwidget\">\n\t<h3>ROBOTISIERTE ANWENDUNG ZUM BIEGEN, MIT ZENTRIERUNG DER BLECHE UND SEITENWECHSEL.<\/h3>\n<\/div>\n<\/div><\/div><div id=\"panel-2095-0-0-3\" class=\"so-panel widget widget_sow-image-grid\" data-index=\"3\" ><div\n\t\t\t\n\t\t\tclass=\"so-widget-sow-image-grid so-widget-sow-image-grid-default-fd6f3c75783d-2095\"\n\t\t\t\n\t\t>\t<div\n\t\tclass=\"sow-image-grid-wrapper\"\n\t\tdata-max-width=\"350\"\t\tdata-max-height=\"350\"\t>\n\t\t\t\t\t<div class=\"sow-image-grid-image\">\n\t\t\t\t\t\t\t\t\t\t\t\t<img loading=\"lazy\" decoding=\"async\" width=\"800\" height=\"600\" src=\"https:\/\/www.it-robotics.com\/media\/it-robotics-aplicaciones-metal-plegado-fre.jpg\" class=\"sow-image-grid-image_html\" alt=\"\" title=\"it-robotics - aplicaciones metal - plegado fre\" srcset=\"https:\/\/www.it-robotics.com\/media\/it-robotics-aplicaciones-metal-plegado-fre.jpg 800w, https:\/\/www.it-robotics.com\/media\/it-robotics-aplicaciones-metal-plegado-fre-300x225.jpg 300w\" sizes=\"auto, (max-width: 800px) 100vw, 800px\" \/>\t\t\t\t\t\t\t\t\t\t\t<\/div>\n\t\t\t\t\t<div class=\"sow-image-grid-image\">\n\t\t\t\t\t\t\t\t\t\t\t\t<img loading=\"lazy\" decoding=\"async\" width=\"798\" height=\"600\" src=\"https:\/\/www.it-robotics.com\/media\/it-robotics-aplicaciones-metal-plegado-fre1.jpg\" class=\"sow-image-grid-image_html\" alt=\"\" title=\"it-robotics - aplicaciones metal - plegado fre\" srcset=\"https:\/\/www.it-robotics.com\/media\/it-robotics-aplicaciones-metal-plegado-fre1.jpg 798w, https:\/\/www.it-robotics.com\/media\/it-robotics-aplicaciones-metal-plegado-fre1-300x226.jpg 300w\" sizes=\"auto, (max-width: 798px) 100vw, 798px\" \/>\t\t\t\t\t\t\t\t\t\t\t<\/div>\n\t\t\t\t\t<div class=\"sow-image-grid-image\">\n\t\t\t\t\t\t\t\t\t\t\t\t<img loading=\"lazy\" decoding=\"async\" width=\"800\" height=\"600\" src=\"https:\/\/www.it-robotics.com\/media\/it-robotics-aplicaciones-metal-plegado-fre2.jpg\" class=\"sow-image-grid-image_html\" alt=\"\" title=\"it-robotics - aplicaciones metal - plegado fre\" srcset=\"https:\/\/www.it-robotics.com\/media\/it-robotics-aplicaciones-metal-plegado-fre2.jpg 800w, https:\/\/www.it-robotics.com\/media\/it-robotics-aplicaciones-metal-plegado-fre2-300x225.jpg 300w\" sizes=\"auto, (max-width: 800px) 100vw, 800px\" \/>\t\t\t\t\t\t\t\t\t\t\t<\/div>\n\t\t\t\t\t<div class=\"sow-image-grid-image\">\n\t\t\t\t\t\t\t\t\t\t\t\t<img loading=\"lazy\" decoding=\"async\" width=\"797\" height=\"600\" src=\"https:\/\/www.it-robotics.com\/media\/it-robotics-aplicaciones-metal-plegado-fre4.jpg\" class=\"sow-image-grid-image_html\" alt=\"\" title=\"it-robotics - aplicaciones metal - plegado fre\" srcset=\"https:\/\/www.it-robotics.com\/media\/it-robotics-aplicaciones-metal-plegado-fre4.jpg 797w, https:\/\/www.it-robotics.com\/media\/it-robotics-aplicaciones-metal-plegado-fre4-300x226.jpg 300w\" sizes=\"auto, (max-width: 797px) 100vw, 797px\" \/>\t\t\t\t\t\t\t\t\t\t\t<\/div>\n\t\t\t<\/div>\n<\/div><\/div><div id=\"panel-2095-0-0-4\" class=\"so-panel widget widget_sow-editor\" data-index=\"4\" ><div\n\t\t\t\n\t\t\tclass=\"so-widget-sow-editor so-widget-sow-editor-base\"\n\t\t\t\n\t\t>\n<div class=\"siteorigin-widget-tinymce textwidget\">\n\t<br \/>\n<h3>ANWENDUNG ZUM BIEGEN MIT 2 SYNCHRON ARBEITENDEN ROBOTERN AUF EINER SERVOGESTEUERTEN SCHIENE.<\/h3>\n<\/div>\n<\/div><\/div><div id=\"panel-2095-0-0-5\" class=\"so-panel widget widget_sow-image-grid\" data-index=\"5\" ><div\n\t\t\t\n\t\t\tclass=\"so-widget-sow-image-grid so-widget-sow-image-grid-default-fd6f3c75783d-2095\"\n\t\t\t\n\t\t>\t<div\n\t\tclass=\"sow-image-grid-wrapper\"\n\t\tdata-max-width=\"350\"\t\tdata-max-height=\"350\"\t>\n\t\t\t\t\t<div class=\"sow-image-grid-image\">\n\t\t\t\t\t\t\t\t\t\t\t\t<img loading=\"lazy\" decoding=\"async\" width=\"800\" height=\"600\" src=\"https:\/\/www.it-robotics.com\/media\/it-robotics-aplicaciones-metal-plegado-hyt.jpg\" class=\"sow-image-grid-image_html\" alt=\"\" title=\"it-robotics - aplicaciones metal - plegado hyt\" srcset=\"https:\/\/www.it-robotics.com\/media\/it-robotics-aplicaciones-metal-plegado-hyt.jpg 800w, https:\/\/www.it-robotics.com\/media\/it-robotics-aplicaciones-metal-plegado-hyt-300x225.jpg 300w\" sizes=\"auto, (max-width: 800px) 100vw, 800px\" \/>\t\t\t\t\t\t\t\t\t\t\t<\/div>\n\t\t\t\t\t<div class=\"sow-image-grid-image\">\n\t\t\t\t\t\t\t\t\t\t\t\t<img loading=\"lazy\" decoding=\"async\" width=\"798\" height=\"600\" src=\"https:\/\/www.it-robotics.com\/media\/it-robotics-aplicaciones-metal-plegado-hyt1.jpg\" class=\"sow-image-grid-image_html\" alt=\"\" title=\"it-robotics - aplicaciones metal - plegado hyt\" srcset=\"https:\/\/www.it-robotics.com\/media\/it-robotics-aplicaciones-metal-plegado-hyt1.jpg 798w, https:\/\/www.it-robotics.com\/media\/it-robotics-aplicaciones-metal-plegado-hyt1-300x226.jpg 300w\" sizes=\"auto, (max-width: 798px) 100vw, 798px\" \/>\t\t\t\t\t\t\t\t\t\t\t<\/div>\n\t\t\t\t\t<div class=\"sow-image-grid-image\">\n\t\t\t\t\t\t\t\t\t\t\t\t<img loading=\"lazy\" decoding=\"async\" width=\"800\" height=\"600\" src=\"https:\/\/www.it-robotics.com\/media\/it-robotics-aplicaciones-metal-plegado-hyt2.jpg\" class=\"sow-image-grid-image_html\" alt=\"\" title=\"it-robotics - aplicaciones metal - plegado hyt\" srcset=\"https:\/\/www.it-robotics.com\/media\/it-robotics-aplicaciones-metal-plegado-hyt2.jpg 800w, https:\/\/www.it-robotics.com\/media\/it-robotics-aplicaciones-metal-plegado-hyt2-300x225.jpg 300w\" sizes=\"auto, (max-width: 800px) 100vw, 800px\" \/>\t\t\t\t\t\t\t\t\t\t\t<\/div>\n\t\t\t\t\t<div class=\"sow-image-grid-image\">\n\t\t\t\t\t\t\t\t\t\t\t\t<img loading=\"lazy\" decoding=\"async\" width=\"800\" height=\"600\" src=\"https:\/\/www.it-robotics.com\/media\/it-robotics-aplicaciones-metal-plegado-hyt3.jpg\" class=\"sow-image-grid-image_html\" alt=\"\" title=\"it-robotics - aplicaciones metal - plegado hyt\" srcset=\"https:\/\/www.it-robotics.com\/media\/it-robotics-aplicaciones-metal-plegado-hyt3.jpg 800w, https:\/\/www.it-robotics.com\/media\/it-robotics-aplicaciones-metal-plegado-hyt3-300x225.jpg 300w\" sizes=\"auto, (max-width: 800px) 100vw, 800px\" \/>\t\t\t\t\t\t\t\t\t\t\t<\/div>\n\t\t\t<\/div>\n<\/div><\/div><div id=\"panel-2095-0-0-6\" class=\"so-panel widget widget_sow-editor\" data-index=\"6\" ><div\n\t\t\t\n\t\t\tclass=\"so-widget-sow-editor so-widget-sow-editor-base\"\n\t\t\t\n\t\t>\n<div class=\"siteorigin-widget-tinymce textwidget\">\n\t<h3> ANWENDUNG ZUM BIEGEN VON VERSCHIEDENEN TEILEN GERINGER GR\u00d6SSE.<\/h3>\n<\/div>\n<\/div><\/div><div id=\"panel-2095-0-0-7\" class=\"so-panel widget widget_sow-image-grid panel-last-child\" data-index=\"7\" ><div\n\t\t\t\n\t\t\tclass=\"so-widget-sow-image-grid so-widget-sow-image-grid-default-fd6f3c75783d-2095\"\n\t\t\t\n\t\t>\t<div\n\t\tclass=\"sow-image-grid-wrapper\"\n\t\tdata-max-width=\"350\"\t\tdata-max-height=\"350\"\t>\n\t\t\t\t\t<div class=\"sow-image-grid-image\">\n\t\t\t\t\t\t\t\t\t\t\t\t<img loading=\"lazy\" decoding=\"async\" width=\"800\" height=\"450\" src=\"https:\/\/www.it-robotics.com\/media\/it-robotics-aplicaciones-metal-plegado-pan.jpg\" class=\"sow-image-grid-image_html\" alt=\"\" title=\"it-robotics - aplicaciones metal - plegado pan\" srcset=\"https:\/\/www.it-robotics.com\/media\/it-robotics-aplicaciones-metal-plegado-pan.jpg 800w, https:\/\/www.it-robotics.com\/media\/it-robotics-aplicaciones-metal-plegado-pan-300x169.jpg 300w\" sizes=\"auto, (max-width: 800px) 100vw, 800px\" \/>\t\t\t\t\t\t\t\t\t\t\t<\/div>\n\t\t\t\t\t<div class=\"sow-image-grid-image\">\n\t\t\t\t\t\t\t\t\t\t\t\t<img loading=\"lazy\" decoding=\"async\" width=\"800\" height=\"450\" src=\"https:\/\/www.it-robotics.com\/media\/it-robotics-aplicaciones-metal-plegado-pan1.jpg\" class=\"sow-image-grid-image_html\" alt=\"\" title=\"it-robotics - aplicaciones metal - plegado pan\" srcset=\"https:\/\/www.it-robotics.com\/media\/it-robotics-aplicaciones-metal-plegado-pan1.jpg 800w, https:\/\/www.it-robotics.com\/media\/it-robotics-aplicaciones-metal-plegado-pan1-300x169.jpg 300w\" sizes=\"auto, (max-width: 800px) 100vw, 800px\" \/>\t\t\t\t\t\t\t\t\t\t\t<\/div>\n\t\t\t\t\t<div class=\"sow-image-grid-image\">\n\t\t\t\t\t\t\t\t\t\t\t\t<img loading=\"lazy\" decoding=\"async\" width=\"800\" height=\"450\" src=\"https:\/\/www.it-robotics.com\/media\/it-robotics-aplicaciones-metal-plegado-pan2.jpg\" class=\"sow-image-grid-image_html\" alt=\"\" title=\"it-robotics - aplicaciones metal - plegado pan\" srcset=\"https:\/\/www.it-robotics.com\/media\/it-robotics-aplicaciones-metal-plegado-pan2.jpg 800w, https:\/\/www.it-robotics.com\/media\/it-robotics-aplicaciones-metal-plegado-pan2-300x169.jpg 300w\" sizes=\"auto, (max-width: 800px) 100vw, 800px\" \/>\t\t\t\t\t\t\t\t\t\t\t<\/div>\n\t\t\t\t\t<div class=\"sow-image-grid-image\">\n\t\t\t\t\t\t\t\t\t\t\t\t<img loading=\"lazy\" decoding=\"async\" width=\"800\" height=\"450\" src=\"https:\/\/www.it-robotics.com\/media\/it-robotics-aplicaciones-metal-plegado-pan3.jpg\" class=\"sow-image-grid-image_html\" alt=\"\" title=\"it-robotics - aplicaciones metal - plegado pan\" srcset=\"https:\/\/www.it-robotics.com\/media\/it-robotics-aplicaciones-metal-plegado-pan3.jpg 800w, https:\/\/www.it-robotics.com\/media\/it-robotics-aplicaciones-metal-plegado-pan3-300x169.jpg 300w\" sizes=\"auto, (max-width: 800px) 100vw, 800px\" \/>\t\t\t\t\t\t\t\t\t\t\t<\/div>\n\t\t\t<\/div>\n<\/div><\/div><\/div><\/div><\/div>","protected":false},"excerpt":{"rendered":"<p>ANWENDUNGEN ZUR BIEGUNG VON BLECH: Die robotisierten Anwendungen zum Biegen von Blech sind in der Metallindustrie weit verbreitet. Ein mit der Blechbiegemaschine synchronisierter Industrieroboter k\u00fcmmert sich um die Zuf\u00fchrung des Blechs, unterst\u00fctzt und \u00fcberwacht die Faltvorg\u00e4nge und entnimmt die fertigen Teile. Diese Anwendungen k\u00f6nnen verschiedene Optionen enthalten: automatisierte Zuf\u00fchrung von Blech, Abscheider und Dickemessung , [&hellip;]<\/p>\n","protected":false},"author":1,"featured_media":1553,"parent":2087,"menu_order":0,"comment_status":"closed","ping_status":"closed","template":"","meta":{"footnotes":""},"class_list":["post-2095","page","type-page","status-publish","has-post-thumbnail","hentry"],"yoast_head":"<!-- This site is optimized with the Yoast SEO plugin v26.7 - https:\/\/yoast.com\/wordpress\/plugins\/seo\/ -->\n<title>Biegung - Industrierobotik - it Robotics<\/title>\n<meta name=\"description\" content=\"Die robotisierten Anwendungen zum Biegen von Blech sind in der Metallindustrie weit verbreitet.\" \/>\n<meta name=\"robots\" content=\"index, follow, max-snippet:-1, max-image-preview:large, max-video-preview:-1\" \/>\n<link rel=\"canonical\" href=\"https:\/\/www.it-robotics.com\/de\/anwendungen\/metall\/biegung\/\" \/>\n<meta property=\"og:locale\" content=\"de_DE\" \/>\n<meta property=\"og:type\" content=\"article\" \/>\n<meta property=\"og:title\" content=\"Biegung - Industrierobotik - it Robotics\" \/>\n<meta property=\"og:description\" content=\"Die robotisierten Anwendungen zum Biegen von Blech sind in der Metallindustrie weit verbreitet.\" \/>\n<meta property=\"og:url\" content=\"https:\/\/www.it-robotics.com\/de\/anwendungen\/metall\/biegung\/\" \/>\n<meta property=\"og:site_name\" content=\"it Robotics\" \/>\n<meta property=\"article:publisher\" content=\"https:\/\/www.facebook.com\/IT-Robotics-145862368820931\/\" \/>\n<meta property=\"article:modified_time\" content=\"2016-10-14T16:23:35+00:00\" \/>\n<meta property=\"og:image\" content=\"https:\/\/www.it-robotics.com\/media\/it-robotics-aplicaciones-metal-plegado.jpg\" \/>\n\t<meta property=\"og:image:width\" content=\"800\" \/>\n\t<meta property=\"og:image:height\" content=\"455\" \/>\n\t<meta property=\"og:image:type\" content=\"image\/jpeg\" \/>\n<meta name=\"twitter:card\" content=\"summary_large_image\" \/>\n<meta name=\"twitter:label1\" content=\"Gesch\u00e4tzte Lesezeit\" \/>\n\t<meta name=\"twitter:data1\" content=\"1\u00a0Minute\" \/>\n<script type=\"application\/ld+json\" class=\"yoast-schema-graph\">{\"@context\":\"https:\/\/schema.org\",\"@graph\":[{\"@type\":\"WebPage\",\"@id\":\"https:\/\/www.it-robotics.com\/de\/anwendungen\/metall\/biegung\/\",\"url\":\"https:\/\/www.it-robotics.com\/de\/anwendungen\/metall\/biegung\/\",\"name\":\"Biegung - Industrierobotik - it Robotics\",\"isPartOf\":{\"@id\":\"https:\/\/www.it-robotics.com\/#website\"},\"primaryImageOfPage\":{\"@id\":\"https:\/\/www.it-robotics.com\/de\/anwendungen\/metall\/biegung\/#primaryimage\"},\"image\":{\"@id\":\"https:\/\/www.it-robotics.com\/de\/anwendungen\/metall\/biegung\/#primaryimage\"},\"thumbnailUrl\":\"https:\/\/www.it-robotics.com\/media\/it-robotics-aplicaciones-metal-plegado.jpg\",\"datePublished\":\"2016-09-09T10:39:24+00:00\",\"dateModified\":\"2016-10-14T16:23:35+00:00\",\"description\":\"Die robotisierten Anwendungen zum Biegen von Blech sind in der Metallindustrie weit verbreitet.\",\"breadcrumb\":{\"@id\":\"https:\/\/www.it-robotics.com\/de\/anwendungen\/metall\/biegung\/#breadcrumb\"},\"inLanguage\":\"de\",\"potentialAction\":[{\"@type\":\"ReadAction\",\"target\":[\"https:\/\/www.it-robotics.com\/de\/anwendungen\/metall\/biegung\/\"]}]},{\"@type\":\"ImageObject\",\"inLanguage\":\"de\",\"@id\":\"https:\/\/www.it-robotics.com\/de\/anwendungen\/metall\/biegung\/#primaryimage\",\"url\":\"https:\/\/www.it-robotics.com\/media\/it-robotics-aplicaciones-metal-plegado.jpg\",\"contentUrl\":\"https:\/\/www.it-robotics.com\/media\/it-robotics-aplicaciones-metal-plegado.jpg\",\"width\":800,\"height\":455,\"caption\":\"it-robotics-aplicaciones-metal-plegado\"},{\"@type\":\"BreadcrumbList\",\"@id\":\"https:\/\/www.it-robotics.com\/de\/anwendungen\/metall\/biegung\/#breadcrumb\",\"itemListElement\":[{\"@type\":\"ListItem\",\"position\":1,\"name\":\"Home\",\"item\":\"https:\/\/www.it-robotics.com\/de\/\"},{\"@type\":\"ListItem\",\"position\":2,\"name\":\"Anwendungen\",\"item\":\"https:\/\/www.it-robotics.com\/de\/anwendungen\/\"},{\"@type\":\"ListItem\",\"position\":3,\"name\":\"Metall\",\"item\":\"https:\/\/www.it-robotics.com\/de\/anwendungen\/metall\/\"},{\"@type\":\"ListItem\",\"position\":4,\"name\":\"Biegung\"}]},{\"@type\":\"WebSite\",\"@id\":\"https:\/\/www.it-robotics.com\/#website\",\"url\":\"https:\/\/www.it-robotics.com\/\",\"name\":\"it Robotics\",\"description\":\"Automatizaci\u00f3n y rob\u00f3tica industrial\",\"potentialAction\":[{\"@type\":\"SearchAction\",\"target\":{\"@type\":\"EntryPoint\",\"urlTemplate\":\"https:\/\/www.it-robotics.com\/?s={search_term_string}\"},\"query-input\":{\"@type\":\"PropertyValueSpecification\",\"valueRequired\":true,\"valueName\":\"search_term_string\"}}],\"inLanguage\":\"de\"}]}<\/script>\n<!-- \/ Yoast SEO plugin. -->","yoast_head_json":{"title":"Biegung - Industrierobotik - it Robotics","description":"Die robotisierten Anwendungen zum Biegen von Blech sind in der Metallindustrie weit verbreitet.","robots":{"index":"index","follow":"follow","max-snippet":"max-snippet:-1","max-image-preview":"max-image-preview:large","max-video-preview":"max-video-preview:-1"},"canonical":"https:\/\/www.it-robotics.com\/de\/anwendungen\/metall\/biegung\/","og_locale":"de_DE","og_type":"article","og_title":"Biegung - Industrierobotik - it Robotics","og_description":"Die robotisierten Anwendungen zum Biegen von Blech sind in der Metallindustrie weit verbreitet.","og_url":"https:\/\/www.it-robotics.com\/de\/anwendungen\/metall\/biegung\/","og_site_name":"it Robotics","article_publisher":"https:\/\/www.facebook.com\/IT-Robotics-145862368820931\/","article_modified_time":"2016-10-14T16:23:35+00:00","og_image":[{"width":800,"height":455,"url":"https:\/\/www.it-robotics.com\/media\/it-robotics-aplicaciones-metal-plegado.jpg","type":"image\/jpeg"}],"twitter_card":"summary_large_image","twitter_misc":{"Gesch\u00e4tzte Lesezeit":"1\u00a0Minute"},"schema":{"@context":"https:\/\/schema.org","@graph":[{"@type":"WebPage","@id":"https:\/\/www.it-robotics.com\/de\/anwendungen\/metall\/biegung\/","url":"https:\/\/www.it-robotics.com\/de\/anwendungen\/metall\/biegung\/","name":"Biegung - Industrierobotik - it Robotics","isPartOf":{"@id":"https:\/\/www.it-robotics.com\/#website"},"primaryImageOfPage":{"@id":"https:\/\/www.it-robotics.com\/de\/anwendungen\/metall\/biegung\/#primaryimage"},"image":{"@id":"https:\/\/www.it-robotics.com\/de\/anwendungen\/metall\/biegung\/#primaryimage"},"thumbnailUrl":"https:\/\/www.it-robotics.com\/media\/it-robotics-aplicaciones-metal-plegado.jpg","datePublished":"2016-09-09T10:39:24+00:00","dateModified":"2016-10-14T16:23:35+00:00","description":"Die robotisierten Anwendungen zum Biegen von Blech sind in der Metallindustrie weit verbreitet.","breadcrumb":{"@id":"https:\/\/www.it-robotics.com\/de\/anwendungen\/metall\/biegung\/#breadcrumb"},"inLanguage":"de","potentialAction":[{"@type":"ReadAction","target":["https:\/\/www.it-robotics.com\/de\/anwendungen\/metall\/biegung\/"]}]},{"@type":"ImageObject","inLanguage":"de","@id":"https:\/\/www.it-robotics.com\/de\/anwendungen\/metall\/biegung\/#primaryimage","url":"https:\/\/www.it-robotics.com\/media\/it-robotics-aplicaciones-metal-plegado.jpg","contentUrl":"https:\/\/www.it-robotics.com\/media\/it-robotics-aplicaciones-metal-plegado.jpg","width":800,"height":455,"caption":"it-robotics-aplicaciones-metal-plegado"},{"@type":"BreadcrumbList","@id":"https:\/\/www.it-robotics.com\/de\/anwendungen\/metall\/biegung\/#breadcrumb","itemListElement":[{"@type":"ListItem","position":1,"name":"Home","item":"https:\/\/www.it-robotics.com\/de\/"},{"@type":"ListItem","position":2,"name":"Anwendungen","item":"https:\/\/www.it-robotics.com\/de\/anwendungen\/"},{"@type":"ListItem","position":3,"name":"Metall","item":"https:\/\/www.it-robotics.com\/de\/anwendungen\/metall\/"},{"@type":"ListItem","position":4,"name":"Biegung"}]},{"@type":"WebSite","@id":"https:\/\/www.it-robotics.com\/#website","url":"https:\/\/www.it-robotics.com\/","name":"it Robotics","description":"Automatizaci\u00f3n y rob\u00f3tica industrial","potentialAction":[{"@type":"SearchAction","target":{"@type":"EntryPoint","urlTemplate":"https:\/\/www.it-robotics.com\/?s={search_term_string}"},"query-input":{"@type":"PropertyValueSpecification","valueRequired":true,"valueName":"search_term_string"}}],"inLanguage":"de"}]}},"_links":{"self":[{"href":"https:\/\/www.it-robotics.com\/de\/wp-json\/wp\/v2\/pages\/2095","targetHints":{"allow":["GET"]}}],"collection":[{"href":"https:\/\/www.it-robotics.com\/de\/wp-json\/wp\/v2\/pages"}],"about":[{"href":"https:\/\/www.it-robotics.com\/de\/wp-json\/wp\/v2\/types\/page"}],"author":[{"embeddable":true,"href":"https:\/\/www.it-robotics.com\/de\/wp-json\/wp\/v2\/users\/1"}],"replies":[{"embeddable":true,"href":"https:\/\/www.it-robotics.com\/de\/wp-json\/wp\/v2\/comments?post=2095"}],"version-history":[{"count":2,"href":"https:\/\/www.it-robotics.com\/de\/wp-json\/wp\/v2\/pages\/2095\/revisions"}],"predecessor-version":[{"id":2097,"href":"https:\/\/www.it-robotics.com\/de\/wp-json\/wp\/v2\/pages\/2095\/revisions\/2097"}],"up":[{"embeddable":true,"href":"https:\/\/www.it-robotics.com\/de\/wp-json\/wp\/v2\/pages\/2087"}],"wp:featuredmedia":[{"embeddable":true,"href":"https:\/\/www.it-robotics.com\/de\/wp-json\/wp\/v2\/media\/1553"}],"wp:attachment":[{"href":"https:\/\/www.it-robotics.com\/de\/wp-json\/wp\/v2\/media?parent=2095"}],"curies":[{"name":"wp","href":"https:\/\/api.w.org\/{rel}","templated":true}]}}