{"id":2087,"date":"2016-05-09T13:53:07","date_gmt":"2016-05-09T13:53:07","guid":{"rendered":"http:\/\/www.it-robotics.com\/de\/anwendungen\/metal\/"},"modified":"2016-10-14T16:42:50","modified_gmt":"2016-10-14T16:42:50","slug":"metall","status":"publish","type":"page","link":"https:\/\/www.it-robotics.com\/de\/anwendungen\/metall\/","title":{"rendered":"Metall"},"content":{"rendered":"<div id=\"pl-2087\"  class=\"panel-layout\" ><div id=\"pg-2087-0\"  class=\"panel-grid panel-no-style\" ><div id=\"pgc-2087-0-0\"  class=\"panel-grid-cell\" ><div id=\"panel-2087-0-0-0\" class=\"so-panel widget widget_sow-editor panel-first-child panel-last-child\" data-index=\"0\" ><div\n\t\t\t\n\t\t\tclass=\"so-widget-sow-editor so-widget-sow-editor-base\"\n\t\t\t\n\t\t>\n<div class=\"siteorigin-widget-tinymce textwidget\">\n\t<p>Auch in der\u00a0<strong>Metallindustrie<\/strong>\u00a0kommt die\u00a0<strong>Industrierobotik<\/strong> sehr intensiv zum Einsatz. Zu den h\u00e4ufigsten Roboter - Anwendungen geh\u00f6ren das\u00a0<strong>Schwei\u00dfen<\/strong>\u00a0(MIG, TIG, Widerstand, Plasma, u.s.w.), die\u00a0<strong>Biegung<\/strong>\u00a0von Blech, das\u00a0<strong>Polieren<\/strong>\u00a0von Metallteilen,\u00a0<strong>Bohren<\/strong>,\u00a0<strong>Nieten, Vernagelung,<\/strong>\u00a0u.s.w. <strong>it Robotics<\/strong>\u00a0f\u00f6rdert die Entwicklung dieses Sektors und unterst\u00fctzt mit all seinen, im Laufe der Jahre angesammelten Erfahrungen und Fachkenntnisse in der Entwicklung und Herstellung von Roboterzellen, die all diese genannten Aufgaben ausf\u00fchren.<\/p>\n<h2>\u00a0<\/h2>\n<\/div>\n<\/div><\/div><\/div><\/div><div id=\"pg-2087-1\"  class=\"panel-grid panel-no-style\" ><div id=\"pgc-2087-1-0\"  class=\"panel-grid-cell\" ><div id=\"panel-2087-1-0-0\" class=\"so-panel widget widget_sow-image panel-first-child panel-last-child\" data-index=\"1\" ><div\n\t\t\t\n\t\t\tclass=\"so-widget-sow-image so-widget-sow-image-default-8b5b6f678277-2087\"\n\t\t\t\n\t\t><h3 class=\"widget-title\">Schwei\u00dfen<\/h3>\n<div class=\"sow-image-container\">\n\t\t\t<a href=\"\/de\/anwendungen\/metall\/schweissen\/\"\n\t\t\t\t\t>\n\t\t\t<img \n\tsrc=\"https:\/\/www.it-robotics.com\/media\/it-Robotics-Soldadura.jpg\" width=\"800\" height=\"455\" srcset=\"https:\/\/www.it-robotics.com\/media\/it-Robotics-Soldadura.jpg 800w, https:\/\/www.it-robotics.com\/media\/it-Robotics-Soldadura-300x171.jpg 300w\" sizes=\"(max-width: 800px) 100vw, 800px\" title=\"Schwei\u00dfen\" alt=\"it Robotics - Soldadura\" \t\tclass=\"so-widget-image\"\/>\n\t\t\t<\/a><\/div>\n\n<\/div><\/div><\/div><div id=\"pgc-2087-1-1\"  class=\"panel-grid-cell\" ><div id=\"panel-2087-1-1-0\" class=\"so-panel widget widget_sow-image panel-first-child panel-last-child\" data-index=\"2\" ><div\n\t\t\t\n\t\t\tclass=\"so-widget-sow-image so-widget-sow-image-default-8b5b6f678277-2087\"\n\t\t\t\n\t\t><h3 class=\"widget-title\">Biegung<\/h3>\n<div class=\"sow-image-container\">\n\t\t\t<a href=\"\/de\/anwendungen\/metall\/biegung\/\"\n\t\t\t\t\t>\n\t\t\t<img \n\tsrc=\"https:\/\/www.it-robotics.com\/media\/it-robotics-aplicaciones-metal-plegado.jpg\" width=\"800\" height=\"455\" srcset=\"https:\/\/www.it-robotics.com\/media\/it-robotics-aplicaciones-metal-plegado.jpg 800w, https:\/\/www.it-robotics.com\/media\/it-robotics-aplicaciones-metal-plegado-300x171.jpg 300w\" sizes=\"(max-width: 800px) 100vw, 800px\" title=\"Biegung\" alt=\"it-robotics-aplicaciones-metal-plegado\" \t\tclass=\"so-widget-image\"\/>\n\t\t\t<\/a><\/div>\n\n<\/div><\/div><\/div><\/div><div id=\"pg-2087-2\"  class=\"panel-grid panel-no-style\" ><div id=\"pgc-2087-2-0\"  class=\"panel-grid-cell panel-grid-cell-mobile-last\" ><div id=\"panel-2087-2-0-0\" class=\"so-panel widget widget_sow-image panel-first-child panel-last-child\" data-index=\"3\" ><div\n\t\t\t\n\t\t\tclass=\"so-widget-sow-image so-widget-sow-image-default-8b5b6f678277-2087\"\n\t\t\t\n\t\t><h3 class=\"widget-title\">Polieren, Bohren, Nieten Und Vernageln<\/h3>\n<div class=\"sow-image-container\">\n\t\t\t<a href=\"\/de\/anwendungen\/metall\/polieren-bohren-nieten-und-vernageln\/\"\n\t\t\t\t\t>\n\t\t\t<img \n\tsrc=\"https:\/\/www.it-robotics.com\/media\/it-robotics-aplicaciones-metal-pulido-2-1.jpg\" width=\"800\" height=\"455\" srcset=\"https:\/\/www.it-robotics.com\/media\/it-robotics-aplicaciones-metal-pulido-2-1.jpg 800w, https:\/\/www.it-robotics.com\/media\/it-robotics-aplicaciones-metal-pulido-2-1-300x171.jpg 300w\" sizes=\"(max-width: 800px) 100vw, 800px\" title=\"Polieren, Bohren, Nieten Und Vernageln\" alt=\"it-robotics-aplicaciones-metal-pulido-2\" \t\tclass=\"so-widget-image\"\/>\n\t\t\t<\/a><\/div>\n\n<\/div><\/div><\/div><div id=\"pgc-2087-2-1\"  class=\"panel-grid-cell panel-grid-cell-empty\" ><\/div><\/div><\/div>","protected":false},"excerpt":{"rendered":"<p>Auch in der\u00a0Metallindustrie\u00a0kommt die\u00a0Industrierobotik sehr intensiv zum Einsatz. Zu den h\u00e4ufigsten Roboter &#8211; Anwendungen geh\u00f6ren das\u00a0Schwei\u00dfen\u00a0(MIG, TIG, Widerstand, Plasma, u.s.w.), die\u00a0Biegung\u00a0von Blech, das\u00a0Polieren\u00a0von Metallteilen,\u00a0Bohren,\u00a0Nieten, Vernagelung,\u00a0u.s.w. it Robotics\u00a0f\u00f6rdert die Entwicklung dieses Sektors und unterst\u00fctzt mit all seinen, im Laufe der Jahre angesammelten Erfahrungen und Fachkenntnisse in der Entwicklung und Herstellung von Roboterzellen, die all diese genannten [&hellip;]<\/p>\n","protected":false},"author":1,"featured_media":1548,"parent":2019,"menu_order":0,"comment_status":"closed","ping_status":"closed","template":"","meta":{"footnotes":""},"class_list":["post-2087","page","type-page","status-publish","has-post-thumbnail","hentry"],"yoast_head":"<!-- This site is optimized with the Yoast SEO plugin v26.7 - https:\/\/yoast.com\/wordpress\/plugins\/seo\/ -->\n<title>Industria del metal - Rob\u00f3tica Industrial - it-Robotics<\/title>\n<meta name=\"description\" content=\"En la industria del metal se hace un uso muy intensivo de la rob\u00f3tica industrial. Soldadura, plegado de chapa, pulido de piezas met\u00e1licas, perforado,etc.\" \/>\n<meta name=\"robots\" content=\"index, follow, max-snippet:-1, max-image-preview:large, max-video-preview:-1\" \/>\n<link rel=\"canonical\" href=\"https:\/\/www.it-robotics.com\/de\/anwendungen\/metall\/\" \/>\n<meta property=\"og:locale\" content=\"de_DE\" \/>\n<meta property=\"og:type\" content=\"article\" \/>\n<meta property=\"og:title\" content=\"Industria del metal - Rob\u00f3tica Industrial - it-Robotics\" \/>\n<meta property=\"og:description\" content=\"En la industria del metal se hace un uso muy intensivo de la rob\u00f3tica industrial. Soldadura, plegado de chapa, pulido de piezas met\u00e1licas, perforado,etc.\" \/>\n<meta property=\"og:url\" content=\"https:\/\/www.it-robotics.com\/de\/anwendungen\/metall\/\" \/>\n<meta property=\"og:site_name\" content=\"it Robotics\" \/>\n<meta property=\"article:publisher\" content=\"https:\/\/www.facebook.com\/IT-Robotics-145862368820931\/\" \/>\n<meta property=\"article:modified_time\" content=\"2016-10-14T16:42:50+00:00\" \/>\n<meta property=\"og:image\" content=\"https:\/\/www.it-robotics.com\/media\/Metal-it-Robotics.jpg\" \/>\n\t<meta property=\"og:image:width\" content=\"800\" \/>\n\t<meta property=\"og:image:height\" content=\"455\" \/>\n\t<meta property=\"og:image:type\" content=\"image\/jpeg\" \/>\n<meta name=\"twitter:card\" content=\"summary_large_image\" \/>\n<script type=\"application\/ld+json\" class=\"yoast-schema-graph\">{\"@context\":\"https:\/\/schema.org\",\"@graph\":[{\"@type\":\"WebPage\",\"@id\":\"https:\/\/www.it-robotics.com\/de\/anwendungen\/metall\/\",\"url\":\"https:\/\/www.it-robotics.com\/de\/anwendungen\/metall\/\",\"name\":\"Industria del metal - Rob\u00f3tica Industrial - it-Robotics\",\"isPartOf\":{\"@id\":\"https:\/\/www.it-robotics.com\/#website\"},\"primaryImageOfPage\":{\"@id\":\"https:\/\/www.it-robotics.com\/de\/anwendungen\/metall\/#primaryimage\"},\"image\":{\"@id\":\"https:\/\/www.it-robotics.com\/de\/anwendungen\/metall\/#primaryimage\"},\"thumbnailUrl\":\"https:\/\/www.it-robotics.com\/media\/Metal-it-Robotics.jpg\",\"datePublished\":\"2016-05-09T13:53:07+00:00\",\"dateModified\":\"2016-10-14T16:42:50+00:00\",\"description\":\"En la industria del metal se hace un uso muy intensivo de la rob\u00f3tica industrial. Soldadura, plegado de chapa, pulido de piezas met\u00e1licas, perforado,etc.\",\"breadcrumb\":{\"@id\":\"https:\/\/www.it-robotics.com\/de\/anwendungen\/metall\/#breadcrumb\"},\"inLanguage\":\"de\",\"potentialAction\":[{\"@type\":\"ReadAction\",\"target\":[\"https:\/\/www.it-robotics.com\/de\/anwendungen\/metall\/\"]}]},{\"@type\":\"ImageObject\",\"inLanguage\":\"de\",\"@id\":\"https:\/\/www.it-robotics.com\/de\/anwendungen\/metall\/#primaryimage\",\"url\":\"https:\/\/www.it-robotics.com\/media\/Metal-it-Robotics.jpg\",\"contentUrl\":\"https:\/\/www.it-robotics.com\/media\/Metal-it-Robotics.jpg\",\"width\":800,\"height\":455,\"caption\":\"Metal - it Robotics\"},{\"@type\":\"BreadcrumbList\",\"@id\":\"https:\/\/www.it-robotics.com\/de\/anwendungen\/metall\/#breadcrumb\",\"itemListElement\":[{\"@type\":\"ListItem\",\"position\":1,\"name\":\"Home\",\"item\":\"https:\/\/www.it-robotics.com\/de\/\"},{\"@type\":\"ListItem\",\"position\":2,\"name\":\"Anwendungen\",\"item\":\"https:\/\/www.it-robotics.com\/de\/anwendungen\/\"},{\"@type\":\"ListItem\",\"position\":3,\"name\":\"Metall\"}]},{\"@type\":\"WebSite\",\"@id\":\"https:\/\/www.it-robotics.com\/#website\",\"url\":\"https:\/\/www.it-robotics.com\/\",\"name\":\"it Robotics\",\"description\":\"Automatizaci\u00f3n y rob\u00f3tica industrial\",\"potentialAction\":[{\"@type\":\"SearchAction\",\"target\":{\"@type\":\"EntryPoint\",\"urlTemplate\":\"https:\/\/www.it-robotics.com\/?s={search_term_string}\"},\"query-input\":{\"@type\":\"PropertyValueSpecification\",\"valueRequired\":true,\"valueName\":\"search_term_string\"}}],\"inLanguage\":\"de\"}]}<\/script>\n<!-- \/ Yoast SEO plugin. -->","yoast_head_json":{"title":"Industria del metal - Rob\u00f3tica Industrial - it-Robotics","description":"En la industria del metal se hace un uso muy intensivo de la rob\u00f3tica industrial. Soldadura, plegado de chapa, pulido de piezas met\u00e1licas, perforado,etc.","robots":{"index":"index","follow":"follow","max-snippet":"max-snippet:-1","max-image-preview":"max-image-preview:large","max-video-preview":"max-video-preview:-1"},"canonical":"https:\/\/www.it-robotics.com\/de\/anwendungen\/metall\/","og_locale":"de_DE","og_type":"article","og_title":"Industria del metal - Rob\u00f3tica Industrial - it-Robotics","og_description":"En la industria del metal se hace un uso muy intensivo de la rob\u00f3tica industrial. Soldadura, plegado de chapa, pulido de piezas met\u00e1licas, perforado,etc.","og_url":"https:\/\/www.it-robotics.com\/de\/anwendungen\/metall\/","og_site_name":"it Robotics","article_publisher":"https:\/\/www.facebook.com\/IT-Robotics-145862368820931\/","article_modified_time":"2016-10-14T16:42:50+00:00","og_image":[{"width":800,"height":455,"url":"https:\/\/www.it-robotics.com\/media\/Metal-it-Robotics.jpg","type":"image\/jpeg"}],"twitter_card":"summary_large_image","schema":{"@context":"https:\/\/schema.org","@graph":[{"@type":"WebPage","@id":"https:\/\/www.it-robotics.com\/de\/anwendungen\/metall\/","url":"https:\/\/www.it-robotics.com\/de\/anwendungen\/metall\/","name":"Industria del metal - Rob\u00f3tica Industrial - it-Robotics","isPartOf":{"@id":"https:\/\/www.it-robotics.com\/#website"},"primaryImageOfPage":{"@id":"https:\/\/www.it-robotics.com\/de\/anwendungen\/metall\/#primaryimage"},"image":{"@id":"https:\/\/www.it-robotics.com\/de\/anwendungen\/metall\/#primaryimage"},"thumbnailUrl":"https:\/\/www.it-robotics.com\/media\/Metal-it-Robotics.jpg","datePublished":"2016-05-09T13:53:07+00:00","dateModified":"2016-10-14T16:42:50+00:00","description":"En la industria del metal se hace un uso muy intensivo de la rob\u00f3tica industrial. Soldadura, plegado de chapa, pulido de piezas met\u00e1licas, perforado,etc.","breadcrumb":{"@id":"https:\/\/www.it-robotics.com\/de\/anwendungen\/metall\/#breadcrumb"},"inLanguage":"de","potentialAction":[{"@type":"ReadAction","target":["https:\/\/www.it-robotics.com\/de\/anwendungen\/metall\/"]}]},{"@type":"ImageObject","inLanguage":"de","@id":"https:\/\/www.it-robotics.com\/de\/anwendungen\/metall\/#primaryimage","url":"https:\/\/www.it-robotics.com\/media\/Metal-it-Robotics.jpg","contentUrl":"https:\/\/www.it-robotics.com\/media\/Metal-it-Robotics.jpg","width":800,"height":455,"caption":"Metal - it Robotics"},{"@type":"BreadcrumbList","@id":"https:\/\/www.it-robotics.com\/de\/anwendungen\/metall\/#breadcrumb","itemListElement":[{"@type":"ListItem","position":1,"name":"Home","item":"https:\/\/www.it-robotics.com\/de\/"},{"@type":"ListItem","position":2,"name":"Anwendungen","item":"https:\/\/www.it-robotics.com\/de\/anwendungen\/"},{"@type":"ListItem","position":3,"name":"Metall"}]},{"@type":"WebSite","@id":"https:\/\/www.it-robotics.com\/#website","url":"https:\/\/www.it-robotics.com\/","name":"it Robotics","description":"Automatizaci\u00f3n y rob\u00f3tica industrial","potentialAction":[{"@type":"SearchAction","target":{"@type":"EntryPoint","urlTemplate":"https:\/\/www.it-robotics.com\/?s={search_term_string}"},"query-input":{"@type":"PropertyValueSpecification","valueRequired":true,"valueName":"search_term_string"}}],"inLanguage":"de"}]}},"_links":{"self":[{"href":"https:\/\/www.it-robotics.com\/de\/wp-json\/wp\/v2\/pages\/2087","targetHints":{"allow":["GET"]}}],"collection":[{"href":"https:\/\/www.it-robotics.com\/de\/wp-json\/wp\/v2\/pages"}],"about":[{"href":"https:\/\/www.it-robotics.com\/de\/wp-json\/wp\/v2\/types\/page"}],"author":[{"embeddable":true,"href":"https:\/\/www.it-robotics.com\/de\/wp-json\/wp\/v2\/users\/1"}],"replies":[{"embeddable":true,"href":"https:\/\/www.it-robotics.com\/de\/wp-json\/wp\/v2\/comments?post=2087"}],"version-history":[{"count":5,"href":"https:\/\/www.it-robotics.com\/de\/wp-json\/wp\/v2\/pages\/2087\/revisions"}],"predecessor-version":[{"id":2116,"href":"https:\/\/www.it-robotics.com\/de\/wp-json\/wp\/v2\/pages\/2087\/revisions\/2116"}],"up":[{"embeddable":true,"href":"https:\/\/www.it-robotics.com\/de\/wp-json\/wp\/v2\/pages\/2019"}],"wp:featuredmedia":[{"embeddable":true,"href":"https:\/\/www.it-robotics.com\/de\/wp-json\/wp\/v2\/media\/1548"}],"wp:attachment":[{"href":"https:\/\/www.it-robotics.com\/de\/wp-json\/wp\/v2\/media?parent=2087"}],"curies":[{"name":"wp","href":"https:\/\/api.w.org\/{rel}","templated":true}]}}