{"id":2079,"date":"2016-06-09T13:52:12","date_gmt":"2016-06-09T13:52:12","guid":{"rendered":"http:\/\/www.it-robotics.com\/de\/anwendungen\/manipulacion-dosificacion-y-montaje\/"},"modified":"2016-10-14T16:02:05","modified_gmt":"2016-10-14T16:02:05","slug":"handhabung-dosierung-und-montage","status":"publish","type":"page","link":"https:\/\/www.it-robotics.com\/de\/anwendungen\/handhabung-dosierung-und-montage\/","title":{"rendered":"Handhabung, dosierung und montage"},"content":{"rendered":"<div id=\"pl-2079\"  class=\"panel-layout\" ><div id=\"pg-2079-0\"  class=\"panel-grid panel-no-style\" ><div id=\"pgc-2079-0-0\"  class=\"panel-grid-cell\" ><div id=\"panel-2079-0-0-0\" class=\"so-panel widget widget_sow-editor panel-first-child\" data-index=\"0\" ><div\n\t\t\t\n\t\t\tclass=\"so-widget-sow-editor so-widget-sow-editor-base\"\n\t\t\t\n\t\t>\n<div class=\"siteorigin-widget-tinymce textwidget\">\n\t<p>Unternehmen m\u00fcssen f\u00fcr die Herstellung und den Verkauf ihrer Produkte, zahlreiche industrielle Prozesse durchf\u00fchren, wobei viele verschiedene Teile und Komponenten <strong>gehandhabt, dosiert und montiert<\/strong> werden m\u00fcssen. <strong>it Robotics<\/strong> widmet sich der Entwicklung und Herstellung von Anwendungen, welche diese Aufgaben der Handhabung, Dosierung und Montage der Komponenten, mit Hilfe von <strong>Industrierobotern<\/strong>,\u00fcbernehmen:<\/p>\n<h2>VERSCHIEDENE IT ROBOTICS - ANWENDUNGEN ZUR HANDHABUNG, DOSIERUNG UND MONTAGE:<\/h2>\n<h3>HANDHABUNG VON SCHWERGEWICHTIGEN STAHLSTANGEN IN DER STAHLINDUSTRIE.<\/h3>\n<p>Es wird ein Roboter eingesetzt, der mehr als <strong>1000 kg Last<\/strong> handhaben kann.<\/p>\n<\/div>\n<\/div><\/div><div id=\"panel-2079-0-0-1\" class=\"so-panel widget widget_sow-image-grid\" data-index=\"1\" ><div\n\t\t\t\n\t\t\tclass=\"so-widget-sow-image-grid so-widget-sow-image-grid-default-fd6f3c75783d-2079\"\n\t\t\t\n\t\t>\t<div\n\t\tclass=\"sow-image-grid-wrapper\"\n\t\tdata-max-width=\"350\"\t\tdata-max-height=\"350\"\t>\n\t\t\t\t\t<div class=\"sow-image-grid-image\">\n\t\t\t\t\t\t\t\t\t\t\t\t<img loading=\"lazy\" decoding=\"async\" width=\"800\" height=\"482\" src=\"https:\/\/www.it-robotics.com\/media\/it-Robotics-Manipulacion-de-barras-de-acero-de-gran-peso-en-industria-acerera..jpg\" class=\"sow-image-grid-image_html\" alt=\"\" title=\"it-robotics-manipulacion-de-barras-de-acero-de-gran-peso-en-industria-acerera\" srcset=\"https:\/\/www.it-robotics.com\/media\/it-Robotics-Manipulacion-de-barras-de-acero-de-gran-peso-en-industria-acerera..jpg 800w, https:\/\/www.it-robotics.com\/media\/it-Robotics-Manipulacion-de-barras-de-acero-de-gran-peso-en-industria-acerera.-300x181.jpg 300w\" sizes=\"auto, (max-width: 800px) 100vw, 800px\" \/>\t\t\t\t\t\t\t\t\t\t\t<\/div>\n\t\t\t\t\t<div class=\"sow-image-grid-image\">\n\t\t\t\t\t\t\t\t\t\t\t\t<img loading=\"lazy\" decoding=\"async\" width=\"800\" height=\"481\" src=\"https:\/\/www.it-robotics.com\/media\/it-Robotics-Manipulacion-de-barras-de-acero-de-gran-peso-en-industria-acerera.-.jpg\" class=\"sow-image-grid-image_html\" alt=\"\" title=\"it-robotics-manipulacion-de-barras-de-acero-de-gran-peso-en-industria-acerera\" srcset=\"https:\/\/www.it-robotics.com\/media\/it-Robotics-Manipulacion-de-barras-de-acero-de-gran-peso-en-industria-acerera.-.jpg 800w, https:\/\/www.it-robotics.com\/media\/it-Robotics-Manipulacion-de-barras-de-acero-de-gran-peso-en-industria-acerera.--300x180.jpg 300w\" sizes=\"auto, (max-width: 800px) 100vw, 800px\" \/>\t\t\t\t\t\t\t\t\t\t\t<\/div>\n\t\t\t<\/div>\n<\/div><\/div><div id=\"panel-2079-0-0-2\" class=\"so-panel widget widget_sow-editor\" data-index=\"2\" ><div\n\t\t\t\n\t\t\tclass=\"so-widget-sow-editor so-widget-sow-editor-base\"\n\t\t\t\n\t\t>\n<div class=\"siteorigin-widget-tinymce textwidget\">\n\t<h3>HANDHABUNG VON \u00d6L UND ESSIG IN EINZELPORTIONEN IN DER LEBENSMITTELINDUSTRIE.<\/h3>\n<\/div>\n<\/div><\/div><div id=\"panel-2079-0-0-3\" class=\"so-panel widget widget_sow-image-grid\" data-index=\"3\" ><div\n\t\t\t\n\t\t\tclass=\"so-widget-sow-image-grid so-widget-sow-image-grid-default-fd6f3c75783d-2079\"\n\t\t\t\n\t\t>\t<div\n\t\tclass=\"sow-image-grid-wrapper\"\n\t\tdata-max-width=\"350\"\t\tdata-max-height=\"350\"\t>\n\t\t\t\t\t<div class=\"sow-image-grid-image\">\n\t\t\t\t\t\t\t\t\t\t\t\t<img loading=\"lazy\" decoding=\"async\" width=\"794\" height=\"600\" src=\"https:\/\/www.it-robotics.com\/media\/Manipulacion-de-envases-monodosis-de-aceite-y-vinagre-en-la-industria-alimentaria3.jpg\" class=\"sow-image-grid-image_html\" alt=\"\" title=\"manipulacion-de-envases-monodosis-de-aceite-y-vinagre-en-la-industria-alimentaria3\" srcset=\"https:\/\/www.it-robotics.com\/media\/Manipulacion-de-envases-monodosis-de-aceite-y-vinagre-en-la-industria-alimentaria3.jpg 794w, https:\/\/www.it-robotics.com\/media\/Manipulacion-de-envases-monodosis-de-aceite-y-vinagre-en-la-industria-alimentaria3-300x227.jpg 300w\" sizes=\"auto, (max-width: 794px) 100vw, 794px\" \/>\t\t\t\t\t\t\t\t\t\t\t<\/div>\n\t\t\t\t\t<div class=\"sow-image-grid-image\">\n\t\t\t\t\t\t\t\t\t\t\t\t<img loading=\"lazy\" decoding=\"async\" width=\"800\" height=\"600\" src=\"https:\/\/www.it-robotics.com\/media\/Manipulacion-de-envases-monodosis-de-aceite-y-vinagre-en-la-industria-alimentaria2.jpg\" class=\"sow-image-grid-image_html\" alt=\"\" title=\"manipulacion-de-envases-monodosis-de-aceite-y-vinagre-en-la-industria-alimentaria2\" srcset=\"https:\/\/www.it-robotics.com\/media\/Manipulacion-de-envases-monodosis-de-aceite-y-vinagre-en-la-industria-alimentaria2.jpg 800w, https:\/\/www.it-robotics.com\/media\/Manipulacion-de-envases-monodosis-de-aceite-y-vinagre-en-la-industria-alimentaria2-300x225.jpg 300w\" sizes=\"auto, (max-width: 800px) 100vw, 800px\" \/>\t\t\t\t\t\t\t\t\t\t\t<\/div>\n\t\t\t\t\t<div class=\"sow-image-grid-image\">\n\t\t\t\t\t\t\t\t\t\t\t\t<img loading=\"lazy\" decoding=\"async\" width=\"800\" height=\"600\" src=\"https:\/\/www.it-robotics.com\/media\/Manipulacion-de-envases-monodosis-de-aceite-y-vinagre-en-la-industria-alimentaria1.jpg\" class=\"sow-image-grid-image_html\" alt=\"\" title=\"manipulacion-de-envases-monodosis-de-aceite-y-vinagre-en-la-industria-alimentaria1\" srcset=\"https:\/\/www.it-robotics.com\/media\/Manipulacion-de-envases-monodosis-de-aceite-y-vinagre-en-la-industria-alimentaria1.jpg 800w, https:\/\/www.it-robotics.com\/media\/Manipulacion-de-envases-monodosis-de-aceite-y-vinagre-en-la-industria-alimentaria1-300x225.jpg 300w\" sizes=\"auto, (max-width: 800px) 100vw, 800px\" \/>\t\t\t\t\t\t\t\t\t\t\t<\/div>\n\t\t\t\t\t<div class=\"sow-image-grid-image\">\n\t\t\t\t\t\t\t\t\t\t\t\t<img loading=\"lazy\" decoding=\"async\" width=\"795\" height=\"600\" src=\"https:\/\/www.it-robotics.com\/media\/Manipulacion-de-envases-monodosis-de-aceite-y-vinagre-en-la-industria-alimentaria.jpg\" class=\"sow-image-grid-image_html\" alt=\"\" title=\"manipulacion-de-envases-monodosis-de-aceite-y-vinagre-en-la-industria-alimentaria\" srcset=\"https:\/\/www.it-robotics.com\/media\/Manipulacion-de-envases-monodosis-de-aceite-y-vinagre-en-la-industria-alimentaria.jpg 795w, https:\/\/www.it-robotics.com\/media\/Manipulacion-de-envases-monodosis-de-aceite-y-vinagre-en-la-industria-alimentaria-300x226.jpg 300w\" sizes=\"auto, (max-width: 795px) 100vw, 795px\" \/>\t\t\t\t\t\t\t\t\t\t\t<\/div>\n\t\t\t<\/div>\n<\/div><\/div><div id=\"panel-2079-0-0-4\" class=\"so-panel widget widget_sow-editor\" data-index=\"4\" ><div\n\t\t\t\n\t\t\tclass=\"so-widget-sow-editor so-widget-sow-editor-base\"\n\t\t\t\n\t\t>\n<div class=\"siteorigin-widget-tinymce textwidget\">\n\t<h3>HANDHABUNG VON VERSCHIEDENEN PRODUKTEN DER TIEFK\u00dcHLKOST - INDUSTRIE.<\/h3>\n<\/div>\n<\/div><\/div><div id=\"panel-2079-0-0-5\" class=\"so-panel widget widget_sow-image-grid\" data-index=\"5\" ><div\n\t\t\t\n\t\t\tclass=\"so-widget-sow-image-grid so-widget-sow-image-grid-default-fd6f3c75783d-2079\"\n\t\t\t\n\t\t>\t<div\n\t\tclass=\"sow-image-grid-wrapper\"\n\t\tdata-max-width=\"350\"\t\tdata-max-height=\"350\"\t>\n\t\t\t\t\t<div class=\"sow-image-grid-image\">\n\t\t\t\t\t\t\t\t\t\t\t\t<img loading=\"lazy\" decoding=\"async\" width=\"800\" height=\"600\" src=\"https:\/\/www.it-robotics.com\/media\/Manipulacion-de-diferentes-productos-en-industria-congelados.jpg\" class=\"sow-image-grid-image_html\" alt=\"\" title=\"manipulacion-de-diferentes-productos-en-industria-congelados\" srcset=\"https:\/\/www.it-robotics.com\/media\/Manipulacion-de-diferentes-productos-en-industria-congelados.jpg 800w, https:\/\/www.it-robotics.com\/media\/Manipulacion-de-diferentes-productos-en-industria-congelados-300x225.jpg 300w\" sizes=\"auto, (max-width: 800px) 100vw, 800px\" \/>\t\t\t\t\t\t\t\t\t\t\t<\/div>\n\t\t\t\t\t<div class=\"sow-image-grid-image\">\n\t\t\t\t\t\t\t\t\t\t\t\t<img loading=\"lazy\" decoding=\"async\" width=\"797\" height=\"600\" src=\"https:\/\/www.it-robotics.com\/media\/Manipulacion-de-diferentes-productos-en-industria-congelados-3.jpg\" class=\"sow-image-grid-image_html\" alt=\"\" title=\"manipulacion-de-diferentes-productos-en-industria-congelados-3\" srcset=\"https:\/\/www.it-robotics.com\/media\/Manipulacion-de-diferentes-productos-en-industria-congelados-3.jpg 797w, https:\/\/www.it-robotics.com\/media\/Manipulacion-de-diferentes-productos-en-industria-congelados-3-300x226.jpg 300w\" sizes=\"auto, (max-width: 797px) 100vw, 797px\" \/>\t\t\t\t\t\t\t\t\t\t\t<\/div>\n\t\t\t\t\t<div class=\"sow-image-grid-image\">\n\t\t\t\t\t\t\t\t\t\t\t\t<img loading=\"lazy\" decoding=\"async\" width=\"798\" height=\"600\" src=\"https:\/\/www.it-robotics.com\/media\/Manipulacion-de-diferentes-productos-en-industria-congelados-2.jpg\" class=\"sow-image-grid-image_html\" alt=\"\" title=\"manipulacion-de-diferentes-productos-en-industria-congelados-2\" srcset=\"https:\/\/www.it-robotics.com\/media\/Manipulacion-de-diferentes-productos-en-industria-congelados-2.jpg 798w, https:\/\/www.it-robotics.com\/media\/Manipulacion-de-diferentes-productos-en-industria-congelados-2-300x226.jpg 300w\" sizes=\"auto, (max-width: 798px) 100vw, 798px\" \/>\t\t\t\t\t\t\t\t\t\t\t<\/div>\n\t\t\t\t\t<div class=\"sow-image-grid-image\">\n\t\t\t\t\t\t\t\t\t\t\t\t<img loading=\"lazy\" decoding=\"async\" width=\"800\" height=\"587\" src=\"https:\/\/www.it-robotics.com\/media\/Manipulacion-de-diferentes-productos-en-industria-congelados-.jpg\" class=\"sow-image-grid-image_html\" alt=\"\" title=\"manipulacion-de-diferentes-productos-en-industria-congelados\" srcset=\"https:\/\/www.it-robotics.com\/media\/Manipulacion-de-diferentes-productos-en-industria-congelados-.jpg 800w, https:\/\/www.it-robotics.com\/media\/Manipulacion-de-diferentes-productos-en-industria-congelados--300x220.jpg 300w\" sizes=\"auto, (max-width: 800px) 100vw, 800px\" \/>\t\t\t\t\t\t\t\t\t\t\t<\/div>\n\t\t\t<\/div>\n<\/div><\/div><div id=\"panel-2079-0-0-6\" class=\"so-panel widget widget_sow-editor\" data-index=\"6\" ><div\n\t\t\t\n\t\t\tclass=\"so-widget-sow-editor so-widget-sow-editor-base\"\n\t\t\t\n\t\t>\n<div class=\"siteorigin-widget-tinymce textwidget\">\n\t<h3>DOSIERUNG VON DICHTMASSE.<\/h3>\n<\/div>\n<\/div><\/div><div id=\"panel-2079-0-0-7\" class=\"so-panel widget widget_sow-image-grid\" data-index=\"7\" ><div\n\t\t\t\n\t\t\tclass=\"so-widget-sow-image-grid so-widget-sow-image-grid-default-fd6f3c75783d-2079\"\n\t\t\t\n\t\t>\t<div\n\t\tclass=\"sow-image-grid-wrapper\"\n\t\tdata-max-width=\"350\"\t\tdata-max-height=\"350\"\t>\n\t\t\t\t\t<div class=\"sow-image-grid-image\">\n\t\t\t\t\t\t\t\t\t\t\t\t<img loading=\"lazy\" decoding=\"async\" width=\"800\" height=\"449\" src=\"https:\/\/www.it-robotics.com\/media\/Robotica-Industrial-Dosificacion-de-pasta-sellante.jpg\" class=\"sow-image-grid-image_html\" alt=\"\" title=\"robotica-industrial-dosificacion-de-pasta-sellante\" srcset=\"https:\/\/www.it-robotics.com\/media\/Robotica-Industrial-Dosificacion-de-pasta-sellante.jpg 800w, https:\/\/www.it-robotics.com\/media\/Robotica-Industrial-Dosificacion-de-pasta-sellante-300x168.jpg 300w\" sizes=\"auto, (max-width: 800px) 100vw, 800px\" \/>\t\t\t\t\t\t\t\t\t\t\t<\/div>\n\t\t\t\t\t<div class=\"sow-image-grid-image\">\n\t\t\t\t\t\t\t\t\t\t\t\t<img loading=\"lazy\" decoding=\"async\" width=\"800\" height=\"450\" src=\"https:\/\/www.it-robotics.com\/media\/Robotica-Industrial-Dosificacion-de-pasta-sellante-1-2.jpg\" class=\"sow-image-grid-image_html\" alt=\"\" title=\"robotica-industrial-dosificacion-de-pasta-sellante\" srcset=\"https:\/\/www.it-robotics.com\/media\/Robotica-Industrial-Dosificacion-de-pasta-sellante-1-2.jpg 800w, https:\/\/www.it-robotics.com\/media\/Robotica-Industrial-Dosificacion-de-pasta-sellante-1-2-300x169.jpg 300w\" sizes=\"auto, (max-width: 800px) 100vw, 800px\" \/>\t\t\t\t\t\t\t\t\t\t\t<\/div>\n\t\t\t\t\t<div class=\"sow-image-grid-image\">\n\t\t\t\t\t\t\t\t\t\t\t\t<img loading=\"lazy\" decoding=\"async\" width=\"800\" height=\"450\" src=\"https:\/\/www.it-robotics.com\/media\/Robotica-Industrial-Dosificacion-de-pasta-sellante-1-1.jpg\" class=\"sow-image-grid-image_html\" alt=\"\" title=\"robotica-industrial-dosificacion-de-pasta-sellante-1-1\" srcset=\"https:\/\/www.it-robotics.com\/media\/Robotica-Industrial-Dosificacion-de-pasta-sellante-1-1.jpg 800w, https:\/\/www.it-robotics.com\/media\/Robotica-Industrial-Dosificacion-de-pasta-sellante-1-1-300x169.jpg 300w\" sizes=\"auto, (max-width: 800px) 100vw, 800px\" \/>\t\t\t\t\t\t\t\t\t\t\t<\/div>\n\t\t\t\t\t<div class=\"sow-image-grid-image\">\n\t\t\t\t\t\t\t\t\t\t\t\t<img loading=\"lazy\" decoding=\"async\" width=\"800\" height=\"449\" src=\"https:\/\/www.it-robotics.com\/media\/Robotica-Industrial-Dosificacion-de-pasta-sellante-.jpg\" class=\"sow-image-grid-image_html\" alt=\"\" title=\"robotica-industrial-dosificacion-de-pasta-sellante\" srcset=\"https:\/\/www.it-robotics.com\/media\/Robotica-Industrial-Dosificacion-de-pasta-sellante-.jpg 800w, https:\/\/www.it-robotics.com\/media\/Robotica-Industrial-Dosificacion-de-pasta-sellante--300x168.jpg 300w\" sizes=\"auto, (max-width: 800px) 100vw, 800px\" \/>\t\t\t\t\t\t\t\t\t\t\t<\/div>\n\t\t\t<\/div>\n<\/div><\/div><div id=\"panel-2079-0-0-8\" class=\"so-panel widget widget_sow-editor\" data-index=\"8\" ><div\n\t\t\t\n\t\t\tclass=\"so-widget-sow-editor so-widget-sow-editor-base\"\n\t\t\t\n\t\t>\n<div class=\"siteorigin-widget-tinymce textwidget\">\n\t<h3>MONTAGE VON KUNSTSTOFF - SPRITZEN ZUR KENNZEICHNUNG VON TIEREN.<\/h3>\n<\/div>\n<\/div><\/div><div id=\"panel-2079-0-0-9\" class=\"so-panel widget widget_sow-image-grid panel-last-child\" data-index=\"9\" ><div\n\t\t\t\n\t\t\tclass=\"so-widget-sow-image-grid so-widget-sow-image-grid-default-fd6f3c75783d-2079\"\n\t\t\t\n\t\t>\t<div\n\t\tclass=\"sow-image-grid-wrapper\"\n\t\tdata-max-width=\"350\"\t\tdata-max-height=\"350\"\t>\n\t\t\t\t\t<div class=\"sow-image-grid-image\">\n\t\t\t\t\t\t\t\t\t\t\t\t<img loading=\"lazy\" decoding=\"async\" width=\"800\" height=\"600\" src=\"https:\/\/www.it-robotics.com\/media\/Robot-industrial-Montaje-jeringuillas-plastico-para-id-animal-.jpg\" class=\"sow-image-grid-image_html\" alt=\"\" title=\"robot-industrial-montaje-jeringuillas-plastico-para-id-animal\" srcset=\"https:\/\/www.it-robotics.com\/media\/Robot-industrial-Montaje-jeringuillas-plastico-para-id-animal-.jpg 800w, https:\/\/www.it-robotics.com\/media\/Robot-industrial-Montaje-jeringuillas-plastico-para-id-animal--300x225.jpg 300w\" sizes=\"auto, (max-width: 800px) 100vw, 800px\" \/>\t\t\t\t\t\t\t\t\t\t\t<\/div>\n\t\t\t\t\t<div class=\"sow-image-grid-image\">\n\t\t\t\t\t\t\t\t\t\t\t\t<img loading=\"lazy\" decoding=\"async\" width=\"800\" height=\"600\" src=\"https:\/\/www.it-robotics.com\/media\/Robot-industrial-Montaje-jeringuillas-plastico-para-id-animal-1.jpg\" class=\"sow-image-grid-image_html\" alt=\"\" title=\"robot-industrial-montaje-jeringuillas-plastico-para-id-animal-1\" srcset=\"https:\/\/www.it-robotics.com\/media\/Robot-industrial-Montaje-jeringuillas-plastico-para-id-animal-1.jpg 800w, https:\/\/www.it-robotics.com\/media\/Robot-industrial-Montaje-jeringuillas-plastico-para-id-animal-1-300x225.jpg 300w\" sizes=\"auto, (max-width: 800px) 100vw, 800px\" \/>\t\t\t\t\t\t\t\t\t\t\t<\/div>\n\t\t\t<\/div>\n<\/div><\/div><\/div><\/div><\/div>","protected":false},"excerpt":{"rendered":"<p>Unternehmen m\u00fcssen f\u00fcr die Herstellung und den Verkauf ihrer Produkte, zahlreiche industrielle Prozesse durchf\u00fchren, wobei viele verschiedene Teile und Komponenten gehandhabt, dosiert und montiert werden m\u00fcssen. it Robotics widmet sich der Entwicklung und Herstellung von Anwendungen, welche diese Aufgaben der Handhabung, Dosierung und Montage der Komponenten, mit Hilfe von Industrierobotern,\u00fcbernehmen: VERSCHIEDENE IT ROBOTICS &#8211; ANWENDUNGEN [&hellip;]<\/p>\n","protected":false},"author":1,"featured_media":1819,"parent":2019,"menu_order":0,"comment_status":"closed","ping_status":"closed","template":"","meta":{"footnotes":""},"class_list":["post-2079","page","type-page","status-publish","has-post-thumbnail","hentry"],"yoast_head":"<!-- This site is optimized with the Yoast SEO plugin v26.7 - https:\/\/yoast.com\/wordpress\/plugins\/seo\/ -->\n<title>Handhabung, dosierung und montage - Industrierobotik - it-Robotics<\/title>\n<meta name=\"description\" content=\"Unternehmen m\u00fcssen f\u00fcr die Herstellung und den Verkauf ihrer Produkte, zahlreiche industrielle Prozesse durchf\u00fchren, wobei viele verschiedene Teile und Komponenten gehandhabt, dosiert und montiert werden m\u00fcssen.\" \/>\n<meta name=\"robots\" content=\"index, follow, max-snippet:-1, max-image-preview:large, max-video-preview:-1\" \/>\n<link rel=\"canonical\" href=\"https:\/\/www.it-robotics.com\/de\/anwendungen\/handhabung-dosierung-und-montage\/\" \/>\n<meta property=\"og:locale\" content=\"de_DE\" \/>\n<meta property=\"og:type\" content=\"article\" \/>\n<meta property=\"og:title\" content=\"Handhabung, dosierung und montage - Industrierobotik - it-Robotics\" \/>\n<meta property=\"og:description\" content=\"Unternehmen m\u00fcssen f\u00fcr die Herstellung und den Verkauf ihrer Produkte, zahlreiche industrielle Prozesse durchf\u00fchren, wobei viele verschiedene Teile und Komponenten gehandhabt, dosiert und montiert werden m\u00fcssen.\" \/>\n<meta property=\"og:url\" content=\"https:\/\/www.it-robotics.com\/de\/anwendungen\/handhabung-dosierung-und-montage\/\" \/>\n<meta property=\"og:site_name\" content=\"it Robotics\" \/>\n<meta property=\"article:publisher\" content=\"https:\/\/www.facebook.com\/IT-Robotics-145862368820931\/\" \/>\n<meta property=\"article:modified_time\" content=\"2016-10-14T16:02:05+00:00\" \/>\n<meta property=\"og:image\" content=\"https:\/\/www.it-robotics.com\/media\/it-Robotics-Manipulacion-Dosificacion-y-Montaje.jpg\" \/>\n\t<meta property=\"og:image:width\" content=\"800\" \/>\n\t<meta property=\"og:image:height\" content=\"450\" \/>\n\t<meta property=\"og:image:type\" content=\"image\/jpeg\" \/>\n<meta name=\"twitter:card\" content=\"summary_large_image\" \/>\n<meta name=\"twitter:label1\" content=\"Gesch\u00e4tzte Lesezeit\" \/>\n\t<meta name=\"twitter:data1\" content=\"1\u00a0Minute\" \/>\n<script type=\"application\/ld+json\" class=\"yoast-schema-graph\">{\"@context\":\"https:\/\/schema.org\",\"@graph\":[{\"@type\":\"WebPage\",\"@id\":\"https:\/\/www.it-robotics.com\/de\/anwendungen\/handhabung-dosierung-und-montage\/\",\"url\":\"https:\/\/www.it-robotics.com\/de\/anwendungen\/handhabung-dosierung-und-montage\/\",\"name\":\"Handhabung, dosierung und montage - Industrierobotik - it-Robotics\",\"isPartOf\":{\"@id\":\"https:\/\/www.it-robotics.com\/#website\"},\"primaryImageOfPage\":{\"@id\":\"https:\/\/www.it-robotics.com\/de\/anwendungen\/handhabung-dosierung-und-montage\/#primaryimage\"},\"image\":{\"@id\":\"https:\/\/www.it-robotics.com\/de\/anwendungen\/handhabung-dosierung-und-montage\/#primaryimage\"},\"thumbnailUrl\":\"https:\/\/www.it-robotics.com\/media\/it-Robotics-Manipulacion-Dosificacion-y-Montaje.jpg\",\"datePublished\":\"2016-06-09T13:52:12+00:00\",\"dateModified\":\"2016-10-14T16:02:05+00:00\",\"description\":\"Unternehmen m\u00fcssen f\u00fcr die Herstellung und den Verkauf ihrer Produkte, zahlreiche industrielle Prozesse durchf\u00fchren, wobei viele verschiedene Teile und Komponenten gehandhabt, dosiert und montiert werden m\u00fcssen.\",\"breadcrumb\":{\"@id\":\"https:\/\/www.it-robotics.com\/de\/anwendungen\/handhabung-dosierung-und-montage\/#breadcrumb\"},\"inLanguage\":\"de\",\"potentialAction\":[{\"@type\":\"ReadAction\",\"target\":[\"https:\/\/www.it-robotics.com\/de\/anwendungen\/handhabung-dosierung-und-montage\/\"]}]},{\"@type\":\"ImageObject\",\"inLanguage\":\"de\",\"@id\":\"https:\/\/www.it-robotics.com\/de\/anwendungen\/handhabung-dosierung-und-montage\/#primaryimage\",\"url\":\"https:\/\/www.it-robotics.com\/media\/it-Robotics-Manipulacion-Dosificacion-y-Montaje.jpg\",\"contentUrl\":\"https:\/\/www.it-robotics.com\/media\/it-Robotics-Manipulacion-Dosificacion-y-Montaje.jpg\",\"width\":800,\"height\":450},{\"@type\":\"BreadcrumbList\",\"@id\":\"https:\/\/www.it-robotics.com\/de\/anwendungen\/handhabung-dosierung-und-montage\/#breadcrumb\",\"itemListElement\":[{\"@type\":\"ListItem\",\"position\":1,\"name\":\"Home\",\"item\":\"https:\/\/www.it-robotics.com\/de\/\"},{\"@type\":\"ListItem\",\"position\":2,\"name\":\"Anwendungen\",\"item\":\"https:\/\/www.it-robotics.com\/de\/anwendungen\/\"},{\"@type\":\"ListItem\",\"position\":3,\"name\":\"Handhabung, dosierung und montage\"}]},{\"@type\":\"WebSite\",\"@id\":\"https:\/\/www.it-robotics.com\/#website\",\"url\":\"https:\/\/www.it-robotics.com\/\",\"name\":\"it Robotics\",\"description\":\"Automatizaci\u00f3n y rob\u00f3tica industrial\",\"potentialAction\":[{\"@type\":\"SearchAction\",\"target\":{\"@type\":\"EntryPoint\",\"urlTemplate\":\"https:\/\/www.it-robotics.com\/?s={search_term_string}\"},\"query-input\":{\"@type\":\"PropertyValueSpecification\",\"valueRequired\":true,\"valueName\":\"search_term_string\"}}],\"inLanguage\":\"de\"}]}<\/script>\n<!-- \/ Yoast SEO plugin. -->","yoast_head_json":{"title":"Handhabung, dosierung und montage - Industrierobotik - it-Robotics","description":"Unternehmen m\u00fcssen f\u00fcr die Herstellung und den Verkauf ihrer Produkte, zahlreiche industrielle Prozesse durchf\u00fchren, wobei viele verschiedene Teile und Komponenten gehandhabt, dosiert und montiert werden m\u00fcssen.","robots":{"index":"index","follow":"follow","max-snippet":"max-snippet:-1","max-image-preview":"max-image-preview:large","max-video-preview":"max-video-preview:-1"},"canonical":"https:\/\/www.it-robotics.com\/de\/anwendungen\/handhabung-dosierung-und-montage\/","og_locale":"de_DE","og_type":"article","og_title":"Handhabung, dosierung und montage - Industrierobotik - it-Robotics","og_description":"Unternehmen m\u00fcssen f\u00fcr die Herstellung und den Verkauf ihrer Produkte, zahlreiche industrielle Prozesse durchf\u00fchren, wobei viele verschiedene Teile und Komponenten gehandhabt, dosiert und montiert werden m\u00fcssen.","og_url":"https:\/\/www.it-robotics.com\/de\/anwendungen\/handhabung-dosierung-und-montage\/","og_site_name":"it Robotics","article_publisher":"https:\/\/www.facebook.com\/IT-Robotics-145862368820931\/","article_modified_time":"2016-10-14T16:02:05+00:00","og_image":[{"width":800,"height":450,"url":"https:\/\/www.it-robotics.com\/media\/it-Robotics-Manipulacion-Dosificacion-y-Montaje.jpg","type":"image\/jpeg"}],"twitter_card":"summary_large_image","twitter_misc":{"Gesch\u00e4tzte Lesezeit":"1\u00a0Minute"},"schema":{"@context":"https:\/\/schema.org","@graph":[{"@type":"WebPage","@id":"https:\/\/www.it-robotics.com\/de\/anwendungen\/handhabung-dosierung-und-montage\/","url":"https:\/\/www.it-robotics.com\/de\/anwendungen\/handhabung-dosierung-und-montage\/","name":"Handhabung, dosierung und montage - Industrierobotik - it-Robotics","isPartOf":{"@id":"https:\/\/www.it-robotics.com\/#website"},"primaryImageOfPage":{"@id":"https:\/\/www.it-robotics.com\/de\/anwendungen\/handhabung-dosierung-und-montage\/#primaryimage"},"image":{"@id":"https:\/\/www.it-robotics.com\/de\/anwendungen\/handhabung-dosierung-und-montage\/#primaryimage"},"thumbnailUrl":"https:\/\/www.it-robotics.com\/media\/it-Robotics-Manipulacion-Dosificacion-y-Montaje.jpg","datePublished":"2016-06-09T13:52:12+00:00","dateModified":"2016-10-14T16:02:05+00:00","description":"Unternehmen m\u00fcssen f\u00fcr die Herstellung und den Verkauf ihrer Produkte, zahlreiche industrielle Prozesse durchf\u00fchren, wobei viele verschiedene Teile und Komponenten gehandhabt, dosiert und montiert werden m\u00fcssen.","breadcrumb":{"@id":"https:\/\/www.it-robotics.com\/de\/anwendungen\/handhabung-dosierung-und-montage\/#breadcrumb"},"inLanguage":"de","potentialAction":[{"@type":"ReadAction","target":["https:\/\/www.it-robotics.com\/de\/anwendungen\/handhabung-dosierung-und-montage\/"]}]},{"@type":"ImageObject","inLanguage":"de","@id":"https:\/\/www.it-robotics.com\/de\/anwendungen\/handhabung-dosierung-und-montage\/#primaryimage","url":"https:\/\/www.it-robotics.com\/media\/it-Robotics-Manipulacion-Dosificacion-y-Montaje.jpg","contentUrl":"https:\/\/www.it-robotics.com\/media\/it-Robotics-Manipulacion-Dosificacion-y-Montaje.jpg","width":800,"height":450},{"@type":"BreadcrumbList","@id":"https:\/\/www.it-robotics.com\/de\/anwendungen\/handhabung-dosierung-und-montage\/#breadcrumb","itemListElement":[{"@type":"ListItem","position":1,"name":"Home","item":"https:\/\/www.it-robotics.com\/de\/"},{"@type":"ListItem","position":2,"name":"Anwendungen","item":"https:\/\/www.it-robotics.com\/de\/anwendungen\/"},{"@type":"ListItem","position":3,"name":"Handhabung, dosierung und montage"}]},{"@type":"WebSite","@id":"https:\/\/www.it-robotics.com\/#website","url":"https:\/\/www.it-robotics.com\/","name":"it Robotics","description":"Automatizaci\u00f3n y rob\u00f3tica industrial","potentialAction":[{"@type":"SearchAction","target":{"@type":"EntryPoint","urlTemplate":"https:\/\/www.it-robotics.com\/?s={search_term_string}"},"query-input":{"@type":"PropertyValueSpecification","valueRequired":true,"valueName":"search_term_string"}}],"inLanguage":"de"}]}},"_links":{"self":[{"href":"https:\/\/www.it-robotics.com\/de\/wp-json\/wp\/v2\/pages\/2079","targetHints":{"allow":["GET"]}}],"collection":[{"href":"https:\/\/www.it-robotics.com\/de\/wp-json\/wp\/v2\/pages"}],"about":[{"href":"https:\/\/www.it-robotics.com\/de\/wp-json\/wp\/v2\/types\/page"}],"author":[{"embeddable":true,"href":"https:\/\/www.it-robotics.com\/de\/wp-json\/wp\/v2\/users\/1"}],"replies":[{"embeddable":true,"href":"https:\/\/www.it-robotics.com\/de\/wp-json\/wp\/v2\/comments?post=2079"}],"version-history":[{"count":2,"href":"https:\/\/www.it-robotics.com\/de\/wp-json\/wp\/v2\/pages\/2079\/revisions"}],"predecessor-version":[{"id":2081,"href":"https:\/\/www.it-robotics.com\/de\/wp-json\/wp\/v2\/pages\/2079\/revisions\/2081"}],"up":[{"embeddable":true,"href":"https:\/\/www.it-robotics.com\/de\/wp-json\/wp\/v2\/pages\/2019"}],"wp:featuredmedia":[{"embeddable":true,"href":"https:\/\/www.it-robotics.com\/de\/wp-json\/wp\/v2\/media\/1819"}],"wp:attachment":[{"href":"https:\/\/www.it-robotics.com\/de\/wp-json\/wp\/v2\/media?parent=2079"}],"curies":[{"name":"wp","href":"https:\/\/api.w.org\/{rel}","templated":true}]}}