{"id":2044,"date":"2016-06-09T14:14:34","date_gmt":"2016-06-09T14:14:34","guid":{"rendered":"http:\/\/www.it-robotics.com\/de\/empresa\/arbeitsmethode\/puesta-marcha-instalaciones-training-entrega-documentacion\/"},"modified":"2016-11-03T17:32:26","modified_gmt":"2016-11-03T17:32:26","slug":"puesta-marcha-instalaciones-training-entrega-documentacion","status":"publish","type":"page","link":"https:\/\/www.it-robotics.com\/de\/unternehmen\/arbeitsmethode\/puesta-marcha-instalaciones-training-entrega-documentacion\/","title":{"rendered":"Phase 7. Inbetriebnahme beim Kunden. Schulung und Lieferung der Dokumentation"},"content":{"rendered":"<p>Schlie\u00dflich liefern wir Ihre Anage \u201eschl\u00fcsselfertig\u201c. Die letzten Anpassungen werden bei Ihnen durchgef\u00fchrt und dann f\u00fchren wir die definitive\/endg\u00fcltige Inbetriebnahme duch.<\/p>\n<p>Wir f\u00fchren ein Trainingsprogramm f\u00fcr Ihre Mitarbeiter durch, damit sie den Umgang der Maschine erlernen. Au\u03b2erdem liefern wir die technische Dokumentation, die aus Bedienungsanleitung, Programmierhandbuch, Wartungshandbuch, Schaltplan und Zertifikate besteht. Ihre Anlage ist an diesem Punkt fertig und betriebsbereit .<\/p>\n","protected":false},"excerpt":{"rendered":"<p>Schlie\u00dflich liefern wir Ihre Anage \u201eschl\u00fcsselfertig\u201c. Die letzten Anpassungen werden bei Ihnen durchgef\u00fchrt und dann f\u00fchren wir die definitive\/endg\u00fcltige Inbetriebnahme duch. Wir f\u00fchren ein Trainingsprogramm f\u00fcr Ihre Mitarbeiter durch, damit sie den Umgang der Maschine erlernen. Au\u03b2erdem liefern wir die technische Dokumentation, die aus Bedienungsanleitung, Programmierhandbuch, Wartungshandbuch, Schaltplan und Zertifikate besteht. Ihre Anlage ist an [&hellip;]<\/p>\n","protected":false},"author":1,"featured_media":1613,"parent":1963,"menu_order":0,"comment_status":"closed","ping_status":"closed","template":"","meta":{"footnotes":""},"class_list":["post-2044","page","type-page","status-publish","has-post-thumbnail","hentry"],"yoast_head":"<!-- This site is optimized with the Yoast SEO plugin v26.7 - https:\/\/yoast.com\/wordpress\/plugins\/seo\/ -->\n<title>Phase 7. Inbetriebnahme beim Kunden. Schulung und Lieferung der Dokumentation - it Robotics<\/title>\n<meta name=\"description\" content=\"Schlie\u00dflich liefern wir Ihre Anage \u201eschl\u00fcsselfertig\u201c. Die letzten Anpassungen werden bei Ihnen durchgef\u00fchrt und dann f\u00fchren wir die definitive\/endg\u00fcltige Inbetriebnahme duch.\" \/>\n<meta name=\"robots\" content=\"index, follow, max-snippet:-1, max-image-preview:large, max-video-preview:-1\" \/>\n<link rel=\"canonical\" href=\"https:\/\/www.it-robotics.com\/de\/unternehmen\/arbeitsmethode\/puesta-marcha-instalaciones-training-entrega-documentacion\/\" \/>\n<meta property=\"og:locale\" content=\"de_DE\" \/>\n<meta property=\"og:type\" content=\"article\" \/>\n<meta property=\"og:title\" content=\"Phase 7. Inbetriebnahme beim Kunden. Schulung und Lieferung der Dokumentation - it Robotics\" \/>\n<meta property=\"og:description\" content=\"Schlie\u00dflich liefern wir Ihre Anage \u201eschl\u00fcsselfertig\u201c. Die letzten Anpassungen werden bei Ihnen durchgef\u00fchrt und dann f\u00fchren wir die definitive\/endg\u00fcltige Inbetriebnahme duch.\" \/>\n<meta property=\"og:url\" content=\"https:\/\/www.it-robotics.com\/de\/unternehmen\/arbeitsmethode\/puesta-marcha-instalaciones-training-entrega-documentacion\/\" \/>\n<meta property=\"og:site_name\" content=\"it Robotics\" \/>\n<meta property=\"article:publisher\" content=\"https:\/\/www.facebook.com\/IT-Robotics-145862368820931\/\" \/>\n<meta property=\"article:modified_time\" content=\"2016-11-03T17:32:26+00:00\" \/>\n<meta property=\"og:image\" content=\"https:\/\/www.it-robotics.com\/media\/M\u00e9todo-de-Trabajo-IT-Robotics-Instalaci\u00f3n.jpg\" \/>\n\t<meta property=\"og:image:width\" content=\"250\" \/>\n\t<meta property=\"og:image:height\" content=\"188\" \/>\n\t<meta property=\"og:image:type\" content=\"image\/jpeg\" \/>\n<meta name=\"twitter:card\" content=\"summary_large_image\" \/>\n<script type=\"application\/ld+json\" class=\"yoast-schema-graph\">{\"@context\":\"https:\/\/schema.org\",\"@graph\":[{\"@type\":\"WebPage\",\"@id\":\"https:\/\/www.it-robotics.com\/de\/unternehmen\/arbeitsmethode\/puesta-marcha-instalaciones-training-entrega-documentacion\/\",\"url\":\"https:\/\/www.it-robotics.com\/de\/unternehmen\/arbeitsmethode\/puesta-marcha-instalaciones-training-entrega-documentacion\/\",\"name\":\"Phase 7. Inbetriebnahme beim Kunden. Schulung und Lieferung der Dokumentation - it Robotics\",\"isPartOf\":{\"@id\":\"https:\/\/www.it-robotics.com\/#website\"},\"primaryImageOfPage\":{\"@id\":\"https:\/\/www.it-robotics.com\/de\/unternehmen\/arbeitsmethode\/puesta-marcha-instalaciones-training-entrega-documentacion\/#primaryimage\"},\"image\":{\"@id\":\"https:\/\/www.it-robotics.com\/de\/unternehmen\/arbeitsmethode\/puesta-marcha-instalaciones-training-entrega-documentacion\/#primaryimage\"},\"thumbnailUrl\":\"https:\/\/www.it-robotics.com\/media\/M\u00e9todo-de-Trabajo-IT-Robotics-Instalaci\u00f3n.jpg\",\"datePublished\":\"2016-06-09T14:14:34+00:00\",\"dateModified\":\"2016-11-03T17:32:26+00:00\",\"description\":\"Schlie\u00dflich liefern wir Ihre Anage \u201eschl\u00fcsselfertig\u201c. Die letzten Anpassungen werden bei Ihnen durchgef\u00fchrt und dann f\u00fchren wir die definitive\/endg\u00fcltige Inbetriebnahme duch.\",\"breadcrumb\":{\"@id\":\"https:\/\/www.it-robotics.com\/de\/unternehmen\/arbeitsmethode\/puesta-marcha-instalaciones-training-entrega-documentacion\/#breadcrumb\"},\"inLanguage\":\"de\",\"potentialAction\":[{\"@type\":\"ReadAction\",\"target\":[\"https:\/\/www.it-robotics.com\/de\/unternehmen\/arbeitsmethode\/puesta-marcha-instalaciones-training-entrega-documentacion\/\"]}]},{\"@type\":\"ImageObject\",\"inLanguage\":\"de\",\"@id\":\"https:\/\/www.it-robotics.com\/de\/unternehmen\/arbeitsmethode\/puesta-marcha-instalaciones-training-entrega-documentacion\/#primaryimage\",\"url\":\"https:\/\/www.it-robotics.com\/media\/M\u00e9todo-de-Trabajo-IT-Robotics-Instalaci\u00f3n.jpg\",\"contentUrl\":\"https:\/\/www.it-robotics.com\/media\/M\u00e9todo-de-Trabajo-IT-Robotics-Instalaci\u00f3n.jpg\",\"width\":250,\"height\":188},{\"@type\":\"BreadcrumbList\",\"@id\":\"https:\/\/www.it-robotics.com\/de\/unternehmen\/arbeitsmethode\/puesta-marcha-instalaciones-training-entrega-documentacion\/#breadcrumb\",\"itemListElement\":[{\"@type\":\"ListItem\",\"position\":1,\"name\":\"Home\",\"item\":\"https:\/\/www.it-robotics.com\/de\/\"},{\"@type\":\"ListItem\",\"position\":2,\"name\":\"Unternehmen\",\"item\":\"https:\/\/www.it-robotics.com\/de\/unternehmen\/\"},{\"@type\":\"ListItem\",\"position\":3,\"name\":\"Arbeitsmethode\",\"item\":\"https:\/\/www.it-robotics.com\/de\/unternehmen\/arbeitsmethode\/\"},{\"@type\":\"ListItem\",\"position\":4,\"name\":\"Phase 7. Inbetriebnahme beim Kunden. Schulung und Lieferung der Dokumentation\"}]},{\"@type\":\"WebSite\",\"@id\":\"https:\/\/www.it-robotics.com\/#website\",\"url\":\"https:\/\/www.it-robotics.com\/\",\"name\":\"it Robotics\",\"description\":\"Automatizaci\u00f3n y rob\u00f3tica industrial\",\"potentialAction\":[{\"@type\":\"SearchAction\",\"target\":{\"@type\":\"EntryPoint\",\"urlTemplate\":\"https:\/\/www.it-robotics.com\/?s={search_term_string}\"},\"query-input\":{\"@type\":\"PropertyValueSpecification\",\"valueRequired\":true,\"valueName\":\"search_term_string\"}}],\"inLanguage\":\"de\"}]}<\/script>\n<!-- \/ Yoast SEO plugin. -->","yoast_head_json":{"title":"Phase 7. Inbetriebnahme beim Kunden. Schulung und Lieferung der Dokumentation - it Robotics","description":"Schlie\u00dflich liefern wir Ihre Anage \u201eschl\u00fcsselfertig\u201c. Die letzten Anpassungen werden bei Ihnen durchgef\u00fchrt und dann f\u00fchren wir die definitive\/endg\u00fcltige Inbetriebnahme duch.","robots":{"index":"index","follow":"follow","max-snippet":"max-snippet:-1","max-image-preview":"max-image-preview:large","max-video-preview":"max-video-preview:-1"},"canonical":"https:\/\/www.it-robotics.com\/de\/unternehmen\/arbeitsmethode\/puesta-marcha-instalaciones-training-entrega-documentacion\/","og_locale":"de_DE","og_type":"article","og_title":"Phase 7. Inbetriebnahme beim Kunden. Schulung und Lieferung der Dokumentation - it Robotics","og_description":"Schlie\u00dflich liefern wir Ihre Anage \u201eschl\u00fcsselfertig\u201c. Die letzten Anpassungen werden bei Ihnen durchgef\u00fchrt und dann f\u00fchren wir die definitive\/endg\u00fcltige Inbetriebnahme duch.","og_url":"https:\/\/www.it-robotics.com\/de\/unternehmen\/arbeitsmethode\/puesta-marcha-instalaciones-training-entrega-documentacion\/","og_site_name":"it Robotics","article_publisher":"https:\/\/www.facebook.com\/IT-Robotics-145862368820931\/","article_modified_time":"2016-11-03T17:32:26+00:00","og_image":[{"width":250,"height":188,"url":"https:\/\/www.it-robotics.com\/media\/M\u00e9todo-de-Trabajo-IT-Robotics-Instalaci\u00f3n.jpg","type":"image\/jpeg"}],"twitter_card":"summary_large_image","schema":{"@context":"https:\/\/schema.org","@graph":[{"@type":"WebPage","@id":"https:\/\/www.it-robotics.com\/de\/unternehmen\/arbeitsmethode\/puesta-marcha-instalaciones-training-entrega-documentacion\/","url":"https:\/\/www.it-robotics.com\/de\/unternehmen\/arbeitsmethode\/puesta-marcha-instalaciones-training-entrega-documentacion\/","name":"Phase 7. Inbetriebnahme beim Kunden. Schulung und Lieferung der Dokumentation - it Robotics","isPartOf":{"@id":"https:\/\/www.it-robotics.com\/#website"},"primaryImageOfPage":{"@id":"https:\/\/www.it-robotics.com\/de\/unternehmen\/arbeitsmethode\/puesta-marcha-instalaciones-training-entrega-documentacion\/#primaryimage"},"image":{"@id":"https:\/\/www.it-robotics.com\/de\/unternehmen\/arbeitsmethode\/puesta-marcha-instalaciones-training-entrega-documentacion\/#primaryimage"},"thumbnailUrl":"https:\/\/www.it-robotics.com\/media\/M\u00e9todo-de-Trabajo-IT-Robotics-Instalaci\u00f3n.jpg","datePublished":"2016-06-09T14:14:34+00:00","dateModified":"2016-11-03T17:32:26+00:00","description":"Schlie\u00dflich liefern wir Ihre Anage \u201eschl\u00fcsselfertig\u201c. Die letzten Anpassungen werden bei Ihnen durchgef\u00fchrt und dann f\u00fchren wir die definitive\/endg\u00fcltige Inbetriebnahme duch.","breadcrumb":{"@id":"https:\/\/www.it-robotics.com\/de\/unternehmen\/arbeitsmethode\/puesta-marcha-instalaciones-training-entrega-documentacion\/#breadcrumb"},"inLanguage":"de","potentialAction":[{"@type":"ReadAction","target":["https:\/\/www.it-robotics.com\/de\/unternehmen\/arbeitsmethode\/puesta-marcha-instalaciones-training-entrega-documentacion\/"]}]},{"@type":"ImageObject","inLanguage":"de","@id":"https:\/\/www.it-robotics.com\/de\/unternehmen\/arbeitsmethode\/puesta-marcha-instalaciones-training-entrega-documentacion\/#primaryimage","url":"https:\/\/www.it-robotics.com\/media\/M\u00e9todo-de-Trabajo-IT-Robotics-Instalaci\u00f3n.jpg","contentUrl":"https:\/\/www.it-robotics.com\/media\/M\u00e9todo-de-Trabajo-IT-Robotics-Instalaci\u00f3n.jpg","width":250,"height":188},{"@type":"BreadcrumbList","@id":"https:\/\/www.it-robotics.com\/de\/unternehmen\/arbeitsmethode\/puesta-marcha-instalaciones-training-entrega-documentacion\/#breadcrumb","itemListElement":[{"@type":"ListItem","position":1,"name":"Home","item":"https:\/\/www.it-robotics.com\/de\/"},{"@type":"ListItem","position":2,"name":"Unternehmen","item":"https:\/\/www.it-robotics.com\/de\/unternehmen\/"},{"@type":"ListItem","position":3,"name":"Arbeitsmethode","item":"https:\/\/www.it-robotics.com\/de\/unternehmen\/arbeitsmethode\/"},{"@type":"ListItem","position":4,"name":"Phase 7. Inbetriebnahme beim Kunden. Schulung und Lieferung der Dokumentation"}]},{"@type":"WebSite","@id":"https:\/\/www.it-robotics.com\/#website","url":"https:\/\/www.it-robotics.com\/","name":"it Robotics","description":"Automatizaci\u00f3n y rob\u00f3tica industrial","potentialAction":[{"@type":"SearchAction","target":{"@type":"EntryPoint","urlTemplate":"https:\/\/www.it-robotics.com\/?s={search_term_string}"},"query-input":{"@type":"PropertyValueSpecification","valueRequired":true,"valueName":"search_term_string"}}],"inLanguage":"de"}]}},"_links":{"self":[{"href":"https:\/\/www.it-robotics.com\/de\/wp-json\/wp\/v2\/pages\/2044","targetHints":{"allow":["GET"]}}],"collection":[{"href":"https:\/\/www.it-robotics.com\/de\/wp-json\/wp\/v2\/pages"}],"about":[{"href":"https:\/\/www.it-robotics.com\/de\/wp-json\/wp\/v2\/types\/page"}],"author":[{"embeddable":true,"href":"https:\/\/www.it-robotics.com\/de\/wp-json\/wp\/v2\/users\/1"}],"replies":[{"embeddable":true,"href":"https:\/\/www.it-robotics.com\/de\/wp-json\/wp\/v2\/comments?post=2044"}],"version-history":[{"count":2,"href":"https:\/\/www.it-robotics.com\/de\/wp-json\/wp\/v2\/pages\/2044\/revisions"}],"predecessor-version":[{"id":2155,"href":"https:\/\/www.it-robotics.com\/de\/wp-json\/wp\/v2\/pages\/2044\/revisions\/2155"}],"up":[{"embeddable":true,"href":"https:\/\/www.it-robotics.com\/de\/wp-json\/wp\/v2\/pages\/1963"}],"wp:featuredmedia":[{"embeddable":true,"href":"https:\/\/www.it-robotics.com\/de\/wp-json\/wp\/v2\/media\/1613"}],"wp:attachment":[{"href":"https:\/\/www.it-robotics.com\/de\/wp-json\/wp\/v2\/media?parent=2044"}],"curies":[{"name":"wp","href":"https:\/\/api.w.org\/{rel}","templated":true}]}}