{"id":2027,"date":"2016-06-09T14:12:29","date_gmt":"2016-06-09T14:12:29","guid":{"rendered":"http:\/\/www.it-robotics.com\/de\/empresa\/arbeitsmethode\/simulacion-layout-oferta-tecnica-comercial\/"},"modified":"2016-11-03T17:31:04","modified_gmt":"2016-11-03T17:31:04","slug":"simulation-layout-und-technisches-kommerzielles-angebot","status":"publish","type":"page","link":"https:\/\/www.it-robotics.com\/de\/unternehmen\/arbeitsmethode\/simulation-layout-und-technisches-kommerzielles-angebot\/","title":{"rendered":"Phase 2. Simulation, Layout und technisches-kommerzielles Angebot"},"content":{"rendered":"<p>Nachdem wir die verschiedenen Daten zusammengestellt haben, studieren wir die L\u00f6sung, die sich am besten an das Projekt anpasst. Wir verwenden leistungsstarke Softwarere-Tools, simulieren virtuell die ganze Anlage und studieren den Laufverhalten der verschiedenen Antrieben.<\/p>\n<p>Mit diesen Informationen f\u00fchren wir ein Layout aus, welches uns einen globalen \u00dcberblick des Projekts gibt und so k\u00f6nnen wir ein Technisches-Kommerzielles Angebot erstellen und schlie\u00dflich vorstellen.<\/p>\n","protected":false},"excerpt":{"rendered":"<p>Nachdem wir die verschiedenen Daten zusammengestellt haben, studieren wir die L\u00f6sung, die sich am besten an das Projekt anpasst. Wir verwenden leistungsstarke Softwarere-Tools, simulieren virtuell die ganze Anlage und studieren den Laufverhalten der verschiedenen Antrieben. Mit diesen Informationen f\u00fchren wir ein Layout aus, welches uns einen globalen \u00dcberblick des Projekts gibt und so k\u00f6nnen wir [&hellip;]<\/p>\n","protected":false},"author":1,"featured_media":1600,"parent":1963,"menu_order":0,"comment_status":"closed","ping_status":"closed","template":"","meta":{"footnotes":""},"class_list":["post-2027","page","type-page","status-publish","has-post-thumbnail","hentry"],"yoast_head":"<!-- This site is optimized with the Yoast SEO plugin v26.7 - https:\/\/yoast.com\/wordpress\/plugins\/seo\/ -->\n<title>Phase 2. Simulation, Layout und technisches-kommerzielles Angebot - it Robotics<\/title>\n<meta name=\"robots\" content=\"index, follow, max-snippet:-1, max-image-preview:large, max-video-preview:-1\" \/>\n<link rel=\"canonical\" href=\"https:\/\/www.it-robotics.com\/de\/unternehmen\/arbeitsmethode\/simulation-layout-und-technisches-kommerzielles-angebot\/\" \/>\n<meta property=\"og:locale\" content=\"de_DE\" \/>\n<meta property=\"og:type\" content=\"article\" \/>\n<meta property=\"og:title\" content=\"Phase 2. Simulation, Layout und technisches-kommerzielles Angebot - it Robotics\" \/>\n<meta property=\"og:description\" content=\"Nachdem wir die verschiedenen Daten zusammengestellt haben, studieren wir die L\u00f6sung, die sich am besten an das Projekt anpasst. Wir verwenden leistungsstarke Softwarere-Tools, simulieren virtuell die ganze Anlage und studieren den Laufverhalten der verschiedenen Antrieben. Mit diesen Informationen f\u00fchren wir ein Layout aus, welches uns einen globalen \u00dcberblick des Projekts gibt und so k\u00f6nnen wir [&hellip;]\" \/>\n<meta property=\"og:url\" content=\"https:\/\/www.it-robotics.com\/de\/unternehmen\/arbeitsmethode\/simulation-layout-und-technisches-kommerzielles-angebot\/\" \/>\n<meta property=\"og:site_name\" content=\"it Robotics\" \/>\n<meta property=\"article:publisher\" content=\"https:\/\/www.facebook.com\/IT-Robotics-145862368820931\/\" \/>\n<meta property=\"article:modified_time\" content=\"2016-11-03T17:31:04+00:00\" \/>\n<meta property=\"og:image\" content=\"https:\/\/www.it-robotics.com\/media\/Metodo-de-Trabajo-IT-Robotics-Simulacion-1.jpg\" \/>\n\t<meta property=\"og:image:width\" content=\"250\" \/>\n\t<meta property=\"og:image:height\" content=\"189\" \/>\n\t<meta property=\"og:image:type\" content=\"image\/jpeg\" \/>\n<meta name=\"twitter:card\" content=\"summary_large_image\" \/>\n<script type=\"application\/ld+json\" class=\"yoast-schema-graph\">{\"@context\":\"https:\/\/schema.org\",\"@graph\":[{\"@type\":\"WebPage\",\"@id\":\"https:\/\/www.it-robotics.com\/de\/unternehmen\/arbeitsmethode\/simulation-layout-und-technisches-kommerzielles-angebot\/\",\"url\":\"https:\/\/www.it-robotics.com\/de\/unternehmen\/arbeitsmethode\/simulation-layout-und-technisches-kommerzielles-angebot\/\",\"name\":\"Phase 2. Simulation, Layout und technisches-kommerzielles Angebot - it Robotics\",\"isPartOf\":{\"@id\":\"https:\/\/www.it-robotics.com\/#website\"},\"primaryImageOfPage\":{\"@id\":\"https:\/\/www.it-robotics.com\/de\/unternehmen\/arbeitsmethode\/simulation-layout-und-technisches-kommerzielles-angebot\/#primaryimage\"},\"image\":{\"@id\":\"https:\/\/www.it-robotics.com\/de\/unternehmen\/arbeitsmethode\/simulation-layout-und-technisches-kommerzielles-angebot\/#primaryimage\"},\"thumbnailUrl\":\"https:\/\/www.it-robotics.com\/media\/Metodo-de-Trabajo-IT-Robotics-Simulacion-1.jpg\",\"datePublished\":\"2016-06-09T14:12:29+00:00\",\"dateModified\":\"2016-11-03T17:31:04+00:00\",\"breadcrumb\":{\"@id\":\"https:\/\/www.it-robotics.com\/de\/unternehmen\/arbeitsmethode\/simulation-layout-und-technisches-kommerzielles-angebot\/#breadcrumb\"},\"inLanguage\":\"de\",\"potentialAction\":[{\"@type\":\"ReadAction\",\"target\":[\"https:\/\/www.it-robotics.com\/de\/unternehmen\/arbeitsmethode\/simulation-layout-und-technisches-kommerzielles-angebot\/\"]}]},{\"@type\":\"ImageObject\",\"inLanguage\":\"de\",\"@id\":\"https:\/\/www.it-robotics.com\/de\/unternehmen\/arbeitsmethode\/simulation-layout-und-technisches-kommerzielles-angebot\/#primaryimage\",\"url\":\"https:\/\/www.it-robotics.com\/media\/Metodo-de-Trabajo-IT-Robotics-Simulacion-1.jpg\",\"contentUrl\":\"https:\/\/www.it-robotics.com\/media\/Metodo-de-Trabajo-IT-Robotics-Simulacion-1.jpg\",\"width\":250,\"height\":189},{\"@type\":\"BreadcrumbList\",\"@id\":\"https:\/\/www.it-robotics.com\/de\/unternehmen\/arbeitsmethode\/simulation-layout-und-technisches-kommerzielles-angebot\/#breadcrumb\",\"itemListElement\":[{\"@type\":\"ListItem\",\"position\":1,\"name\":\"Home\",\"item\":\"https:\/\/www.it-robotics.com\/de\/\"},{\"@type\":\"ListItem\",\"position\":2,\"name\":\"Unternehmen\",\"item\":\"https:\/\/www.it-robotics.com\/de\/unternehmen\/\"},{\"@type\":\"ListItem\",\"position\":3,\"name\":\"Arbeitsmethode\",\"item\":\"https:\/\/www.it-robotics.com\/de\/unternehmen\/arbeitsmethode\/\"},{\"@type\":\"ListItem\",\"position\":4,\"name\":\"Phase 2. Simulation, Layout und technisches-kommerzielles Angebot\"}]},{\"@type\":\"WebSite\",\"@id\":\"https:\/\/www.it-robotics.com\/#website\",\"url\":\"https:\/\/www.it-robotics.com\/\",\"name\":\"it Robotics\",\"description\":\"Automatizaci\u00f3n y rob\u00f3tica industrial\",\"potentialAction\":[{\"@type\":\"SearchAction\",\"target\":{\"@type\":\"EntryPoint\",\"urlTemplate\":\"https:\/\/www.it-robotics.com\/?s={search_term_string}\"},\"query-input\":{\"@type\":\"PropertyValueSpecification\",\"valueRequired\":true,\"valueName\":\"search_term_string\"}}],\"inLanguage\":\"de\"}]}<\/script>\n<!-- \/ Yoast SEO plugin. -->","yoast_head_json":{"title":"Phase 2. Simulation, Layout und technisches-kommerzielles Angebot - it Robotics","robots":{"index":"index","follow":"follow","max-snippet":"max-snippet:-1","max-image-preview":"max-image-preview:large","max-video-preview":"max-video-preview:-1"},"canonical":"https:\/\/www.it-robotics.com\/de\/unternehmen\/arbeitsmethode\/simulation-layout-und-technisches-kommerzielles-angebot\/","og_locale":"de_DE","og_type":"article","og_title":"Phase 2. Simulation, Layout und technisches-kommerzielles Angebot - it Robotics","og_description":"Nachdem wir die verschiedenen Daten zusammengestellt haben, studieren wir die L\u00f6sung, die sich am besten an das Projekt anpasst. Wir verwenden leistungsstarke Softwarere-Tools, simulieren virtuell die ganze Anlage und studieren den Laufverhalten der verschiedenen Antrieben. Mit diesen Informationen f\u00fchren wir ein Layout aus, welches uns einen globalen \u00dcberblick des Projekts gibt und so k\u00f6nnen wir [&hellip;]","og_url":"https:\/\/www.it-robotics.com\/de\/unternehmen\/arbeitsmethode\/simulation-layout-und-technisches-kommerzielles-angebot\/","og_site_name":"it Robotics","article_publisher":"https:\/\/www.facebook.com\/IT-Robotics-145862368820931\/","article_modified_time":"2016-11-03T17:31:04+00:00","og_image":[{"width":250,"height":189,"url":"https:\/\/www.it-robotics.com\/media\/Metodo-de-Trabajo-IT-Robotics-Simulacion-1.jpg","type":"image\/jpeg"}],"twitter_card":"summary_large_image","schema":{"@context":"https:\/\/schema.org","@graph":[{"@type":"WebPage","@id":"https:\/\/www.it-robotics.com\/de\/unternehmen\/arbeitsmethode\/simulation-layout-und-technisches-kommerzielles-angebot\/","url":"https:\/\/www.it-robotics.com\/de\/unternehmen\/arbeitsmethode\/simulation-layout-und-technisches-kommerzielles-angebot\/","name":"Phase 2. Simulation, Layout und technisches-kommerzielles Angebot - it Robotics","isPartOf":{"@id":"https:\/\/www.it-robotics.com\/#website"},"primaryImageOfPage":{"@id":"https:\/\/www.it-robotics.com\/de\/unternehmen\/arbeitsmethode\/simulation-layout-und-technisches-kommerzielles-angebot\/#primaryimage"},"image":{"@id":"https:\/\/www.it-robotics.com\/de\/unternehmen\/arbeitsmethode\/simulation-layout-und-technisches-kommerzielles-angebot\/#primaryimage"},"thumbnailUrl":"https:\/\/www.it-robotics.com\/media\/Metodo-de-Trabajo-IT-Robotics-Simulacion-1.jpg","datePublished":"2016-06-09T14:12:29+00:00","dateModified":"2016-11-03T17:31:04+00:00","breadcrumb":{"@id":"https:\/\/www.it-robotics.com\/de\/unternehmen\/arbeitsmethode\/simulation-layout-und-technisches-kommerzielles-angebot\/#breadcrumb"},"inLanguage":"de","potentialAction":[{"@type":"ReadAction","target":["https:\/\/www.it-robotics.com\/de\/unternehmen\/arbeitsmethode\/simulation-layout-und-technisches-kommerzielles-angebot\/"]}]},{"@type":"ImageObject","inLanguage":"de","@id":"https:\/\/www.it-robotics.com\/de\/unternehmen\/arbeitsmethode\/simulation-layout-und-technisches-kommerzielles-angebot\/#primaryimage","url":"https:\/\/www.it-robotics.com\/media\/Metodo-de-Trabajo-IT-Robotics-Simulacion-1.jpg","contentUrl":"https:\/\/www.it-robotics.com\/media\/Metodo-de-Trabajo-IT-Robotics-Simulacion-1.jpg","width":250,"height":189},{"@type":"BreadcrumbList","@id":"https:\/\/www.it-robotics.com\/de\/unternehmen\/arbeitsmethode\/simulation-layout-und-technisches-kommerzielles-angebot\/#breadcrumb","itemListElement":[{"@type":"ListItem","position":1,"name":"Home","item":"https:\/\/www.it-robotics.com\/de\/"},{"@type":"ListItem","position":2,"name":"Unternehmen","item":"https:\/\/www.it-robotics.com\/de\/unternehmen\/"},{"@type":"ListItem","position":3,"name":"Arbeitsmethode","item":"https:\/\/www.it-robotics.com\/de\/unternehmen\/arbeitsmethode\/"},{"@type":"ListItem","position":4,"name":"Phase 2. Simulation, Layout und technisches-kommerzielles Angebot"}]},{"@type":"WebSite","@id":"https:\/\/www.it-robotics.com\/#website","url":"https:\/\/www.it-robotics.com\/","name":"it Robotics","description":"Automatizaci\u00f3n y rob\u00f3tica industrial","potentialAction":[{"@type":"SearchAction","target":{"@type":"EntryPoint","urlTemplate":"https:\/\/www.it-robotics.com\/?s={search_term_string}"},"query-input":{"@type":"PropertyValueSpecification","valueRequired":true,"valueName":"search_term_string"}}],"inLanguage":"de"}]}},"_links":{"self":[{"href":"https:\/\/www.it-robotics.com\/de\/wp-json\/wp\/v2\/pages\/2027","targetHints":{"allow":["GET"]}}],"collection":[{"href":"https:\/\/www.it-robotics.com\/de\/wp-json\/wp\/v2\/pages"}],"about":[{"href":"https:\/\/www.it-robotics.com\/de\/wp-json\/wp\/v2\/types\/page"}],"author":[{"embeddable":true,"href":"https:\/\/www.it-robotics.com\/de\/wp-json\/wp\/v2\/users\/1"}],"replies":[{"embeddable":true,"href":"https:\/\/www.it-robotics.com\/de\/wp-json\/wp\/v2\/comments?post=2027"}],"version-history":[{"count":3,"href":"https:\/\/www.it-robotics.com\/de\/wp-json\/wp\/v2\/pages\/2027\/revisions"}],"predecessor-version":[{"id":2151,"href":"https:\/\/www.it-robotics.com\/de\/wp-json\/wp\/v2\/pages\/2027\/revisions\/2151"}],"up":[{"embeddable":true,"href":"https:\/\/www.it-robotics.com\/de\/wp-json\/wp\/v2\/pages\/1963"}],"wp:featuredmedia":[{"embeddable":true,"href":"https:\/\/www.it-robotics.com\/de\/wp-json\/wp\/v2\/media\/1600"}],"wp:attachment":[{"href":"https:\/\/www.it-robotics.com\/de\/wp-json\/wp\/v2\/media?parent=2027"}],"curies":[{"name":"wp","href":"https:\/\/api.w.org\/{rel}","templated":true}]}}