{"id":2024,"date":"2016-06-09T14:12:10","date_gmt":"2016-06-09T14:12:10","guid":{"rendered":"http:\/\/www.it-robotics.com\/de\/empresa\/arbeitsmethode\/estudio-inicial-definicion-objetivos-del-proyecto\/"},"modified":"2016-11-03T17:30:31","modified_gmt":"2016-11-03T17:30:31","slug":"erststudie-und-definition-der-projektziele","status":"publish","type":"page","link":"https:\/\/www.it-robotics.com\/de\/unternehmen\/arbeitsmethode\/erststudie-und-definition-der-projektziele\/","title":{"rendered":"Phase 1. Erststudie und Definition der Projektziele"},"content":{"rendered":"<p>Nach der Kontaktaufnahme, beginnen wir unsere Arbeit indem wir die Bed\u00fcrfnise und Ziele, die unser Kunde mit der Automatisierung errichen m\u00f6chte, definieren.<\/p>\n<p>Produktion, Qualit\u00e4t, Kosten, Investition und Einsparungen sind Parameter die wir normalerweise bei der Projektstudie beachten.<\/p>\n","protected":false},"excerpt":{"rendered":"<p>Nach der Kontaktaufnahme, beginnen wir unsere Arbeit indem wir die Bed\u00fcrfnise und Ziele, die unser Kunde mit der Automatisierung errichen m\u00f6chte, definieren. Produktion, Qualit\u00e4t, Kosten, Investition und Einsparungen sind Parameter die wir normalerweise bei der Projektstudie beachten.<\/p>\n","protected":false},"author":1,"featured_media":1591,"parent":1963,"menu_order":0,"comment_status":"closed","ping_status":"closed","template":"","meta":{"footnotes":""},"class_list":["post-2024","page","type-page","status-publish","has-post-thumbnail","hentry"],"yoast_head":"<!-- This site is optimized with the Yoast SEO plugin v26.7 - https:\/\/yoast.com\/wordpress\/plugins\/seo\/ -->\n<title>Phase 1. Erststudie und Definition der Projektziele - it Robotics<\/title>\n<meta name=\"description\" content=\"Nach der Kontaktaufnahme, beginnen wir unsere Arbeit indem wir die Bed\u00fcrfnise und Ziele, die unser Kunde mit der Automatisierung errichen m\u00f6chte, definieren.\" \/>\n<meta name=\"robots\" content=\"index, follow, max-snippet:-1, max-image-preview:large, max-video-preview:-1\" \/>\n<link rel=\"canonical\" href=\"https:\/\/www.it-robotics.com\/de\/unternehmen\/arbeitsmethode\/erststudie-und-definition-der-projektziele\/\" \/>\n<meta property=\"og:locale\" content=\"de_DE\" \/>\n<meta property=\"og:type\" content=\"article\" \/>\n<meta property=\"og:title\" content=\"Phase 1. Erststudie und Definition der Projektziele - it Robotics\" \/>\n<meta property=\"og:description\" content=\"Nach der Kontaktaufnahme, beginnen wir unsere Arbeit indem wir die Bed\u00fcrfnise und Ziele, die unser Kunde mit der Automatisierung errichen m\u00f6chte, definieren.\" \/>\n<meta property=\"og:url\" content=\"https:\/\/www.it-robotics.com\/de\/unternehmen\/arbeitsmethode\/erststudie-und-definition-der-projektziele\/\" \/>\n<meta property=\"og:site_name\" content=\"it Robotics\" \/>\n<meta property=\"article:publisher\" content=\"https:\/\/www.facebook.com\/IT-Robotics-145862368820931\/\" \/>\n<meta property=\"article:modified_time\" content=\"2016-11-03T17:30:31+00:00\" \/>\n<meta property=\"og:image\" content=\"https:\/\/www.it-robotics.com\/media\/it-robotics-Metodo-de-trabajo-fase-1-12.jpg\" \/>\n\t<meta property=\"og:image:width\" content=\"250\" \/>\n\t<meta property=\"og:image:height\" content=\"188\" \/>\n\t<meta property=\"og:image:type\" content=\"image\/jpeg\" \/>\n<meta name=\"twitter:card\" content=\"summary_large_image\" \/>\n<script type=\"application\/ld+json\" class=\"yoast-schema-graph\">{\"@context\":\"https:\/\/schema.org\",\"@graph\":[{\"@type\":\"WebPage\",\"@id\":\"https:\/\/www.it-robotics.com\/de\/unternehmen\/arbeitsmethode\/erststudie-und-definition-der-projektziele\/\",\"url\":\"https:\/\/www.it-robotics.com\/de\/unternehmen\/arbeitsmethode\/erststudie-und-definition-der-projektziele\/\",\"name\":\"Phase 1. Erststudie und Definition der Projektziele - it Robotics\",\"isPartOf\":{\"@id\":\"https:\/\/www.it-robotics.com\/#website\"},\"primaryImageOfPage\":{\"@id\":\"https:\/\/www.it-robotics.com\/de\/unternehmen\/arbeitsmethode\/erststudie-und-definition-der-projektziele\/#primaryimage\"},\"image\":{\"@id\":\"https:\/\/www.it-robotics.com\/de\/unternehmen\/arbeitsmethode\/erststudie-und-definition-der-projektziele\/#primaryimage\"},\"thumbnailUrl\":\"https:\/\/www.it-robotics.com\/media\/it-robotics-Metodo-de-trabajo-fase-1-12.jpg\",\"datePublished\":\"2016-06-09T14:12:10+00:00\",\"dateModified\":\"2016-11-03T17:30:31+00:00\",\"description\":\"Nach der Kontaktaufnahme, beginnen wir unsere Arbeit indem wir die Bed\u00fcrfnise und Ziele, die unser Kunde mit der Automatisierung errichen m\u00f6chte, definieren.\",\"breadcrumb\":{\"@id\":\"https:\/\/www.it-robotics.com\/de\/unternehmen\/arbeitsmethode\/erststudie-und-definition-der-projektziele\/#breadcrumb\"},\"inLanguage\":\"de\",\"potentialAction\":[{\"@type\":\"ReadAction\",\"target\":[\"https:\/\/www.it-robotics.com\/de\/unternehmen\/arbeitsmethode\/erststudie-und-definition-der-projektziele\/\"]}]},{\"@type\":\"ImageObject\",\"inLanguage\":\"de\",\"@id\":\"https:\/\/www.it-robotics.com\/de\/unternehmen\/arbeitsmethode\/erststudie-und-definition-der-projektziele\/#primaryimage\",\"url\":\"https:\/\/www.it-robotics.com\/media\/it-robotics-Metodo-de-trabajo-fase-1-12.jpg\",\"contentUrl\":\"https:\/\/www.it-robotics.com\/media\/it-robotics-Metodo-de-trabajo-fase-1-12.jpg\",\"width\":250,\"height\":188},{\"@type\":\"BreadcrumbList\",\"@id\":\"https:\/\/www.it-robotics.com\/de\/unternehmen\/arbeitsmethode\/erststudie-und-definition-der-projektziele\/#breadcrumb\",\"itemListElement\":[{\"@type\":\"ListItem\",\"position\":1,\"name\":\"Home\",\"item\":\"https:\/\/www.it-robotics.com\/de\/\"},{\"@type\":\"ListItem\",\"position\":2,\"name\":\"Unternehmen\",\"item\":\"https:\/\/www.it-robotics.com\/de\/unternehmen\/\"},{\"@type\":\"ListItem\",\"position\":3,\"name\":\"Arbeitsmethode\",\"item\":\"https:\/\/www.it-robotics.com\/de\/unternehmen\/arbeitsmethode\/\"},{\"@type\":\"ListItem\",\"position\":4,\"name\":\"Phase 1. Erststudie und Definition der Projektziele\"}]},{\"@type\":\"WebSite\",\"@id\":\"https:\/\/www.it-robotics.com\/#website\",\"url\":\"https:\/\/www.it-robotics.com\/\",\"name\":\"it Robotics\",\"description\":\"Automatizaci\u00f3n y rob\u00f3tica industrial\",\"potentialAction\":[{\"@type\":\"SearchAction\",\"target\":{\"@type\":\"EntryPoint\",\"urlTemplate\":\"https:\/\/www.it-robotics.com\/?s={search_term_string}\"},\"query-input\":{\"@type\":\"PropertyValueSpecification\",\"valueRequired\":true,\"valueName\":\"search_term_string\"}}],\"inLanguage\":\"de\"}]}<\/script>\n<!-- \/ Yoast SEO plugin. -->","yoast_head_json":{"title":"Phase 1. Erststudie und Definition der Projektziele - it Robotics","description":"Nach der Kontaktaufnahme, beginnen wir unsere Arbeit indem wir die Bed\u00fcrfnise und Ziele, die unser Kunde mit der Automatisierung errichen m\u00f6chte, definieren.","robots":{"index":"index","follow":"follow","max-snippet":"max-snippet:-1","max-image-preview":"max-image-preview:large","max-video-preview":"max-video-preview:-1"},"canonical":"https:\/\/www.it-robotics.com\/de\/unternehmen\/arbeitsmethode\/erststudie-und-definition-der-projektziele\/","og_locale":"de_DE","og_type":"article","og_title":"Phase 1. Erststudie und Definition der Projektziele - it Robotics","og_description":"Nach der Kontaktaufnahme, beginnen wir unsere Arbeit indem wir die Bed\u00fcrfnise und Ziele, die unser Kunde mit der Automatisierung errichen m\u00f6chte, definieren.","og_url":"https:\/\/www.it-robotics.com\/de\/unternehmen\/arbeitsmethode\/erststudie-und-definition-der-projektziele\/","og_site_name":"it Robotics","article_publisher":"https:\/\/www.facebook.com\/IT-Robotics-145862368820931\/","article_modified_time":"2016-11-03T17:30:31+00:00","og_image":[{"width":250,"height":188,"url":"https:\/\/www.it-robotics.com\/media\/it-robotics-Metodo-de-trabajo-fase-1-12.jpg","type":"image\/jpeg"}],"twitter_card":"summary_large_image","schema":{"@context":"https:\/\/schema.org","@graph":[{"@type":"WebPage","@id":"https:\/\/www.it-robotics.com\/de\/unternehmen\/arbeitsmethode\/erststudie-und-definition-der-projektziele\/","url":"https:\/\/www.it-robotics.com\/de\/unternehmen\/arbeitsmethode\/erststudie-und-definition-der-projektziele\/","name":"Phase 1. Erststudie und Definition der Projektziele - it Robotics","isPartOf":{"@id":"https:\/\/www.it-robotics.com\/#website"},"primaryImageOfPage":{"@id":"https:\/\/www.it-robotics.com\/de\/unternehmen\/arbeitsmethode\/erststudie-und-definition-der-projektziele\/#primaryimage"},"image":{"@id":"https:\/\/www.it-robotics.com\/de\/unternehmen\/arbeitsmethode\/erststudie-und-definition-der-projektziele\/#primaryimage"},"thumbnailUrl":"https:\/\/www.it-robotics.com\/media\/it-robotics-Metodo-de-trabajo-fase-1-12.jpg","datePublished":"2016-06-09T14:12:10+00:00","dateModified":"2016-11-03T17:30:31+00:00","description":"Nach der Kontaktaufnahme, beginnen wir unsere Arbeit indem wir die Bed\u00fcrfnise und Ziele, die unser Kunde mit der Automatisierung errichen m\u00f6chte, definieren.","breadcrumb":{"@id":"https:\/\/www.it-robotics.com\/de\/unternehmen\/arbeitsmethode\/erststudie-und-definition-der-projektziele\/#breadcrumb"},"inLanguage":"de","potentialAction":[{"@type":"ReadAction","target":["https:\/\/www.it-robotics.com\/de\/unternehmen\/arbeitsmethode\/erststudie-und-definition-der-projektziele\/"]}]},{"@type":"ImageObject","inLanguage":"de","@id":"https:\/\/www.it-robotics.com\/de\/unternehmen\/arbeitsmethode\/erststudie-und-definition-der-projektziele\/#primaryimage","url":"https:\/\/www.it-robotics.com\/media\/it-robotics-Metodo-de-trabajo-fase-1-12.jpg","contentUrl":"https:\/\/www.it-robotics.com\/media\/it-robotics-Metodo-de-trabajo-fase-1-12.jpg","width":250,"height":188},{"@type":"BreadcrumbList","@id":"https:\/\/www.it-robotics.com\/de\/unternehmen\/arbeitsmethode\/erststudie-und-definition-der-projektziele\/#breadcrumb","itemListElement":[{"@type":"ListItem","position":1,"name":"Home","item":"https:\/\/www.it-robotics.com\/de\/"},{"@type":"ListItem","position":2,"name":"Unternehmen","item":"https:\/\/www.it-robotics.com\/de\/unternehmen\/"},{"@type":"ListItem","position":3,"name":"Arbeitsmethode","item":"https:\/\/www.it-robotics.com\/de\/unternehmen\/arbeitsmethode\/"},{"@type":"ListItem","position":4,"name":"Phase 1. Erststudie und Definition der Projektziele"}]},{"@type":"WebSite","@id":"https:\/\/www.it-robotics.com\/#website","url":"https:\/\/www.it-robotics.com\/","name":"it Robotics","description":"Automatizaci\u00f3n y rob\u00f3tica industrial","potentialAction":[{"@type":"SearchAction","target":{"@type":"EntryPoint","urlTemplate":"https:\/\/www.it-robotics.com\/?s={search_term_string}"},"query-input":{"@type":"PropertyValueSpecification","valueRequired":true,"valueName":"search_term_string"}}],"inLanguage":"de"}]}},"_links":{"self":[{"href":"https:\/\/www.it-robotics.com\/de\/wp-json\/wp\/v2\/pages\/2024","targetHints":{"allow":["GET"]}}],"collection":[{"href":"https:\/\/www.it-robotics.com\/de\/wp-json\/wp\/v2\/pages"}],"about":[{"href":"https:\/\/www.it-robotics.com\/de\/wp-json\/wp\/v2\/types\/page"}],"author":[{"embeddable":true,"href":"https:\/\/www.it-robotics.com\/de\/wp-json\/wp\/v2\/users\/1"}],"replies":[{"embeddable":true,"href":"https:\/\/www.it-robotics.com\/de\/wp-json\/wp\/v2\/comments?post=2024"}],"version-history":[{"count":2,"href":"https:\/\/www.it-robotics.com\/de\/wp-json\/wp\/v2\/pages\/2024\/revisions"}],"predecessor-version":[{"id":2150,"href":"https:\/\/www.it-robotics.com\/de\/wp-json\/wp\/v2\/pages\/2024\/revisions\/2150"}],"up":[{"embeddable":true,"href":"https:\/\/www.it-robotics.com\/de\/wp-json\/wp\/v2\/pages\/1963"}],"wp:featuredmedia":[{"embeddable":true,"href":"https:\/\/www.it-robotics.com\/de\/wp-json\/wp\/v2\/media\/1591"}],"wp:attachment":[{"href":"https:\/\/www.it-robotics.com\/de\/wp-json\/wp\/v2\/media?parent=2024"}],"curies":[{"name":"wp","href":"https:\/\/api.w.org\/{rel}","templated":true}]}}