{"id":2006,"date":"2016-06-09T13:09:40","date_gmt":"2016-06-09T13:09:40","guid":{"rendered":"http:\/\/www.it-robotics.com\/de\/dienstleistungen\/asistencia-tecnica\/"},"modified":"2016-10-17T09:47:20","modified_gmt":"2016-10-17T09:47:20","slug":"technische-unterstuetzung","status":"publish","type":"page","link":"https:\/\/www.it-robotics.com\/de\/dienstleistungen\/technische-unterstuetzung\/","title":{"rendered":"Technische unterst\u00fctzung"},"content":{"rendered":"<p>Nach Abschluss der Garantieperiode Ihrer <strong>Anwendung<\/strong>, steht Ihnen unser <strong>Abteilung f\u00fcr technische Unterst\u00fctzung<\/strong> weiterhin vollst\u00e4ndig zur Verf\u00fcgung, um jegliche Probleme Ihrer Anlage auf effiziente und professionelle Weise zu l\u00f6sen. Wir sind je nach Ihren Bed\u00fcrfnissen jederzeit entweder telefonisch, \u00fcber eine Fernverbindung oder durch einen Besuch unserer Mitarbeiter in Ihrer Anlage, f\u00fcr sie da.<\/p>\n","protected":false},"excerpt":{"rendered":"<p>Nach Abschluss der Garantieperiode Ihrer Anwendung, steht Ihnen unser Abteilung f\u00fcr technische Unterst\u00fctzung weiterhin vollst\u00e4ndig zur Verf\u00fcgung, um jegliche Probleme Ihrer Anlage auf effiziente und professionelle Weise zu l\u00f6sen. Wir sind je nach Ihren Bed\u00fcrfnissen jederzeit entweder telefonisch, \u00fcber eine Fernverbindung oder durch einen Besuch unserer Mitarbeiter in Ihrer Anlage, f\u00fcr sie da.<\/p>\n","protected":false},"author":1,"featured_media":1891,"parent":2003,"menu_order":0,"comment_status":"closed","ping_status":"closed","template":"","meta":{"footnotes":""},"class_list":["post-2006","page","type-page","status-publish","has-post-thumbnail","hentry"],"yoast_head":"<!-- This site is optimized with the Yoast SEO plugin v26.7 - https:\/\/yoast.com\/wordpress\/plugins\/seo\/ -->\n<title>Asistencia t\u00e9cnica - Rob\u00f3tica industrial - it Robotics<\/title>\n<meta name=\"description\" content=\"Nach Abschluss der Garantieperiode Ihrer Anwendung, steht Ihnen unser Abteilung f\u00fcr technische Unterst\u00fctzung weiterhin vollst\u00e4ndig zur Verf\u00fcgung, um jegliche Probleme Ihrer Anlage auf effiziente und professionelle Weise zu l\u00f6sen\" \/>\n<meta name=\"robots\" content=\"index, follow, max-snippet:-1, max-image-preview:large, max-video-preview:-1\" \/>\n<link rel=\"canonical\" href=\"https:\/\/www.it-robotics.com\/de\/dienstleistungen\/technische-unterstuetzung\/\" \/>\n<meta property=\"og:locale\" content=\"de_DE\" \/>\n<meta property=\"og:type\" content=\"article\" \/>\n<meta property=\"og:title\" content=\"Asistencia t\u00e9cnica - Rob\u00f3tica industrial - it Robotics\" \/>\n<meta property=\"og:description\" content=\"Nach Abschluss der Garantieperiode Ihrer Anwendung, steht Ihnen unser Abteilung f\u00fcr technische Unterst\u00fctzung weiterhin vollst\u00e4ndig zur Verf\u00fcgung, um jegliche Probleme Ihrer Anlage auf effiziente und professionelle Weise zu l\u00f6sen\" \/>\n<meta property=\"og:url\" content=\"https:\/\/www.it-robotics.com\/de\/dienstleistungen\/technische-unterstuetzung\/\" \/>\n<meta property=\"og:site_name\" content=\"it Robotics\" \/>\n<meta property=\"article:publisher\" content=\"https:\/\/www.facebook.com\/IT-Robotics-145862368820931\/\" \/>\n<meta property=\"article:modified_time\" content=\"2016-10-17T09:47:20+00:00\" \/>\n<meta property=\"og:image\" content=\"https:\/\/www.it-robotics.com\/media\/IT-Robotics-Asistencia-tecnica.jpg\" \/>\n\t<meta property=\"og:image:width\" content=\"1500\" \/>\n\t<meta property=\"og:image:height\" content=\"500\" \/>\n\t<meta property=\"og:image:type\" content=\"image\/jpeg\" \/>\n<meta name=\"twitter:card\" content=\"summary_large_image\" \/>\n<script type=\"application\/ld+json\" class=\"yoast-schema-graph\">{\"@context\":\"https:\/\/schema.org\",\"@graph\":[{\"@type\":\"WebPage\",\"@id\":\"https:\/\/www.it-robotics.com\/de\/dienstleistungen\/technische-unterstuetzung\/\",\"url\":\"https:\/\/www.it-robotics.com\/de\/dienstleistungen\/technische-unterstuetzung\/\",\"name\":\"Asistencia t\u00e9cnica - Rob\u00f3tica industrial - it Robotics\",\"isPartOf\":{\"@id\":\"https:\/\/www.it-robotics.com\/#website\"},\"primaryImageOfPage\":{\"@id\":\"https:\/\/www.it-robotics.com\/de\/dienstleistungen\/technische-unterstuetzung\/#primaryimage\"},\"image\":{\"@id\":\"https:\/\/www.it-robotics.com\/de\/dienstleistungen\/technische-unterstuetzung\/#primaryimage\"},\"thumbnailUrl\":\"https:\/\/www.it-robotics.com\/media\/IT-Robotics-Asistencia-tecnica.jpg\",\"datePublished\":\"2016-06-09T13:09:40+00:00\",\"dateModified\":\"2016-10-17T09:47:20+00:00\",\"description\":\"Nach Abschluss der Garantieperiode Ihrer Anwendung, steht Ihnen unser Abteilung f\u00fcr technische Unterst\u00fctzung weiterhin vollst\u00e4ndig zur Verf\u00fcgung, um jegliche Probleme Ihrer Anlage auf effiziente und professionelle Weise zu l\u00f6sen\",\"breadcrumb\":{\"@id\":\"https:\/\/www.it-robotics.com\/de\/dienstleistungen\/technische-unterstuetzung\/#breadcrumb\"},\"inLanguage\":\"de\",\"potentialAction\":[{\"@type\":\"ReadAction\",\"target\":[\"https:\/\/www.it-robotics.com\/de\/dienstleistungen\/technische-unterstuetzung\/\"]}]},{\"@type\":\"ImageObject\",\"inLanguage\":\"de\",\"@id\":\"https:\/\/www.it-robotics.com\/de\/dienstleistungen\/technische-unterstuetzung\/#primaryimage\",\"url\":\"https:\/\/www.it-robotics.com\/media\/IT-Robotics-Asistencia-tecnica.jpg\",\"contentUrl\":\"https:\/\/www.it-robotics.com\/media\/IT-Robotics-Asistencia-tecnica.jpg\",\"width\":1500,\"height\":500},{\"@type\":\"BreadcrumbList\",\"@id\":\"https:\/\/www.it-robotics.com\/de\/dienstleistungen\/technische-unterstuetzung\/#breadcrumb\",\"itemListElement\":[{\"@type\":\"ListItem\",\"position\":1,\"name\":\"Home\",\"item\":\"https:\/\/www.it-robotics.com\/de\/\"},{\"@type\":\"ListItem\",\"position\":2,\"name\":\"Dienstleistungen\",\"item\":\"https:\/\/www.it-robotics.com\/de\/dienstleistungen\/\"},{\"@type\":\"ListItem\",\"position\":3,\"name\":\"Technische unterst\u00fctzung\"}]},{\"@type\":\"WebSite\",\"@id\":\"https:\/\/www.it-robotics.com\/#website\",\"url\":\"https:\/\/www.it-robotics.com\/\",\"name\":\"it Robotics\",\"description\":\"Automatizaci\u00f3n y rob\u00f3tica industrial\",\"potentialAction\":[{\"@type\":\"SearchAction\",\"target\":{\"@type\":\"EntryPoint\",\"urlTemplate\":\"https:\/\/www.it-robotics.com\/?s={search_term_string}\"},\"query-input\":{\"@type\":\"PropertyValueSpecification\",\"valueRequired\":true,\"valueName\":\"search_term_string\"}}],\"inLanguage\":\"de\"}]}<\/script>\n<!-- \/ Yoast SEO plugin. -->","yoast_head_json":{"title":"Asistencia t\u00e9cnica - Rob\u00f3tica industrial - it Robotics","description":"Nach Abschluss der Garantieperiode Ihrer Anwendung, steht Ihnen unser Abteilung f\u00fcr technische Unterst\u00fctzung weiterhin vollst\u00e4ndig zur Verf\u00fcgung, um jegliche Probleme Ihrer Anlage auf effiziente und professionelle Weise zu l\u00f6sen","robots":{"index":"index","follow":"follow","max-snippet":"max-snippet:-1","max-image-preview":"max-image-preview:large","max-video-preview":"max-video-preview:-1"},"canonical":"https:\/\/www.it-robotics.com\/de\/dienstleistungen\/technische-unterstuetzung\/","og_locale":"de_DE","og_type":"article","og_title":"Asistencia t\u00e9cnica - Rob\u00f3tica industrial - it Robotics","og_description":"Nach Abschluss der Garantieperiode Ihrer Anwendung, steht Ihnen unser Abteilung f\u00fcr technische Unterst\u00fctzung weiterhin vollst\u00e4ndig zur Verf\u00fcgung, um jegliche Probleme Ihrer Anlage auf effiziente und professionelle Weise zu l\u00f6sen","og_url":"https:\/\/www.it-robotics.com\/de\/dienstleistungen\/technische-unterstuetzung\/","og_site_name":"it Robotics","article_publisher":"https:\/\/www.facebook.com\/IT-Robotics-145862368820931\/","article_modified_time":"2016-10-17T09:47:20+00:00","og_image":[{"width":1500,"height":500,"url":"https:\/\/www.it-robotics.com\/media\/IT-Robotics-Asistencia-tecnica.jpg","type":"image\/jpeg"}],"twitter_card":"summary_large_image","schema":{"@context":"https:\/\/schema.org","@graph":[{"@type":"WebPage","@id":"https:\/\/www.it-robotics.com\/de\/dienstleistungen\/technische-unterstuetzung\/","url":"https:\/\/www.it-robotics.com\/de\/dienstleistungen\/technische-unterstuetzung\/","name":"Asistencia t\u00e9cnica - Rob\u00f3tica industrial - it Robotics","isPartOf":{"@id":"https:\/\/www.it-robotics.com\/#website"},"primaryImageOfPage":{"@id":"https:\/\/www.it-robotics.com\/de\/dienstleistungen\/technische-unterstuetzung\/#primaryimage"},"image":{"@id":"https:\/\/www.it-robotics.com\/de\/dienstleistungen\/technische-unterstuetzung\/#primaryimage"},"thumbnailUrl":"https:\/\/www.it-robotics.com\/media\/IT-Robotics-Asistencia-tecnica.jpg","datePublished":"2016-06-09T13:09:40+00:00","dateModified":"2016-10-17T09:47:20+00:00","description":"Nach Abschluss der Garantieperiode Ihrer Anwendung, steht Ihnen unser Abteilung f\u00fcr technische Unterst\u00fctzung weiterhin vollst\u00e4ndig zur Verf\u00fcgung, um jegliche Probleme Ihrer Anlage auf effiziente und professionelle Weise zu l\u00f6sen","breadcrumb":{"@id":"https:\/\/www.it-robotics.com\/de\/dienstleistungen\/technische-unterstuetzung\/#breadcrumb"},"inLanguage":"de","potentialAction":[{"@type":"ReadAction","target":["https:\/\/www.it-robotics.com\/de\/dienstleistungen\/technische-unterstuetzung\/"]}]},{"@type":"ImageObject","inLanguage":"de","@id":"https:\/\/www.it-robotics.com\/de\/dienstleistungen\/technische-unterstuetzung\/#primaryimage","url":"https:\/\/www.it-robotics.com\/media\/IT-Robotics-Asistencia-tecnica.jpg","contentUrl":"https:\/\/www.it-robotics.com\/media\/IT-Robotics-Asistencia-tecnica.jpg","width":1500,"height":500},{"@type":"BreadcrumbList","@id":"https:\/\/www.it-robotics.com\/de\/dienstleistungen\/technische-unterstuetzung\/#breadcrumb","itemListElement":[{"@type":"ListItem","position":1,"name":"Home","item":"https:\/\/www.it-robotics.com\/de\/"},{"@type":"ListItem","position":2,"name":"Dienstleistungen","item":"https:\/\/www.it-robotics.com\/de\/dienstleistungen\/"},{"@type":"ListItem","position":3,"name":"Technische unterst\u00fctzung"}]},{"@type":"WebSite","@id":"https:\/\/www.it-robotics.com\/#website","url":"https:\/\/www.it-robotics.com\/","name":"it Robotics","description":"Automatizaci\u00f3n y rob\u00f3tica industrial","potentialAction":[{"@type":"SearchAction","target":{"@type":"EntryPoint","urlTemplate":"https:\/\/www.it-robotics.com\/?s={search_term_string}"},"query-input":{"@type":"PropertyValueSpecification","valueRequired":true,"valueName":"search_term_string"}}],"inLanguage":"de"}]}},"_links":{"self":[{"href":"https:\/\/www.it-robotics.com\/de\/wp-json\/wp\/v2\/pages\/2006","targetHints":{"allow":["GET"]}}],"collection":[{"href":"https:\/\/www.it-robotics.com\/de\/wp-json\/wp\/v2\/pages"}],"about":[{"href":"https:\/\/www.it-robotics.com\/de\/wp-json\/wp\/v2\/types\/page"}],"author":[{"embeddable":true,"href":"https:\/\/www.it-robotics.com\/de\/wp-json\/wp\/v2\/users\/1"}],"replies":[{"embeddable":true,"href":"https:\/\/www.it-robotics.com\/de\/wp-json\/wp\/v2\/comments?post=2006"}],"version-history":[{"count":2,"href":"https:\/\/www.it-robotics.com\/de\/wp-json\/wp\/v2\/pages\/2006\/revisions"}],"predecessor-version":[{"id":2008,"href":"https:\/\/www.it-robotics.com\/de\/wp-json\/wp\/v2\/pages\/2006\/revisions\/2008"}],"up":[{"embeddable":true,"href":"https:\/\/www.it-robotics.com\/de\/wp-json\/wp\/v2\/pages\/2003"}],"wp:featuredmedia":[{"embeddable":true,"href":"https:\/\/www.it-robotics.com\/de\/wp-json\/wp\/v2\/media\/1891"}],"wp:attachment":[{"href":"https:\/\/www.it-robotics.com\/de\/wp-json\/wp\/v2\/media?parent=2006"}],"curies":[{"name":"wp","href":"https:\/\/api.w.org\/{rel}","templated":true}]}}