{"id":2003,"date":"2016-06-08T09:57:59","date_gmt":"2016-06-08T09:57:59","guid":{"rendered":"http:\/\/www.it-robotics.com\/de\/servicios\/"},"modified":"2016-10-17T09:48:27","modified_gmt":"2016-10-17T09:48:27","slug":"dienstleistungen","status":"publish","type":"page","link":"https:\/\/www.it-robotics.com\/de\/dienstleistungen\/","title":{"rendered":"Dienstleistungen"},"content":{"rendered":"<div id=\"pl-2003\"  class=\"panel-layout\" ><div id=\"pg-2003-0\"  class=\"panel-grid panel-no-style\" ><div id=\"pgc-2003-0-0\"  class=\"panel-grid-cell\" ><div id=\"panel-2003-0-0-0\" class=\"so-panel widget widget_sow-image panel-first-child panel-last-child\" data-index=\"0\" ><div\n\t\t\t\n\t\t\tclass=\"so-widget-sow-image so-widget-sow-image-default-8b5b6f678277-2003\"\n\t\t\t\n\t\t><h3 class=\"widget-title\">Technische unterst\u00fctzung<\/h3>\n<div class=\"sow-image-container\">\n\t\t\t<a href=\"\/de\/dienstleistungen\/technische-unterstuetzung\/\"\n\t\t\t\t\t>\n\t\t\t<img \n\tsrc=\"https:\/\/www.it-robotics.com\/media\/IT-Robotics-Asistencia-tecnica.jpg\" width=\"1500\" height=\"500\" srcset=\"https:\/\/www.it-robotics.com\/media\/IT-Robotics-Asistencia-tecnica.jpg 1500w, https:\/\/www.it-robotics.com\/media\/IT-Robotics-Asistencia-tecnica-300x100.jpg 300w, https:\/\/www.it-robotics.com\/media\/IT-Robotics-Asistencia-tecnica-1024x341.jpg 1024w\" sizes=\"(max-width: 1500px) 100vw, 1500px\" title=\"Technische unterst\u00fctzung\" alt=\"it-robotics-asistencia-tecnica\" \t\tclass=\"so-widget-image\"\/>\n\t\t\t<\/a><\/div>\n\n<\/div><\/div><\/div><div id=\"pgc-2003-0-1\"  class=\"panel-grid-cell\" ><div id=\"panel-2003-0-1-0\" class=\"so-panel widget widget_sow-image panel-first-child panel-last-child\" data-index=\"1\" ><div\n\t\t\t\n\t\t\tclass=\"so-widget-sow-image so-widget-sow-image-default-8b5b6f678277-2003\"\n\t\t\t\n\t\t><h3 class=\"widget-title\">Wartung<\/h3>\n<div class=\"sow-image-container\">\n\t\t\t<a href=\"\/de\/dienstleistungen\/wartung\/\"\n\t\t\t\t\t>\n\t\t\t<img \n\tsrc=\"https:\/\/www.it-robotics.com\/media\/IT-Robotics-Mantenimiento-.jpg\" width=\"1500\" height=\"500\" srcset=\"https:\/\/www.it-robotics.com\/media\/IT-Robotics-Mantenimiento-.jpg 1500w, https:\/\/www.it-robotics.com\/media\/IT-Robotics-Mantenimiento--300x100.jpg 300w, https:\/\/www.it-robotics.com\/media\/IT-Robotics-Mantenimiento--1024x341.jpg 1024w\" sizes=\"(max-width: 1500px) 100vw, 1500px\" title=\"Wartung\" alt=\"IT-Robotics - Mantenimiento\" \t\tclass=\"so-widget-image\"\/>\n\t\t\t<\/a><\/div>\n\n<\/div><\/div><\/div><div id=\"pgc-2003-0-2\"  class=\"panel-grid-cell\" ><div id=\"panel-2003-0-2-0\" class=\"so-panel widget widget_sow-image panel-first-child panel-last-child\" data-index=\"2\" ><div\n\t\t\t\n\t\t\tclass=\"so-widget-sow-image so-widget-sow-image-default-8b5b6f678277-2003\"\n\t\t\t\n\t\t><h3 class=\"widget-title\">Schulung<\/h3>\n<div class=\"sow-image-container\">\n\t\t\t<a href=\"\/de\/dienstleistungen\/schulung\/\"\n\t\t\t\t\t>\n\t\t\t<img \n\tsrc=\"https:\/\/www.it-robotics.com\/media\/IT-Robotics-Formacion.jpg\" width=\"1500\" height=\"500\" srcset=\"https:\/\/www.it-robotics.com\/media\/IT-Robotics-Formacion.jpg 1500w, https:\/\/www.it-robotics.com\/media\/IT-Robotics-Formacion-300x100.jpg 300w, https:\/\/www.it-robotics.com\/media\/IT-Robotics-Formacion-1024x341.jpg 1024w\" sizes=\"(max-width: 1500px) 100vw, 1500px\" title=\"Schulung\" alt=\"it-robotics-formacion\" \t\tclass=\"so-widget-image\"\/>\n\t\t\t<\/a><\/div>\n\n<\/div><\/div><\/div><\/div><\/div>","protected":false},"excerpt":{"rendered":"<p>Technische unterst\u00fctzung Wartung Schulung<\/p>\n","protected":false},"author":1,"featured_media":0,"parent":0,"menu_order":0,"comment_status":"closed","ping_status":"closed","template":"","meta":{"footnotes":""},"class_list":["post-2003","page","type-page","status-publish","hentry"],"yoast_head":"<!-- This site is optimized with the Yoast SEO plugin v26.7 - https:\/\/yoast.com\/wordpress\/plugins\/seo\/ -->\n<title>Servicios - Rob\u00f3tica industrial - it Robotics<\/title>\n<meta name=\"description\" content=\"Nach Abschluss der Garantieperiode Ihrer Anwendung, steht Ihnen unser Abteilung f\u00fcr technische Unterst\u00fctzung weiterhin vollst\u00e4ndig zur Verf\u00fcgung, um jegliche Probleme Ihrer Anlage auf effiziente und professionelle Weise zu l\u00f6sen.\" \/>\n<meta name=\"robots\" content=\"index, follow, max-snippet:-1, max-image-preview:large, max-video-preview:-1\" \/>\n<link rel=\"canonical\" href=\"https:\/\/www.it-robotics.com\/de\/dienstleistungen\/\" \/>\n<meta property=\"og:locale\" content=\"de_DE\" \/>\n<meta property=\"og:type\" content=\"article\" \/>\n<meta property=\"og:title\" content=\"Servicios - Rob\u00f3tica industrial - it Robotics\" \/>\n<meta property=\"og:description\" content=\"Nach Abschluss der Garantieperiode Ihrer Anwendung, steht Ihnen unser Abteilung f\u00fcr technische Unterst\u00fctzung weiterhin vollst\u00e4ndig zur Verf\u00fcgung, um jegliche Probleme Ihrer Anlage auf effiziente und professionelle Weise zu l\u00f6sen.\" \/>\n<meta property=\"og:url\" content=\"https:\/\/www.it-robotics.com\/de\/dienstleistungen\/\" \/>\n<meta property=\"og:site_name\" content=\"it Robotics\" \/>\n<meta property=\"article:publisher\" content=\"https:\/\/www.facebook.com\/IT-Robotics-145862368820931\/\" \/>\n<meta property=\"article:modified_time\" content=\"2016-10-17T09:48:27+00:00\" \/>\n<meta property=\"og:image\" content=\"http:\/\/www.it-robotics.com\/media\/IT-Robotics-Asistencia-tecnica.jpg\" \/>\n<meta name=\"twitter:card\" content=\"summary_large_image\" \/>\n<script type=\"application\/ld+json\" class=\"yoast-schema-graph\">{\"@context\":\"https:\/\/schema.org\",\"@graph\":[{\"@type\":\"WebPage\",\"@id\":\"https:\/\/www.it-robotics.com\/de\/dienstleistungen\/\",\"url\":\"https:\/\/www.it-robotics.com\/de\/dienstleistungen\/\",\"name\":\"Servicios - Rob\u00f3tica industrial - it Robotics\",\"isPartOf\":{\"@id\":\"https:\/\/www.it-robotics.com\/#website\"},\"primaryImageOfPage\":{\"@id\":\"https:\/\/www.it-robotics.com\/de\/dienstleistungen\/#primaryimage\"},\"image\":{\"@id\":\"https:\/\/www.it-robotics.com\/de\/dienstleistungen\/#primaryimage\"},\"thumbnailUrl\":\"http:\/\/www.it-robotics.com\/media\/IT-Robotics-Asistencia-tecnica.jpg\",\"datePublished\":\"2016-06-08T09:57:59+00:00\",\"dateModified\":\"2016-10-17T09:48:27+00:00\",\"description\":\"Nach Abschluss der Garantieperiode Ihrer Anwendung, steht Ihnen unser Abteilung f\u00fcr technische Unterst\u00fctzung weiterhin vollst\u00e4ndig zur Verf\u00fcgung, um jegliche Probleme Ihrer Anlage auf effiziente und professionelle Weise zu l\u00f6sen.\",\"breadcrumb\":{\"@id\":\"https:\/\/www.it-robotics.com\/de\/dienstleistungen\/#breadcrumb\"},\"inLanguage\":\"de\",\"potentialAction\":[{\"@type\":\"ReadAction\",\"target\":[\"https:\/\/www.it-robotics.com\/de\/dienstleistungen\/\"]}]},{\"@type\":\"ImageObject\",\"inLanguage\":\"de\",\"@id\":\"https:\/\/www.it-robotics.com\/de\/dienstleistungen\/#primaryimage\",\"url\":\"http:\/\/www.it-robotics.com\/media\/IT-Robotics-Asistencia-tecnica.jpg\",\"contentUrl\":\"http:\/\/www.it-robotics.com\/media\/IT-Robotics-Asistencia-tecnica.jpg\"},{\"@type\":\"BreadcrumbList\",\"@id\":\"https:\/\/www.it-robotics.com\/de\/dienstleistungen\/#breadcrumb\",\"itemListElement\":[{\"@type\":\"ListItem\",\"position\":1,\"name\":\"Home\",\"item\":\"https:\/\/www.it-robotics.com\/de\/\"},{\"@type\":\"ListItem\",\"position\":2,\"name\":\"Dienstleistungen\"}]},{\"@type\":\"WebSite\",\"@id\":\"https:\/\/www.it-robotics.com\/#website\",\"url\":\"https:\/\/www.it-robotics.com\/\",\"name\":\"it Robotics\",\"description\":\"Automatizaci\u00f3n y rob\u00f3tica industrial\",\"potentialAction\":[{\"@type\":\"SearchAction\",\"target\":{\"@type\":\"EntryPoint\",\"urlTemplate\":\"https:\/\/www.it-robotics.com\/?s={search_term_string}\"},\"query-input\":{\"@type\":\"PropertyValueSpecification\",\"valueRequired\":true,\"valueName\":\"search_term_string\"}}],\"inLanguage\":\"de\"}]}<\/script>\n<!-- \/ Yoast SEO plugin. -->","yoast_head_json":{"title":"Servicios - Rob\u00f3tica industrial - it Robotics","description":"Nach Abschluss der Garantieperiode Ihrer Anwendung, steht Ihnen unser Abteilung f\u00fcr technische Unterst\u00fctzung weiterhin vollst\u00e4ndig zur Verf\u00fcgung, um jegliche Probleme Ihrer Anlage auf effiziente und professionelle Weise zu l\u00f6sen.","robots":{"index":"index","follow":"follow","max-snippet":"max-snippet:-1","max-image-preview":"max-image-preview:large","max-video-preview":"max-video-preview:-1"},"canonical":"https:\/\/www.it-robotics.com\/de\/dienstleistungen\/","og_locale":"de_DE","og_type":"article","og_title":"Servicios - Rob\u00f3tica industrial - it Robotics","og_description":"Nach Abschluss der Garantieperiode Ihrer Anwendung, steht Ihnen unser Abteilung f\u00fcr technische Unterst\u00fctzung weiterhin vollst\u00e4ndig zur Verf\u00fcgung, um jegliche Probleme Ihrer Anlage auf effiziente und professionelle Weise zu l\u00f6sen.","og_url":"https:\/\/www.it-robotics.com\/de\/dienstleistungen\/","og_site_name":"it Robotics","article_publisher":"https:\/\/www.facebook.com\/IT-Robotics-145862368820931\/","article_modified_time":"2016-10-17T09:48:27+00:00","og_image":[{"url":"http:\/\/www.it-robotics.com\/media\/IT-Robotics-Asistencia-tecnica.jpg","type":"","width":"","height":""}],"twitter_card":"summary_large_image","schema":{"@context":"https:\/\/schema.org","@graph":[{"@type":"WebPage","@id":"https:\/\/www.it-robotics.com\/de\/dienstleistungen\/","url":"https:\/\/www.it-robotics.com\/de\/dienstleistungen\/","name":"Servicios - Rob\u00f3tica industrial - it Robotics","isPartOf":{"@id":"https:\/\/www.it-robotics.com\/#website"},"primaryImageOfPage":{"@id":"https:\/\/www.it-robotics.com\/de\/dienstleistungen\/#primaryimage"},"image":{"@id":"https:\/\/www.it-robotics.com\/de\/dienstleistungen\/#primaryimage"},"thumbnailUrl":"http:\/\/www.it-robotics.com\/media\/IT-Robotics-Asistencia-tecnica.jpg","datePublished":"2016-06-08T09:57:59+00:00","dateModified":"2016-10-17T09:48:27+00:00","description":"Nach Abschluss der Garantieperiode Ihrer Anwendung, steht Ihnen unser Abteilung f\u00fcr technische Unterst\u00fctzung weiterhin vollst\u00e4ndig zur Verf\u00fcgung, um jegliche Probleme Ihrer Anlage auf effiziente und professionelle Weise zu l\u00f6sen.","breadcrumb":{"@id":"https:\/\/www.it-robotics.com\/de\/dienstleistungen\/#breadcrumb"},"inLanguage":"de","potentialAction":[{"@type":"ReadAction","target":["https:\/\/www.it-robotics.com\/de\/dienstleistungen\/"]}]},{"@type":"ImageObject","inLanguage":"de","@id":"https:\/\/www.it-robotics.com\/de\/dienstleistungen\/#primaryimage","url":"http:\/\/www.it-robotics.com\/media\/IT-Robotics-Asistencia-tecnica.jpg","contentUrl":"http:\/\/www.it-robotics.com\/media\/IT-Robotics-Asistencia-tecnica.jpg"},{"@type":"BreadcrumbList","@id":"https:\/\/www.it-robotics.com\/de\/dienstleistungen\/#breadcrumb","itemListElement":[{"@type":"ListItem","position":1,"name":"Home","item":"https:\/\/www.it-robotics.com\/de\/"},{"@type":"ListItem","position":2,"name":"Dienstleistungen"}]},{"@type":"WebSite","@id":"https:\/\/www.it-robotics.com\/#website","url":"https:\/\/www.it-robotics.com\/","name":"it Robotics","description":"Automatizaci\u00f3n y rob\u00f3tica industrial","potentialAction":[{"@type":"SearchAction","target":{"@type":"EntryPoint","urlTemplate":"https:\/\/www.it-robotics.com\/?s={search_term_string}"},"query-input":{"@type":"PropertyValueSpecification","valueRequired":true,"valueName":"search_term_string"}}],"inLanguage":"de"}]}},"_links":{"self":[{"href":"https:\/\/www.it-robotics.com\/de\/wp-json\/wp\/v2\/pages\/2003","targetHints":{"allow":["GET"]}}],"collection":[{"href":"https:\/\/www.it-robotics.com\/de\/wp-json\/wp\/v2\/pages"}],"about":[{"href":"https:\/\/www.it-robotics.com\/de\/wp-json\/wp\/v2\/types\/page"}],"author":[{"embeddable":true,"href":"https:\/\/www.it-robotics.com\/de\/wp-json\/wp\/v2\/users\/1"}],"replies":[{"embeddable":true,"href":"https:\/\/www.it-robotics.com\/de\/wp-json\/wp\/v2\/comments?post=2003"}],"version-history":[{"count":2,"href":"https:\/\/www.it-robotics.com\/de\/wp-json\/wp\/v2\/pages\/2003\/revisions"}],"predecessor-version":[{"id":2127,"href":"https:\/\/www.it-robotics.com\/de\/wp-json\/wp\/v2\/pages\/2003\/revisions\/2127"}],"wp:attachment":[{"href":"https:\/\/www.it-robotics.com\/de\/wp-json\/wp\/v2\/media?parent=2003"}],"curies":[{"name":"wp","href":"https:\/\/api.w.org\/{rel}","templated":true}]}}