{"id":2000,"date":"2016-06-09T13:15:31","date_gmt":"2016-06-09T13:15:31","guid":{"rendered":"http:\/\/www.it-robotics.com\/de\/mantenimiento\/"},"modified":"2016-10-14T12:47:07","modified_gmt":"2016-10-14T12:47:07","slug":"wartung","status":"publish","type":"page","link":"https:\/\/www.it-robotics.com\/de\/dienstleistungen\/wartung\/","title":{"rendered":"Wartung"},"content":{"rendered":"<p>Falls gew\u00fcnscht, bieten wir Ihnen ein komplettes, exklusiv auf Ihre Anwendung angepasstes <strong>pr\u00e4ventives Wartungsprogramm mit regelm\u00e4\u00dfigen \u00dcberpr\u00fcfungen<\/strong>,  zur Festlegung und Verhinderung von m\u00f6glichen Sch\u00e4den. Auf diese Weise k\u00f6nnen kostspielige Ausf\u00e4lle und Verz\u00f6gerungen in Ihrem Herstellungsprozess vermieden werden.<\/p>\n","protected":false},"excerpt":{"rendered":"<p>Falls gew\u00fcnscht, bieten wir Ihnen ein komplettes, exklusiv auf Ihre Anwendung angepasstes pr\u00e4ventives Wartungsprogramm mit regelm\u00e4\u00dfigen \u00dcberpr\u00fcfungen, zur Festlegung und Verhinderung von m\u00f6glichen Sch\u00e4den. Auf diese Weise k\u00f6nnen kostspielige Ausf\u00e4lle und Verz\u00f6gerungen in Ihrem Herstellungsprozess vermieden werden.<\/p>\n","protected":false},"author":1,"featured_media":1550,"parent":2003,"menu_order":0,"comment_status":"closed","ping_status":"closed","template":"","meta":{"footnotes":""},"class_list":["post-2000","page","type-page","status-publish","has-post-thumbnail","hentry"],"yoast_head":"<!-- This site is optimized with the Yoast SEO plugin v26.7 - https:\/\/yoast.com\/wordpress\/plugins\/seo\/ -->\n<title>Wartung - it Robotics<\/title>\n<meta name=\"description\" content=\"Falls gew\u00fcnscht, bieten wir Ihnen ein komplettes, exklusiv auf Ihre Anwendung angepasstes pr\u00e4ventives Wartungsprogramm mit regelm\u00e4\u00dfigen \u00dcberpr\u00fcfungen, zur Festlegung und Verhinderung von m\u00f6glichen Sch\u00e4den.\" \/>\n<meta name=\"robots\" content=\"index, follow, max-snippet:-1, max-image-preview:large, max-video-preview:-1\" \/>\n<link rel=\"canonical\" href=\"https:\/\/www.it-robotics.com\/de\/dienstleistungen\/wartung\/\" \/>\n<meta property=\"og:locale\" content=\"de_DE\" \/>\n<meta property=\"og:type\" content=\"article\" \/>\n<meta property=\"og:title\" content=\"Wartung - it Robotics\" \/>\n<meta property=\"og:description\" content=\"Falls gew\u00fcnscht, bieten wir Ihnen ein komplettes, exklusiv auf Ihre Anwendung angepasstes pr\u00e4ventives Wartungsprogramm mit regelm\u00e4\u00dfigen \u00dcberpr\u00fcfungen, zur Festlegung und Verhinderung von m\u00f6glichen Sch\u00e4den.\" \/>\n<meta property=\"og:url\" content=\"https:\/\/www.it-robotics.com\/de\/dienstleistungen\/wartung\/\" \/>\n<meta property=\"og:site_name\" content=\"it Robotics\" \/>\n<meta property=\"article:publisher\" content=\"https:\/\/www.facebook.com\/IT-Robotics-145862368820931\/\" \/>\n<meta property=\"article:modified_time\" content=\"2016-10-14T12:47:07+00:00\" \/>\n<meta property=\"og:image\" content=\"https:\/\/www.it-robotics.com\/media\/IT-Robotics-Mantenimiento-.jpg\" \/>\n\t<meta property=\"og:image:width\" content=\"1500\" \/>\n\t<meta property=\"og:image:height\" content=\"500\" \/>\n\t<meta property=\"og:image:type\" content=\"image\/jpeg\" \/>\n<meta name=\"twitter:card\" content=\"summary_large_image\" \/>\n<script type=\"application\/ld+json\" class=\"yoast-schema-graph\">{\"@context\":\"https:\/\/schema.org\",\"@graph\":[{\"@type\":\"WebPage\",\"@id\":\"https:\/\/www.it-robotics.com\/de\/dienstleistungen\/wartung\/\",\"url\":\"https:\/\/www.it-robotics.com\/de\/dienstleistungen\/wartung\/\",\"name\":\"Wartung - it Robotics\",\"isPartOf\":{\"@id\":\"https:\/\/www.it-robotics.com\/#website\"},\"primaryImageOfPage\":{\"@id\":\"https:\/\/www.it-robotics.com\/de\/dienstleistungen\/wartung\/#primaryimage\"},\"image\":{\"@id\":\"https:\/\/www.it-robotics.com\/de\/dienstleistungen\/wartung\/#primaryimage\"},\"thumbnailUrl\":\"https:\/\/www.it-robotics.com\/media\/IT-Robotics-Mantenimiento-.jpg\",\"datePublished\":\"2016-06-09T13:15:31+00:00\",\"dateModified\":\"2016-10-14T12:47:07+00:00\",\"description\":\"Falls gew\u00fcnscht, bieten wir Ihnen ein komplettes, exklusiv auf Ihre Anwendung angepasstes pr\u00e4ventives Wartungsprogramm mit regelm\u00e4\u00dfigen \u00dcberpr\u00fcfungen, zur Festlegung und Verhinderung von m\u00f6glichen Sch\u00e4den.\",\"breadcrumb\":{\"@id\":\"https:\/\/www.it-robotics.com\/de\/dienstleistungen\/wartung\/#breadcrumb\"},\"inLanguage\":\"de\",\"potentialAction\":[{\"@type\":\"ReadAction\",\"target\":[\"https:\/\/www.it-robotics.com\/de\/dienstleistungen\/wartung\/\"]}]},{\"@type\":\"ImageObject\",\"inLanguage\":\"de\",\"@id\":\"https:\/\/www.it-robotics.com\/de\/dienstleistungen\/wartung\/#primaryimage\",\"url\":\"https:\/\/www.it-robotics.com\/media\/IT-Robotics-Mantenimiento-.jpg\",\"contentUrl\":\"https:\/\/www.it-robotics.com\/media\/IT-Robotics-Mantenimiento-.jpg\",\"width\":1500,\"height\":500,\"caption\":\"IT-Robotics - Mantenimiento\"},{\"@type\":\"BreadcrumbList\",\"@id\":\"https:\/\/www.it-robotics.com\/de\/dienstleistungen\/wartung\/#breadcrumb\",\"itemListElement\":[{\"@type\":\"ListItem\",\"position\":1,\"name\":\"Home\",\"item\":\"https:\/\/www.it-robotics.com\/de\/\"},{\"@type\":\"ListItem\",\"position\":2,\"name\":\"Dienstleistungen\",\"item\":\"https:\/\/www.it-robotics.com\/de\/dienstleistungen\/\"},{\"@type\":\"ListItem\",\"position\":3,\"name\":\"Wartung\"}]},{\"@type\":\"WebSite\",\"@id\":\"https:\/\/www.it-robotics.com\/#website\",\"url\":\"https:\/\/www.it-robotics.com\/\",\"name\":\"it Robotics\",\"description\":\"Automatizaci\u00f3n y rob\u00f3tica industrial\",\"potentialAction\":[{\"@type\":\"SearchAction\",\"target\":{\"@type\":\"EntryPoint\",\"urlTemplate\":\"https:\/\/www.it-robotics.com\/?s={search_term_string}\"},\"query-input\":{\"@type\":\"PropertyValueSpecification\",\"valueRequired\":true,\"valueName\":\"search_term_string\"}}],\"inLanguage\":\"de\"}]}<\/script>\n<!-- \/ Yoast SEO plugin. -->","yoast_head_json":{"title":"Wartung - it Robotics","description":"Falls gew\u00fcnscht, bieten wir Ihnen ein komplettes, exklusiv auf Ihre Anwendung angepasstes pr\u00e4ventives Wartungsprogramm mit regelm\u00e4\u00dfigen \u00dcberpr\u00fcfungen, zur Festlegung und Verhinderung von m\u00f6glichen Sch\u00e4den.","robots":{"index":"index","follow":"follow","max-snippet":"max-snippet:-1","max-image-preview":"max-image-preview:large","max-video-preview":"max-video-preview:-1"},"canonical":"https:\/\/www.it-robotics.com\/de\/dienstleistungen\/wartung\/","og_locale":"de_DE","og_type":"article","og_title":"Wartung - it Robotics","og_description":"Falls gew\u00fcnscht, bieten wir Ihnen ein komplettes, exklusiv auf Ihre Anwendung angepasstes pr\u00e4ventives Wartungsprogramm mit regelm\u00e4\u00dfigen \u00dcberpr\u00fcfungen, zur Festlegung und Verhinderung von m\u00f6glichen Sch\u00e4den.","og_url":"https:\/\/www.it-robotics.com\/de\/dienstleistungen\/wartung\/","og_site_name":"it Robotics","article_publisher":"https:\/\/www.facebook.com\/IT-Robotics-145862368820931\/","article_modified_time":"2016-10-14T12:47:07+00:00","og_image":[{"width":1500,"height":500,"url":"https:\/\/www.it-robotics.com\/media\/IT-Robotics-Mantenimiento-.jpg","type":"image\/jpeg"}],"twitter_card":"summary_large_image","schema":{"@context":"https:\/\/schema.org","@graph":[{"@type":"WebPage","@id":"https:\/\/www.it-robotics.com\/de\/dienstleistungen\/wartung\/","url":"https:\/\/www.it-robotics.com\/de\/dienstleistungen\/wartung\/","name":"Wartung - it Robotics","isPartOf":{"@id":"https:\/\/www.it-robotics.com\/#website"},"primaryImageOfPage":{"@id":"https:\/\/www.it-robotics.com\/de\/dienstleistungen\/wartung\/#primaryimage"},"image":{"@id":"https:\/\/www.it-robotics.com\/de\/dienstleistungen\/wartung\/#primaryimage"},"thumbnailUrl":"https:\/\/www.it-robotics.com\/media\/IT-Robotics-Mantenimiento-.jpg","datePublished":"2016-06-09T13:15:31+00:00","dateModified":"2016-10-14T12:47:07+00:00","description":"Falls gew\u00fcnscht, bieten wir Ihnen ein komplettes, exklusiv auf Ihre Anwendung angepasstes pr\u00e4ventives Wartungsprogramm mit regelm\u00e4\u00dfigen \u00dcberpr\u00fcfungen, zur Festlegung und Verhinderung von m\u00f6glichen Sch\u00e4den.","breadcrumb":{"@id":"https:\/\/www.it-robotics.com\/de\/dienstleistungen\/wartung\/#breadcrumb"},"inLanguage":"de","potentialAction":[{"@type":"ReadAction","target":["https:\/\/www.it-robotics.com\/de\/dienstleistungen\/wartung\/"]}]},{"@type":"ImageObject","inLanguage":"de","@id":"https:\/\/www.it-robotics.com\/de\/dienstleistungen\/wartung\/#primaryimage","url":"https:\/\/www.it-robotics.com\/media\/IT-Robotics-Mantenimiento-.jpg","contentUrl":"https:\/\/www.it-robotics.com\/media\/IT-Robotics-Mantenimiento-.jpg","width":1500,"height":500,"caption":"IT-Robotics - Mantenimiento"},{"@type":"BreadcrumbList","@id":"https:\/\/www.it-robotics.com\/de\/dienstleistungen\/wartung\/#breadcrumb","itemListElement":[{"@type":"ListItem","position":1,"name":"Home","item":"https:\/\/www.it-robotics.com\/de\/"},{"@type":"ListItem","position":2,"name":"Dienstleistungen","item":"https:\/\/www.it-robotics.com\/de\/dienstleistungen\/"},{"@type":"ListItem","position":3,"name":"Wartung"}]},{"@type":"WebSite","@id":"https:\/\/www.it-robotics.com\/#website","url":"https:\/\/www.it-robotics.com\/","name":"it Robotics","description":"Automatizaci\u00f3n y rob\u00f3tica industrial","potentialAction":[{"@type":"SearchAction","target":{"@type":"EntryPoint","urlTemplate":"https:\/\/www.it-robotics.com\/?s={search_term_string}"},"query-input":{"@type":"PropertyValueSpecification","valueRequired":true,"valueName":"search_term_string"}}],"inLanguage":"de"}]}},"_links":{"self":[{"href":"https:\/\/www.it-robotics.com\/de\/wp-json\/wp\/v2\/pages\/2000","targetHints":{"allow":["GET"]}}],"collection":[{"href":"https:\/\/www.it-robotics.com\/de\/wp-json\/wp\/v2\/pages"}],"about":[{"href":"https:\/\/www.it-robotics.com\/de\/wp-json\/wp\/v2\/types\/page"}],"author":[{"embeddable":true,"href":"https:\/\/www.it-robotics.com\/de\/wp-json\/wp\/v2\/users\/1"}],"replies":[{"embeddable":true,"href":"https:\/\/www.it-robotics.com\/de\/wp-json\/wp\/v2\/comments?post=2000"}],"version-history":[{"count":1,"href":"https:\/\/www.it-robotics.com\/de\/wp-json\/wp\/v2\/pages\/2000\/revisions"}],"predecessor-version":[{"id":2001,"href":"https:\/\/www.it-robotics.com\/de\/wp-json\/wp\/v2\/pages\/2000\/revisions\/2001"}],"up":[{"embeddable":true,"href":"https:\/\/www.it-robotics.com\/de\/wp-json\/wp\/v2\/pages\/2003"}],"wp:featuredmedia":[{"embeddable":true,"href":"https:\/\/www.it-robotics.com\/de\/wp-json\/wp\/v2\/media\/1550"}],"wp:attachment":[{"href":"https:\/\/www.it-robotics.com\/de\/wp-json\/wp\/v2\/media?parent=2000"}],"curies":[{"name":"wp","href":"https:\/\/api.w.org\/{rel}","templated":true}]}}