{"id":1996,"date":"2016-06-09T13:16:17","date_gmt":"2016-06-09T13:16:17","guid":{"rendered":"http:\/\/www.it-robotics.com\/de\/formacion\/"},"modified":"2016-10-14T12:39:11","modified_gmt":"2016-10-14T12:39:11","slug":"schulung","status":"publish","type":"page","link":"https:\/\/www.it-robotics.com\/de\/dienstleistungen\/schulung\/","title":{"rendered":"Schulung"},"content":{"rendered":"<p>Unsere Schulungsprogramme sind in <strong>verschiedene Stufen<\/strong> eingeteilt und f\u00fcr <strong>unterschiedliche Benutzerprofile<\/strong> gedacht:<\/p>\n<ul>\n<li>Von den einfachsten Kursen, bei denen der richtige Umgang mit der Anwendung gelehrt wird.<\/li>\n<li>Bis hin zu fortgeschrittenen Kursen, bei denen Ihre Mitarbeiter lernen selbstst\u00e4ndig \u00c4nderungen in der Programmierung der Roboter Ihrer Anwendung durchzuf\u00fchren.<\/li>\n<\/ul>\n","protected":false},"excerpt":{"rendered":"<p>Unsere Schulungsprogramme sind in verschiedene Stufen eingeteilt und f\u00fcr unterschiedliche Benutzerprofile gedacht: Von den einfachsten Kursen, bei denen der richtige Umgang mit der Anwendung gelehrt wird. Bis hin zu fortgeschrittenen Kursen, bei denen Ihre Mitarbeiter lernen selbstst\u00e4ndig \u00c4nderungen in der Programmierung der Roboter Ihrer Anwendung durchzuf\u00fchren.<\/p>\n","protected":false},"author":1,"featured_media":1894,"parent":2003,"menu_order":0,"comment_status":"closed","ping_status":"closed","template":"","meta":{"footnotes":""},"class_list":["post-1996","page","type-page","status-publish","has-post-thumbnail","hentry"],"yoast_head":"<!-- This site is optimized with the Yoast SEO plugin v26.7 - https:\/\/yoast.com\/wordpress\/plugins\/seo\/ -->\n<title>Formaci\u00f3n - Rob\u00f3tica Industrial - it Robotics<\/title>\n<meta name=\"description\" content=\"Unsere Schulungsprogramme sind in verschiedene Stufen eingeteilt und f\u00fcr unterschiedliche Benutzerprofile gedacht.\" \/>\n<meta name=\"robots\" content=\"index, follow, max-snippet:-1, max-image-preview:large, max-video-preview:-1\" \/>\n<link rel=\"canonical\" href=\"https:\/\/www.it-robotics.com\/de\/dienstleistungen\/schulung\/\" \/>\n<meta property=\"og:locale\" content=\"de_DE\" \/>\n<meta property=\"og:type\" content=\"article\" \/>\n<meta property=\"og:title\" content=\"Formaci\u00f3n - Rob\u00f3tica Industrial - it Robotics\" \/>\n<meta property=\"og:description\" content=\"Unsere Schulungsprogramme sind in verschiedene Stufen eingeteilt und f\u00fcr unterschiedliche Benutzerprofile gedacht.\" \/>\n<meta property=\"og:url\" content=\"https:\/\/www.it-robotics.com\/de\/dienstleistungen\/schulung\/\" \/>\n<meta property=\"og:site_name\" content=\"it Robotics\" \/>\n<meta property=\"article:publisher\" content=\"https:\/\/www.facebook.com\/IT-Robotics-145862368820931\/\" \/>\n<meta property=\"article:modified_time\" content=\"2016-10-14T12:39:11+00:00\" \/>\n<meta property=\"og:image\" content=\"https:\/\/www.it-robotics.com\/media\/IT-Robotics-Formacion.jpg\" \/>\n\t<meta property=\"og:image:width\" content=\"1500\" \/>\n\t<meta property=\"og:image:height\" content=\"500\" \/>\n\t<meta property=\"og:image:type\" content=\"image\/jpeg\" \/>\n<meta name=\"twitter:card\" content=\"summary_large_image\" \/>\n<script type=\"application\/ld+json\" class=\"yoast-schema-graph\">{\"@context\":\"https:\/\/schema.org\",\"@graph\":[{\"@type\":\"WebPage\",\"@id\":\"https:\/\/www.it-robotics.com\/de\/dienstleistungen\/schulung\/\",\"url\":\"https:\/\/www.it-robotics.com\/de\/dienstleistungen\/schulung\/\",\"name\":\"Formaci\u00f3n - Rob\u00f3tica Industrial - it Robotics\",\"isPartOf\":{\"@id\":\"https:\/\/www.it-robotics.com\/#website\"},\"primaryImageOfPage\":{\"@id\":\"https:\/\/www.it-robotics.com\/de\/dienstleistungen\/schulung\/#primaryimage\"},\"image\":{\"@id\":\"https:\/\/www.it-robotics.com\/de\/dienstleistungen\/schulung\/#primaryimage\"},\"thumbnailUrl\":\"https:\/\/www.it-robotics.com\/media\/IT-Robotics-Formacion.jpg\",\"datePublished\":\"2016-06-09T13:16:17+00:00\",\"dateModified\":\"2016-10-14T12:39:11+00:00\",\"description\":\"Unsere Schulungsprogramme sind in verschiedene Stufen eingeteilt und f\u00fcr unterschiedliche Benutzerprofile gedacht.\",\"breadcrumb\":{\"@id\":\"https:\/\/www.it-robotics.com\/de\/dienstleistungen\/schulung\/#breadcrumb\"},\"inLanguage\":\"de\",\"potentialAction\":[{\"@type\":\"ReadAction\",\"target\":[\"https:\/\/www.it-robotics.com\/de\/dienstleistungen\/schulung\/\"]}]},{\"@type\":\"ImageObject\",\"inLanguage\":\"de\",\"@id\":\"https:\/\/www.it-robotics.com\/de\/dienstleistungen\/schulung\/#primaryimage\",\"url\":\"https:\/\/www.it-robotics.com\/media\/IT-Robotics-Formacion.jpg\",\"contentUrl\":\"https:\/\/www.it-robotics.com\/media\/IT-Robotics-Formacion.jpg\",\"width\":1500,\"height\":500},{\"@type\":\"BreadcrumbList\",\"@id\":\"https:\/\/www.it-robotics.com\/de\/dienstleistungen\/schulung\/#breadcrumb\",\"itemListElement\":[{\"@type\":\"ListItem\",\"position\":1,\"name\":\"Home\",\"item\":\"https:\/\/www.it-robotics.com\/de\/\"},{\"@type\":\"ListItem\",\"position\":2,\"name\":\"Dienstleistungen\",\"item\":\"https:\/\/www.it-robotics.com\/de\/dienstleistungen\/\"},{\"@type\":\"ListItem\",\"position\":3,\"name\":\"Schulung\"}]},{\"@type\":\"WebSite\",\"@id\":\"https:\/\/www.it-robotics.com\/#website\",\"url\":\"https:\/\/www.it-robotics.com\/\",\"name\":\"it Robotics\",\"description\":\"Automatizaci\u00f3n y rob\u00f3tica industrial\",\"potentialAction\":[{\"@type\":\"SearchAction\",\"target\":{\"@type\":\"EntryPoint\",\"urlTemplate\":\"https:\/\/www.it-robotics.com\/?s={search_term_string}\"},\"query-input\":{\"@type\":\"PropertyValueSpecification\",\"valueRequired\":true,\"valueName\":\"search_term_string\"}}],\"inLanguage\":\"de\"}]}<\/script>\n<!-- \/ Yoast SEO plugin. -->","yoast_head_json":{"title":"Formaci\u00f3n - Rob\u00f3tica Industrial - it Robotics","description":"Unsere Schulungsprogramme sind in verschiedene Stufen eingeteilt und f\u00fcr unterschiedliche Benutzerprofile gedacht.","robots":{"index":"index","follow":"follow","max-snippet":"max-snippet:-1","max-image-preview":"max-image-preview:large","max-video-preview":"max-video-preview:-1"},"canonical":"https:\/\/www.it-robotics.com\/de\/dienstleistungen\/schulung\/","og_locale":"de_DE","og_type":"article","og_title":"Formaci\u00f3n - Rob\u00f3tica Industrial - it Robotics","og_description":"Unsere Schulungsprogramme sind in verschiedene Stufen eingeteilt und f\u00fcr unterschiedliche Benutzerprofile gedacht.","og_url":"https:\/\/www.it-robotics.com\/de\/dienstleistungen\/schulung\/","og_site_name":"it Robotics","article_publisher":"https:\/\/www.facebook.com\/IT-Robotics-145862368820931\/","article_modified_time":"2016-10-14T12:39:11+00:00","og_image":[{"width":1500,"height":500,"url":"https:\/\/www.it-robotics.com\/media\/IT-Robotics-Formacion.jpg","type":"image\/jpeg"}],"twitter_card":"summary_large_image","schema":{"@context":"https:\/\/schema.org","@graph":[{"@type":"WebPage","@id":"https:\/\/www.it-robotics.com\/de\/dienstleistungen\/schulung\/","url":"https:\/\/www.it-robotics.com\/de\/dienstleistungen\/schulung\/","name":"Formaci\u00f3n - Rob\u00f3tica Industrial - it Robotics","isPartOf":{"@id":"https:\/\/www.it-robotics.com\/#website"},"primaryImageOfPage":{"@id":"https:\/\/www.it-robotics.com\/de\/dienstleistungen\/schulung\/#primaryimage"},"image":{"@id":"https:\/\/www.it-robotics.com\/de\/dienstleistungen\/schulung\/#primaryimage"},"thumbnailUrl":"https:\/\/www.it-robotics.com\/media\/IT-Robotics-Formacion.jpg","datePublished":"2016-06-09T13:16:17+00:00","dateModified":"2016-10-14T12:39:11+00:00","description":"Unsere Schulungsprogramme sind in verschiedene Stufen eingeteilt und f\u00fcr unterschiedliche Benutzerprofile gedacht.","breadcrumb":{"@id":"https:\/\/www.it-robotics.com\/de\/dienstleistungen\/schulung\/#breadcrumb"},"inLanguage":"de","potentialAction":[{"@type":"ReadAction","target":["https:\/\/www.it-robotics.com\/de\/dienstleistungen\/schulung\/"]}]},{"@type":"ImageObject","inLanguage":"de","@id":"https:\/\/www.it-robotics.com\/de\/dienstleistungen\/schulung\/#primaryimage","url":"https:\/\/www.it-robotics.com\/media\/IT-Robotics-Formacion.jpg","contentUrl":"https:\/\/www.it-robotics.com\/media\/IT-Robotics-Formacion.jpg","width":1500,"height":500},{"@type":"BreadcrumbList","@id":"https:\/\/www.it-robotics.com\/de\/dienstleistungen\/schulung\/#breadcrumb","itemListElement":[{"@type":"ListItem","position":1,"name":"Home","item":"https:\/\/www.it-robotics.com\/de\/"},{"@type":"ListItem","position":2,"name":"Dienstleistungen","item":"https:\/\/www.it-robotics.com\/de\/dienstleistungen\/"},{"@type":"ListItem","position":3,"name":"Schulung"}]},{"@type":"WebSite","@id":"https:\/\/www.it-robotics.com\/#website","url":"https:\/\/www.it-robotics.com\/","name":"it Robotics","description":"Automatizaci\u00f3n y rob\u00f3tica industrial","potentialAction":[{"@type":"SearchAction","target":{"@type":"EntryPoint","urlTemplate":"https:\/\/www.it-robotics.com\/?s={search_term_string}"},"query-input":{"@type":"PropertyValueSpecification","valueRequired":true,"valueName":"search_term_string"}}],"inLanguage":"de"}]}},"_links":{"self":[{"href":"https:\/\/www.it-robotics.com\/de\/wp-json\/wp\/v2\/pages\/1996","targetHints":{"allow":["GET"]}}],"collection":[{"href":"https:\/\/www.it-robotics.com\/de\/wp-json\/wp\/v2\/pages"}],"about":[{"href":"https:\/\/www.it-robotics.com\/de\/wp-json\/wp\/v2\/types\/page"}],"author":[{"embeddable":true,"href":"https:\/\/www.it-robotics.com\/de\/wp-json\/wp\/v2\/users\/1"}],"replies":[{"embeddable":true,"href":"https:\/\/www.it-robotics.com\/de\/wp-json\/wp\/v2\/comments?post=1996"}],"version-history":[{"count":2,"href":"https:\/\/www.it-robotics.com\/de\/wp-json\/wp\/v2\/pages\/1996\/revisions"}],"predecessor-version":[{"id":1998,"href":"https:\/\/www.it-robotics.com\/de\/wp-json\/wp\/v2\/pages\/1996\/revisions\/1998"}],"up":[{"embeddable":true,"href":"https:\/\/www.it-robotics.com\/de\/wp-json\/wp\/v2\/pages\/2003"}],"wp:featuredmedia":[{"embeddable":true,"href":"https:\/\/www.it-robotics.com\/de\/wp-json\/wp\/v2\/media\/1894"}],"wp:attachment":[{"href":"https:\/\/www.it-robotics.com\/de\/wp-json\/wp\/v2\/media?parent=1996"}],"curies":[{"name":"wp","href":"https:\/\/api.w.org\/{rel}","templated":true}]}}