{"id":1989,"date":"2016-06-08T10:05:40","date_gmt":"2016-06-08T10:05:40","guid":{"rendered":"http:\/\/www.it-robotics.com\/de\/trabaja-con-nosotros\/"},"modified":"2016-11-03T17:29:31","modified_gmt":"2016-11-03T17:29:31","slug":"arbeiten-sie-mit-uns","status":"publish","type":"page","link":"https:\/\/www.it-robotics.com\/de\/arbeiten-sie-mit-uns\/","title":{"rendered":"Arbeiten Sie mit uns"},"content":{"rendered":"<div id=\"pl-1989\"  class=\"panel-layout\" ><div id=\"pg-1989-0\"  class=\"panel-grid panel-no-style\" ><div id=\"pgc-1989-0-0\"  class=\"panel-grid-cell\" ><div id=\"panel-1989-0-0-0\" class=\"so-panel widget widget_text panel-first-child panel-last-child\" data-index=\"0\" >\t\t\t<div class=\"textwidget\">In it Robotics wissen wir, dass unser Mitarbeiterteam unser wichtigstes Kapital sind, und aus diesem Grund suchen wir kontinuierlich nach Talenten.\n\n<\/div>\n\t\t<\/div><\/div><\/div><div id=\"pg-1989-1\"  class=\"panel-grid panel-no-style\" ><div id=\"pgc-1989-1-0\"  class=\"panel-grid-cell\" ><div id=\"panel-1989-1-0-0\" class=\"so-panel widget widget_sow-slider panel-first-child\" data-index=\"1\" ><div\n\t\t\t\n\t\t\tclass=\"so-widget-sow-slider so-widget-sow-slider-default-6d39609536fd-1989\"\n\t\t\t\n\t\t>\t\t\t\t<div class=\"sow-slider-base\" style=\"display: none\" tabindex=\"0\">\n\t\t\t\t\t<ul\n\t\t\t\t\tclass=\"sow-slider-images\"\n\t\t\t\t\tdata-settings=\"{&quot;pagination&quot;:true,&quot;speed&quot;:800,&quot;timeout&quot;:4000,&quot;paused&quot;:false,&quot;pause_on_hover&quot;:false,&quot;swipe&quot;:true,&quot;nav_always_show_desktop&quot;:&quot;&quot;,&quot;nav_always_show_mobile&quot;:&quot;&quot;,&quot;breakpoint&quot;:&quot;780px&quot;,&quot;unmute&quot;:false,&quot;anchor&quot;:null}\"\n\t\t\t\t\t\t\t\t\t\tdata-anchor-id=\"\"\n\t\t\t\t>\t\t<li class=\"sow-slider-image\" style=\"visibility: visible;\" >\n\t\t\t\t\t\t<img loading=\"lazy\" decoding=\"async\" width=\"1024\" height=\"768\" src=\"https:\/\/www.it-robotics.com\/media\/IT-Robotics-Oficinas-centrales5.jpg\" class=\"sow-slider-background-image\" alt=\"\" style=\"\" \/>\t\t<\/li>\n\t\t\t\t<li class=\"sow-slider-image\" style=\"visibility: hidden;\" >\n\t\t\t\t\t\t<img loading=\"lazy\" decoding=\"async\" width=\"1024\" height=\"768\" src=\"https:\/\/www.it-robotics.com\/media\/IT-Robotics-Oficinas-centrales4.jpg\" class=\"sow-slider-background-image\" alt=\"\" style=\"\" \/>\t\t<\/li>\n\t\t\t\t<li class=\"sow-slider-image\" style=\"visibility: hidden;\" >\n\t\t\t\t\t\t<img loading=\"lazy\" decoding=\"async\" width=\"1024\" height=\"768\" src=\"https:\/\/www.it-robotics.com\/media\/IT-Robotics-Oficinas-centrales3.jpg\" class=\"sow-slider-background-image\" alt=\"\" style=\"\" \/>\t\t<\/li>\n\t\t\t\t<li class=\"sow-slider-image\" style=\"visibility: hidden;\" >\n\t\t\t\t\t\t<img loading=\"lazy\" decoding=\"async\" width=\"1024\" height=\"768\" src=\"https:\/\/www.it-robotics.com\/media\/IT-Robotics-Oficinas-centrales6.jpg\" class=\"sow-slider-background-image\" alt=\"\" style=\"\" \/>\t\t<\/li>\n\t\t\t\t<li class=\"sow-slider-image\" style=\"visibility: hidden;\" >\n\t\t\t\t\t\t<img loading=\"lazy\" decoding=\"async\" width=\"1024\" height=\"768\" src=\"https:\/\/www.it-robotics.com\/media\/IT-Robotics-Oficinas-centrales1.jpg\" class=\"sow-slider-background-image\" alt=\"\" style=\"\" \/>\t\t<\/li>\n\t\t\t\t<li class=\"sow-slider-image\" style=\"visibility: hidden;\" >\n\t\t\t\t\t\t<img loading=\"lazy\" decoding=\"async\" width=\"1024\" height=\"768\" src=\"https:\/\/www.it-robotics.com\/media\/IT-Robotics-Oficinas-centrales2.jpg\" class=\"sow-slider-background-image\" alt=\"\" style=\"\" \/>\t\t<\/li>\n\t\t\t\t<li class=\"sow-slider-image\" style=\"visibility: hidden;\" >\n\t\t\t\t\t\t<img loading=\"lazy\" decoding=\"async\" width=\"1024\" height=\"768\" src=\"https:\/\/www.it-robotics.com\/media\/IT-Robotics-Oficinas-centrales.jpg\" class=\"sow-slider-background-image\" alt=\"\" style=\"\" \/>\t\t<\/li>\n\t\t<\/ul>\t\t\t\t<ol class=\"sow-slider-pagination\">\n\t\t\t\t\t\t\t\t\t\t\t<li><a href=\"#\" data-goto=\"0\" aria-label=\"Display slide 1\"><\/a><\/li>\n\t\t\t\t\t\t\t\t\t\t\t<li><a href=\"#\" data-goto=\"1\" aria-label=\"Display slide 2\"><\/a><\/li>\n\t\t\t\t\t\t\t\t\t\t\t<li><a href=\"#\" data-goto=\"2\" aria-label=\"Display slide 3\"><\/a><\/li>\n\t\t\t\t\t\t\t\t\t\t\t<li><a href=\"#\" data-goto=\"3\" aria-label=\"Display slide 4\"><\/a><\/li>\n\t\t\t\t\t\t\t\t\t\t\t<li><a href=\"#\" data-goto=\"4\" aria-label=\"Display slide 5\"><\/a><\/li>\n\t\t\t\t\t\t\t\t\t\t\t<li><a href=\"#\" data-goto=\"5\" aria-label=\"Display slide 6\"><\/a><\/li>\n\t\t\t\t\t\t\t\t\t\t\t<li><a href=\"#\" data-goto=\"6\" aria-label=\"Display slide 7\"><\/a><\/li>\n\t\t\t\t\t\t\t\t\t<\/ol>\n\n\t\t\t\t<div class=\"sow-slide-nav sow-slide-nav-next\">\n\t\t\t\t\t<a href=\"#\" data-goto=\"next\" aria-label=\"Next slide\" data-action=\"next\">\n\t\t\t\t\t\t<em class=\"sow-sld-icon-thin-right\"><\/em>\n\t\t\t\t\t<\/a>\n\t\t\t\t<\/div>\n\n\t\t\t\t<div class=\"sow-slide-nav sow-slide-nav-prev\">\n\t\t\t\t\t<a href=\"#\" data-goto=\"previous\" aria-label=\"Previous slide\" data-action=\"prev\">\n\t\t\t\t\t\t<em class=\"sow-sld-icon-thin-left\"><\/em>\n\t\t\t\t\t<\/a>\n\t\t\t\t<\/div>\n\t\t\t\t<\/div><\/div><\/div><div id=\"panel-1989-1-0-1\" class=\"so-panel widget widget_text\" data-index=\"2\" >\t\t\t<div class=\"textwidget\"><p>Wenn Sie einen Hochschulabschluss in Informatik oder Wirtschaftsingenieurwesen (Design, Mechanik, Elektronik) haben und Teil eines zukunftsorientierten Projektes werden m\u00f6chten, dass aus Ingenieuren und Technikern besteht, die sich auf Anwendungen der Industrierobotik spezialisiert haben, dann schicken Sie uns Ihren Lebenslauf per E-Mail an <a href=\"mailto:it-robotics@it-robotics.com\">it-robotics@it-robotics.com<\/a> oder f\u00fcllen Sie folgendes Formular aus:<br \/>\n\n<div class=\"wpcf7 no-js\" id=\"wpcf7-f2123-o1\" lang=\"es-ES\" dir=\"ltr\" data-wpcf7-id=\"2123\">\n<div class=\"screen-reader-response\"><p role=\"status\" aria-live=\"polite\" aria-atomic=\"true\"><\/p> <ul><\/ul><\/div>\n<form action=\"\/de\/wp-json\/wp\/v2\/pages\/1989#wpcf7-f2123-o1\" method=\"post\" class=\"wpcf7-form init\" aria-label=\"Formulario de contacto\" novalidate=\"novalidate\" data-status=\"init\">\n<fieldset class=\"hidden-fields-container\"><input type=\"hidden\" name=\"_wpcf7\" value=\"2123\" \/><input type=\"hidden\" name=\"_wpcf7_version\" value=\"6.1.4\" \/><input type=\"hidden\" name=\"_wpcf7_locale\" value=\"es_ES\" \/><input type=\"hidden\" name=\"_wpcf7_unit_tag\" value=\"wpcf7-f2123-o1\" \/><input type=\"hidden\" name=\"_wpcf7_container_post\" value=\"0\" \/><input type=\"hidden\" name=\"_wpcf7_posted_data_hash\" value=\"\" \/>\n<\/fieldset>\n<p>Name (required)\n<\/p>\n<p><span class=\"wpcf7-form-control-wrap\" data-name=\"your-name\"><input size=\"40\" maxlength=\"400\" class=\"wpcf7-form-control wpcf7-text wpcf7-validates-as-required\" aria-required=\"true\" aria-invalid=\"false\" value=\"\" type=\"text\" name=\"your-name\" \/><\/span>\n<\/p>\n<p>Email (required)\n<\/p>\n<p><span class=\"wpcf7-form-control-wrap\" data-name=\"your-email\"><input size=\"40\" maxlength=\"400\" class=\"wpcf7-form-control wpcf7-email wpcf7-validates-as-required wpcf7-text wpcf7-validates-as-email\" aria-required=\"true\" aria-invalid=\"false\" value=\"\" type=\"email\" name=\"your-email\" \/><\/span>\n<\/p>\n<p>Betreff\n<\/p>\n<p><span class=\"wpcf7-form-control-wrap\" data-name=\"your-subject\"><input size=\"40\" maxlength=\"400\" class=\"wpcf7-form-control wpcf7-text\" aria-invalid=\"false\" value=\"\" type=\"text\" name=\"your-subject\" \/><\/span>\n<\/p>\n<p>Nachricht\n<\/p>\n<p><span class=\"wpcf7-form-control-wrap\" data-name=\"your-message\"><textarea cols=\"40\" rows=\"10\" maxlength=\"2000\" class=\"wpcf7-form-control wpcf7-textarea\" aria-invalid=\"false\" name=\"your-message\"><\/textarea><\/span>\n<\/p>\n<p><small><em>Ihre Daten werden von IT INFOTEC ROBOTICS, S.L. verarbeitet, um Ihre Bewerbung zu bewerten und Sie zur Teilnahme an den Auswahlverfahren f\u00fcr die Besetzung der freien Stellen unserer Mitarbeiter einzuladen, solange wir Ihre Zustimmung haben. Die Legitimation der Behandlung ist Ihre Zustimmung, die Sie jederzeit widerrufen k\u00f6nnen. Ihre Daten werden nicht an Dritte weitergegeben. Sie haben das Recht auf Zugang, Berichtigung und L\u00f6schung Ihrer Daten sowie weitere Rechte, die in unserer Datenschutzerkl\u00e4rung erl\u00e4utert werden: <a href=\"https:\/\/www.adelopd.com\/privacidad\/it-robotics\" target=\"_blank\">https:\/\/www.adelopd.com\/privacidad\/it-robotics<\/a><br \/>\nWICHTIG: Mit der \u00dcbersendung Ihres Lebenslaufs erkl\u00e4ren Sie auf eigene Verantwortung, dass die darin enthaltenen Angaben der Wahrheit entsprechen und dass Sie auf Verlangen entsprechende Nachweise vorlegen k\u00f6nnen.<\/em><\/small>\n<\/p>\n<p><input class=\"wpcf7-form-control wpcf7-submit has-spinner\" type=\"submit\" value=\"Versenden\" \/>\n<\/p><div class=\"wpcf7-response-output\" aria-hidden=\"true\"><\/div>\n<\/form>\n<\/div>\n<\/p>\n<\/div>\n\t\t<\/div><div id=\"panel-1989-1-0-2\" class=\"so-panel widget widget_text panel-last-child\" data-index=\"3\" >\t\t\t<div class=\"textwidget\"><p>Sie k\u00f6nnen die Datenschutzrichtlinie unter folgendem Link:<a href=\"\/de\/datenschutz\/\" target=\"_blank\">Datenschutz<\/a><\/p>\n<\/div>\n\t\t<\/div><\/div><\/div><\/div>","protected":false},"excerpt":{"rendered":"<p>In it Robotics wissen wir, dass unser Mitarbeiterteam unser wichtigstes Kapital sind, und aus diesem Grund suchen wir kontinuierlich nach Talenten. Wenn Sie einen Hochschulabschluss in Informatik oder Wirtschaftsingenieurwesen (Design, Mechanik, Elektronik) haben und Teil eines zukunftsorientierten Projektes werden m\u00f6chten, dass aus Ingenieuren und Technikern besteht, die sich auf Anwendungen der Industrierobotik spezialisiert haben, dann [&hellip;]<\/p>\n","protected":false},"author":1,"featured_media":0,"parent":0,"menu_order":0,"comment_status":"closed","ping_status":"closed","template":"","meta":{"footnotes":""},"class_list":["post-1989","page","type-page","status-publish","hentry"],"yoast_head":"<!-- This site is optimized with the Yoast SEO plugin v26.7 - https:\/\/yoast.com\/wordpress\/plugins\/seo\/ -->\n<title>Arbeiten Sie mit uns - it Robotics<\/title>\n<meta name=\"description\" content=\"En it Robotics sabemos que nuestro principal activo es nuestro equipo humano, por eso estamos en continua b\u00fasqueda de talento.\" \/>\n<meta name=\"robots\" content=\"index, follow, max-snippet:-1, max-image-preview:large, max-video-preview:-1\" \/>\n<link rel=\"canonical\" href=\"https:\/\/www.it-robotics.com\/de\/arbeiten-sie-mit-uns\/\" \/>\n<meta property=\"og:locale\" content=\"de_DE\" \/>\n<meta property=\"og:type\" content=\"article\" \/>\n<meta property=\"og:title\" content=\"Arbeiten Sie mit uns - it Robotics\" \/>\n<meta property=\"og:description\" content=\"En it Robotics sabemos que nuestro principal activo es nuestro equipo humano, por eso estamos en continua b\u00fasqueda de talento.\" \/>\n<meta property=\"og:url\" content=\"https:\/\/www.it-robotics.com\/de\/arbeiten-sie-mit-uns\/\" \/>\n<meta property=\"og:site_name\" content=\"it Robotics\" \/>\n<meta property=\"article:publisher\" content=\"https:\/\/www.facebook.com\/IT-Robotics-145862368820931\/\" \/>\n<meta property=\"article:modified_time\" content=\"2016-11-03T17:29:31+00:00\" \/>\n<meta property=\"og:image\" content=\"http:\/\/www.it-robotics.com\/media\/IT-Robotics-Oficinas-centrales5.jpg\" \/>\n<meta name=\"twitter:card\" content=\"summary_large_image\" \/>\n<script type=\"application\/ld+json\" class=\"yoast-schema-graph\">{\"@context\":\"https:\/\/schema.org\",\"@graph\":[{\"@type\":\"WebPage\",\"@id\":\"https:\/\/www.it-robotics.com\/de\/arbeiten-sie-mit-uns\/\",\"url\":\"https:\/\/www.it-robotics.com\/de\/arbeiten-sie-mit-uns\/\",\"name\":\"Arbeiten Sie mit uns - it Robotics\",\"isPartOf\":{\"@id\":\"https:\/\/www.it-robotics.com\/#website\"},\"primaryImageOfPage\":{\"@id\":\"https:\/\/www.it-robotics.com\/de\/arbeiten-sie-mit-uns\/#primaryimage\"},\"image\":{\"@id\":\"https:\/\/www.it-robotics.com\/de\/arbeiten-sie-mit-uns\/#primaryimage\"},\"thumbnailUrl\":\"http:\/\/www.it-robotics.com\/media\/IT-Robotics-Oficinas-centrales5.jpg\",\"datePublished\":\"2016-06-08T10:05:40+00:00\",\"dateModified\":\"2016-11-03T17:29:31+00:00\",\"description\":\"En it Robotics sabemos que nuestro principal activo es nuestro equipo humano, por eso estamos en continua b\u00fasqueda de talento.\",\"breadcrumb\":{\"@id\":\"https:\/\/www.it-robotics.com\/de\/arbeiten-sie-mit-uns\/#breadcrumb\"},\"inLanguage\":\"de\",\"potentialAction\":[{\"@type\":\"ReadAction\",\"target\":[\"https:\/\/www.it-robotics.com\/de\/arbeiten-sie-mit-uns\/\"]}]},{\"@type\":\"ImageObject\",\"inLanguage\":\"de\",\"@id\":\"https:\/\/www.it-robotics.com\/de\/arbeiten-sie-mit-uns\/#primaryimage\",\"url\":\"http:\/\/www.it-robotics.com\/media\/IT-Robotics-Oficinas-centrales5.jpg\",\"contentUrl\":\"http:\/\/www.it-robotics.com\/media\/IT-Robotics-Oficinas-centrales5.jpg\"},{\"@type\":\"BreadcrumbList\",\"@id\":\"https:\/\/www.it-robotics.com\/de\/arbeiten-sie-mit-uns\/#breadcrumb\",\"itemListElement\":[{\"@type\":\"ListItem\",\"position\":1,\"name\":\"Home\",\"item\":\"https:\/\/www.it-robotics.com\/de\/\"},{\"@type\":\"ListItem\",\"position\":2,\"name\":\"Arbeiten Sie mit uns\"}]},{\"@type\":\"WebSite\",\"@id\":\"https:\/\/www.it-robotics.com\/#website\",\"url\":\"https:\/\/www.it-robotics.com\/\",\"name\":\"it Robotics\",\"description\":\"Automatizaci\u00f3n y rob\u00f3tica industrial\",\"potentialAction\":[{\"@type\":\"SearchAction\",\"target\":{\"@type\":\"EntryPoint\",\"urlTemplate\":\"https:\/\/www.it-robotics.com\/?s={search_term_string}\"},\"query-input\":{\"@type\":\"PropertyValueSpecification\",\"valueRequired\":true,\"valueName\":\"search_term_string\"}}],\"inLanguage\":\"de\"}]}<\/script>\n<!-- \/ Yoast SEO plugin. -->","yoast_head_json":{"title":"Arbeiten Sie mit uns - it Robotics","description":"En it Robotics sabemos que nuestro principal activo es nuestro equipo humano, por eso estamos en continua b\u00fasqueda de talento.","robots":{"index":"index","follow":"follow","max-snippet":"max-snippet:-1","max-image-preview":"max-image-preview:large","max-video-preview":"max-video-preview:-1"},"canonical":"https:\/\/www.it-robotics.com\/de\/arbeiten-sie-mit-uns\/","og_locale":"de_DE","og_type":"article","og_title":"Arbeiten Sie mit uns - it Robotics","og_description":"En it Robotics sabemos que nuestro principal activo es nuestro equipo humano, por eso estamos en continua b\u00fasqueda de talento.","og_url":"https:\/\/www.it-robotics.com\/de\/arbeiten-sie-mit-uns\/","og_site_name":"it Robotics","article_publisher":"https:\/\/www.facebook.com\/IT-Robotics-145862368820931\/","article_modified_time":"2016-11-03T17:29:31+00:00","og_image":[{"url":"http:\/\/www.it-robotics.com\/media\/IT-Robotics-Oficinas-centrales5.jpg","type":"","width":"","height":""}],"twitter_card":"summary_large_image","schema":{"@context":"https:\/\/schema.org","@graph":[{"@type":"WebPage","@id":"https:\/\/www.it-robotics.com\/de\/arbeiten-sie-mit-uns\/","url":"https:\/\/www.it-robotics.com\/de\/arbeiten-sie-mit-uns\/","name":"Arbeiten Sie mit uns - it Robotics","isPartOf":{"@id":"https:\/\/www.it-robotics.com\/#website"},"primaryImageOfPage":{"@id":"https:\/\/www.it-robotics.com\/de\/arbeiten-sie-mit-uns\/#primaryimage"},"image":{"@id":"https:\/\/www.it-robotics.com\/de\/arbeiten-sie-mit-uns\/#primaryimage"},"thumbnailUrl":"http:\/\/www.it-robotics.com\/media\/IT-Robotics-Oficinas-centrales5.jpg","datePublished":"2016-06-08T10:05:40+00:00","dateModified":"2016-11-03T17:29:31+00:00","description":"En it Robotics sabemos que nuestro principal activo es nuestro equipo humano, por eso estamos en continua b\u00fasqueda de talento.","breadcrumb":{"@id":"https:\/\/www.it-robotics.com\/de\/arbeiten-sie-mit-uns\/#breadcrumb"},"inLanguage":"de","potentialAction":[{"@type":"ReadAction","target":["https:\/\/www.it-robotics.com\/de\/arbeiten-sie-mit-uns\/"]}]},{"@type":"ImageObject","inLanguage":"de","@id":"https:\/\/www.it-robotics.com\/de\/arbeiten-sie-mit-uns\/#primaryimage","url":"http:\/\/www.it-robotics.com\/media\/IT-Robotics-Oficinas-centrales5.jpg","contentUrl":"http:\/\/www.it-robotics.com\/media\/IT-Robotics-Oficinas-centrales5.jpg"},{"@type":"BreadcrumbList","@id":"https:\/\/www.it-robotics.com\/de\/arbeiten-sie-mit-uns\/#breadcrumb","itemListElement":[{"@type":"ListItem","position":1,"name":"Home","item":"https:\/\/www.it-robotics.com\/de\/"},{"@type":"ListItem","position":2,"name":"Arbeiten Sie mit uns"}]},{"@type":"WebSite","@id":"https:\/\/www.it-robotics.com\/#website","url":"https:\/\/www.it-robotics.com\/","name":"it Robotics","description":"Automatizaci\u00f3n y rob\u00f3tica industrial","potentialAction":[{"@type":"SearchAction","target":{"@type":"EntryPoint","urlTemplate":"https:\/\/www.it-robotics.com\/?s={search_term_string}"},"query-input":{"@type":"PropertyValueSpecification","valueRequired":true,"valueName":"search_term_string"}}],"inLanguage":"de"}]}},"_links":{"self":[{"href":"https:\/\/www.it-robotics.com\/de\/wp-json\/wp\/v2\/pages\/1989","targetHints":{"allow":["GET"]}}],"collection":[{"href":"https:\/\/www.it-robotics.com\/de\/wp-json\/wp\/v2\/pages"}],"about":[{"href":"https:\/\/www.it-robotics.com\/de\/wp-json\/wp\/v2\/types\/page"}],"author":[{"embeddable":true,"href":"https:\/\/www.it-robotics.com\/de\/wp-json\/wp\/v2\/users\/1"}],"replies":[{"embeddable":true,"href":"https:\/\/www.it-robotics.com\/de\/wp-json\/wp\/v2\/comments?post=1989"}],"version-history":[{"count":6,"href":"https:\/\/www.it-robotics.com\/de\/wp-json\/wp\/v2\/pages\/1989\/revisions"}],"predecessor-version":[{"id":2149,"href":"https:\/\/www.it-robotics.com\/de\/wp-json\/wp\/v2\/pages\/1989\/revisions\/2149"}],"wp:attachment":[{"href":"https:\/\/www.it-robotics.com\/de\/wp-json\/wp\/v2\/media?parent=1989"}],"curies":[{"name":"wp","href":"https:\/\/api.w.org\/{rel}","templated":true}]}}