{"id":1972,"date":"2016-06-08T09:56:17","date_gmt":"2016-06-08T09:56:17","guid":{"rendered":"http:\/\/www.it-robotics.com\/de\/presentacion\/"},"modified":"2016-10-14T12:22:55","modified_gmt":"2016-10-14T12:22:55","slug":"praesentation","status":"publish","type":"page","link":"https:\/\/www.it-robotics.com\/de\/unternehmen\/praesentation\/","title":{"rendered":"Pr\u00e4sentation"},"content":{"rendered":"<p>IT Robotics ist seit dem Jahre 2000 ein renommiertes Unternehmen, das die Verarbeitung in den verschiedenen Industriesektoren durch die Fertigungs- und Prozessautomatisierung durch <strong>Industrierobotik <\/strong>anf\u00fchrt.<\/p>\n<p>Wir sind ein Engineeringunternehmen das sich auf die Integration von <strong>Industrieroboter <\/strong>durch die verschiedenen Anwendungen von den unterschiedlichen Produktionssektoren spezialisiert hat.<br \/>\nJede Industrie kann automatisiert werden. Deshalb analysieren wir alle Anfragen von unseren Kunden und schlagen die beste L\u00f6sung vor. <\/p>\n<h3>INTELLIGENTE AUTOMATISIERUNG: WIR VERBESSERN LEISTUNGSF\u00c4HIGKEIT, PRODUKTIVIT\u00c4T UND QUALIT\u00c4T<\/h3>\n<p>Wir f\u00fchren verschiedene Roboteranwendungen f\u00fcr unterschiedliche Unternehmen aus. Von Industrieunternehmen aus unserer Region bis gro\u03b2e Multinationale Unternehmen weltweit. Wir stellen unseren Kunden unsere Innovationsf\u00e4higkeit, Technologie und jahrelange Erfahrung zur Verf\u00fcgung.<\/p>\n<p>Jedes Projekt und jeder Kunde ist einzig. Deshalb entwerfen und fertigen wir bei IT Robotics die Maschinen ganz nach Ihren Bed\u00fcrfnissen. Wir verwenden die neuesten Technologien und liefern Turn-Key-Anlagen, die bereit sind um die maximale Leistung der Anlage zu erzielen. <\/p>\n<p>Palettieren,schwei\u03b2en, handhaben oder \u00fcberpr\u00fcfen sind die h\u00e4ufigsten Aufgaben im Produktionsprozess. Unsere Anlagen werden entworfen um diese Aufgaben automatisch und leistungsf\u00e4hig auszuf\u00fchren indem man <strong>Industrieroboter, Computeranwendungen und Visionsysteme<\/strong> integriert. Auf diese Weise wird eine optimale technische L\u00f6sung f\u00fcr Ihre Anlage gefunden.<\/p>\n","protected":false},"excerpt":{"rendered":"<p>IT Robotics ist seit dem Jahre 2000 ein renommiertes Unternehmen, das die Verarbeitung in den verschiedenen Industriesektoren durch die Fertigungs- und Prozessautomatisierung durch Industrierobotik anf\u00fchrt. Wir sind ein Engineeringunternehmen das sich auf die Integration von Industrieroboter durch die verschiedenen Anwendungen von den unterschiedlichen Produktionssektoren spezialisiert hat. Jede Industrie kann automatisiert werden. Deshalb analysieren wir alle [&hellip;]<\/p>\n","protected":false},"author":1,"featured_media":1306,"parent":1976,"menu_order":0,"comment_status":"closed","ping_status":"closed","template":"","meta":{"footnotes":""},"class_list":["post-1972","page","type-page","status-publish","has-post-thumbnail","hentry"],"yoast_head":"<!-- This site is optimized with the Yoast SEO plugin v26.7 - https:\/\/yoast.com\/wordpress\/plugins\/seo\/ -->\n<title>Pr\u00e4sentation - it Robotics<\/title>\n<meta name=\"description\" content=\"Wir sind ein Engineeringunternehmen das sich auf die Integration von Industrieroboter durch die verschiedenen Anwendungen von den unterschiedlichen Produktionssektoren spezialisiert hat.\" \/>\n<meta name=\"robots\" content=\"index, follow, max-snippet:-1, max-image-preview:large, max-video-preview:-1\" \/>\n<link rel=\"canonical\" href=\"https:\/\/www.it-robotics.com\/de\/unternehmen\/praesentation\/\" \/>\n<meta property=\"og:locale\" content=\"de_DE\" \/>\n<meta property=\"og:type\" content=\"article\" \/>\n<meta property=\"og:title\" content=\"Pr\u00e4sentation - it Robotics\" \/>\n<meta property=\"og:description\" content=\"Wir sind ein Engineeringunternehmen das sich auf die Integration von Industrieroboter durch die verschiedenen Anwendungen von den unterschiedlichen Produktionssektoren spezialisiert hat.\" \/>\n<meta property=\"og:url\" content=\"https:\/\/www.it-robotics.com\/de\/unternehmen\/praesentation\/\" \/>\n<meta property=\"og:site_name\" content=\"it Robotics\" \/>\n<meta property=\"article:publisher\" content=\"https:\/\/www.facebook.com\/IT-Robotics-145862368820931\/\" \/>\n<meta property=\"article:modified_time\" content=\"2016-10-14T12:22:55+00:00\" \/>\n<meta property=\"og:image\" content=\"https:\/\/www.it-robotics.com\/media\/IT-Robotics.jpg\" \/>\n\t<meta property=\"og:image:width\" content=\"1024\" \/>\n\t<meta property=\"og:image:height\" content=\"487\" \/>\n\t<meta property=\"og:image:type\" content=\"image\/jpeg\" \/>\n<meta name=\"twitter:card\" content=\"summary_large_image\" \/>\n<meta name=\"twitter:label1\" content=\"Gesch\u00e4tzte Lesezeit\" \/>\n\t<meta name=\"twitter:data1\" content=\"1\u00a0Minute\" \/>\n<script type=\"application\/ld+json\" class=\"yoast-schema-graph\">{\"@context\":\"https:\/\/schema.org\",\"@graph\":[{\"@type\":\"WebPage\",\"@id\":\"https:\/\/www.it-robotics.com\/de\/unternehmen\/praesentation\/\",\"url\":\"https:\/\/www.it-robotics.com\/de\/unternehmen\/praesentation\/\",\"name\":\"Pr\u00e4sentation - it Robotics\",\"isPartOf\":{\"@id\":\"https:\/\/www.it-robotics.com\/#website\"},\"primaryImageOfPage\":{\"@id\":\"https:\/\/www.it-robotics.com\/de\/unternehmen\/praesentation\/#primaryimage\"},\"image\":{\"@id\":\"https:\/\/www.it-robotics.com\/de\/unternehmen\/praesentation\/#primaryimage\"},\"thumbnailUrl\":\"https:\/\/www.it-robotics.com\/media\/IT-Robotics.jpg\",\"datePublished\":\"2016-06-08T09:56:17+00:00\",\"dateModified\":\"2016-10-14T12:22:55+00:00\",\"description\":\"Wir sind ein Engineeringunternehmen das sich auf die Integration von Industrieroboter durch die verschiedenen Anwendungen von den unterschiedlichen Produktionssektoren spezialisiert hat.\",\"breadcrumb\":{\"@id\":\"https:\/\/www.it-robotics.com\/de\/unternehmen\/praesentation\/#breadcrumb\"},\"inLanguage\":\"de\",\"potentialAction\":[{\"@type\":\"ReadAction\",\"target\":[\"https:\/\/www.it-robotics.com\/de\/unternehmen\/praesentation\/\"]}]},{\"@type\":\"ImageObject\",\"inLanguage\":\"de\",\"@id\":\"https:\/\/www.it-robotics.com\/de\/unternehmen\/praesentation\/#primaryimage\",\"url\":\"https:\/\/www.it-robotics.com\/media\/IT-Robotics.jpg\",\"contentUrl\":\"https:\/\/www.it-robotics.com\/media\/IT-Robotics.jpg\",\"width\":1024,\"height\":487,\"caption\":\"IT-Robotics - Rob\u00f3tica Industrial\"},{\"@type\":\"BreadcrumbList\",\"@id\":\"https:\/\/www.it-robotics.com\/de\/unternehmen\/praesentation\/#breadcrumb\",\"itemListElement\":[{\"@type\":\"ListItem\",\"position\":1,\"name\":\"Home\",\"item\":\"https:\/\/www.it-robotics.com\/de\/\"},{\"@type\":\"ListItem\",\"position\":2,\"name\":\"Unternehmen\",\"item\":\"https:\/\/www.it-robotics.com\/de\/unternehmen\/\"},{\"@type\":\"ListItem\",\"position\":3,\"name\":\"Pr\u00e4sentation\"}]},{\"@type\":\"WebSite\",\"@id\":\"https:\/\/www.it-robotics.com\/#website\",\"url\":\"https:\/\/www.it-robotics.com\/\",\"name\":\"it Robotics\",\"description\":\"Automatizaci\u00f3n y rob\u00f3tica industrial\",\"potentialAction\":[{\"@type\":\"SearchAction\",\"target\":{\"@type\":\"EntryPoint\",\"urlTemplate\":\"https:\/\/www.it-robotics.com\/?s={search_term_string}\"},\"query-input\":{\"@type\":\"PropertyValueSpecification\",\"valueRequired\":true,\"valueName\":\"search_term_string\"}}],\"inLanguage\":\"de\"}]}<\/script>\n<!-- \/ Yoast SEO plugin. -->","yoast_head_json":{"title":"Pr\u00e4sentation - it Robotics","description":"Wir sind ein Engineeringunternehmen das sich auf die Integration von Industrieroboter durch die verschiedenen Anwendungen von den unterschiedlichen Produktionssektoren spezialisiert hat.","robots":{"index":"index","follow":"follow","max-snippet":"max-snippet:-1","max-image-preview":"max-image-preview:large","max-video-preview":"max-video-preview:-1"},"canonical":"https:\/\/www.it-robotics.com\/de\/unternehmen\/praesentation\/","og_locale":"de_DE","og_type":"article","og_title":"Pr\u00e4sentation - it Robotics","og_description":"Wir sind ein Engineeringunternehmen das sich auf die Integration von Industrieroboter durch die verschiedenen Anwendungen von den unterschiedlichen Produktionssektoren spezialisiert hat.","og_url":"https:\/\/www.it-robotics.com\/de\/unternehmen\/praesentation\/","og_site_name":"it Robotics","article_publisher":"https:\/\/www.facebook.com\/IT-Robotics-145862368820931\/","article_modified_time":"2016-10-14T12:22:55+00:00","og_image":[{"width":1024,"height":487,"url":"https:\/\/www.it-robotics.com\/media\/IT-Robotics.jpg","type":"image\/jpeg"}],"twitter_card":"summary_large_image","twitter_misc":{"Gesch\u00e4tzte Lesezeit":"1\u00a0Minute"},"schema":{"@context":"https:\/\/schema.org","@graph":[{"@type":"WebPage","@id":"https:\/\/www.it-robotics.com\/de\/unternehmen\/praesentation\/","url":"https:\/\/www.it-robotics.com\/de\/unternehmen\/praesentation\/","name":"Pr\u00e4sentation - it Robotics","isPartOf":{"@id":"https:\/\/www.it-robotics.com\/#website"},"primaryImageOfPage":{"@id":"https:\/\/www.it-robotics.com\/de\/unternehmen\/praesentation\/#primaryimage"},"image":{"@id":"https:\/\/www.it-robotics.com\/de\/unternehmen\/praesentation\/#primaryimage"},"thumbnailUrl":"https:\/\/www.it-robotics.com\/media\/IT-Robotics.jpg","datePublished":"2016-06-08T09:56:17+00:00","dateModified":"2016-10-14T12:22:55+00:00","description":"Wir sind ein Engineeringunternehmen das sich auf die Integration von Industrieroboter durch die verschiedenen Anwendungen von den unterschiedlichen Produktionssektoren spezialisiert hat.","breadcrumb":{"@id":"https:\/\/www.it-robotics.com\/de\/unternehmen\/praesentation\/#breadcrumb"},"inLanguage":"de","potentialAction":[{"@type":"ReadAction","target":["https:\/\/www.it-robotics.com\/de\/unternehmen\/praesentation\/"]}]},{"@type":"ImageObject","inLanguage":"de","@id":"https:\/\/www.it-robotics.com\/de\/unternehmen\/praesentation\/#primaryimage","url":"https:\/\/www.it-robotics.com\/media\/IT-Robotics.jpg","contentUrl":"https:\/\/www.it-robotics.com\/media\/IT-Robotics.jpg","width":1024,"height":487,"caption":"IT-Robotics - Rob\u00f3tica Industrial"},{"@type":"BreadcrumbList","@id":"https:\/\/www.it-robotics.com\/de\/unternehmen\/praesentation\/#breadcrumb","itemListElement":[{"@type":"ListItem","position":1,"name":"Home","item":"https:\/\/www.it-robotics.com\/de\/"},{"@type":"ListItem","position":2,"name":"Unternehmen","item":"https:\/\/www.it-robotics.com\/de\/unternehmen\/"},{"@type":"ListItem","position":3,"name":"Pr\u00e4sentation"}]},{"@type":"WebSite","@id":"https:\/\/www.it-robotics.com\/#website","url":"https:\/\/www.it-robotics.com\/","name":"it Robotics","description":"Automatizaci\u00f3n y rob\u00f3tica industrial","potentialAction":[{"@type":"SearchAction","target":{"@type":"EntryPoint","urlTemplate":"https:\/\/www.it-robotics.com\/?s={search_term_string}"},"query-input":{"@type":"PropertyValueSpecification","valueRequired":true,"valueName":"search_term_string"}}],"inLanguage":"de"}]}},"_links":{"self":[{"href":"https:\/\/www.it-robotics.com\/de\/wp-json\/wp\/v2\/pages\/1972","targetHints":{"allow":["GET"]}}],"collection":[{"href":"https:\/\/www.it-robotics.com\/de\/wp-json\/wp\/v2\/pages"}],"about":[{"href":"https:\/\/www.it-robotics.com\/de\/wp-json\/wp\/v2\/types\/page"}],"author":[{"embeddable":true,"href":"https:\/\/www.it-robotics.com\/de\/wp-json\/wp\/v2\/users\/1"}],"replies":[{"embeddable":true,"href":"https:\/\/www.it-robotics.com\/de\/wp-json\/wp\/v2\/comments?post=1972"}],"version-history":[{"count":2,"href":"https:\/\/www.it-robotics.com\/de\/wp-json\/wp\/v2\/pages\/1972\/revisions"}],"predecessor-version":[{"id":1987,"href":"https:\/\/www.it-robotics.com\/de\/wp-json\/wp\/v2\/pages\/1972\/revisions\/1987"}],"up":[{"embeddable":true,"href":"https:\/\/www.it-robotics.com\/de\/wp-json\/wp\/v2\/pages\/1976"}],"wp:featuredmedia":[{"embeddable":true,"href":"https:\/\/www.it-robotics.com\/de\/wp-json\/wp\/v2\/media\/1306"}],"wp:attachment":[{"href":"https:\/\/www.it-robotics.com\/de\/wp-json\/wp\/v2\/media?parent=1972"}],"curies":[{"name":"wp","href":"https:\/\/api.w.org\/{rel}","templated":true}]}}