{"id":1968,"date":"2016-06-08T09:57:29","date_gmt":"2016-06-08T09:57:29","guid":{"rendered":"http:\/\/www.it-robotics.com\/de\/internacional\/"},"modified":"2016-10-14T12:02:53","modified_gmt":"2016-10-14T12:02:53","slug":"international","status":"publish","type":"page","link":"https:\/\/www.it-robotics.com\/de\/unternehmen\/international\/","title":{"rendered":"International"},"content":{"rendered":"<h4>IT-ROBOTICS WELTWEIT<\/h4>\n<p>Wir sind ein <strong>globales <\/strong>Unternehmen. Unsere Anlagen befinden sich sind in verschiedenen Teilen der Welt. Wir exportieren unsere Roboterl\u00f6sungen in verschiedene L\u00e4nder: Deutschland, Polen, Italien, USA, Mexiko, China&#8230; Wir sind immer in der N\u00e4he und bieten Allen unsere technische Unterst\u00fcztung, Support und Schulung.<\/p>\n\n","protected":false},"excerpt":{"rendered":"<p>IT-ROBOTICS WELTWEIT Wir sind ein globales Unternehmen. Unsere Anlagen befinden sich sind in verschiedenen Teilen der Welt. Wir exportieren unsere Roboterl\u00f6sungen in verschiedene L\u00e4nder: Deutschland, Polen, Italien, USA, Mexiko, China&#8230; Wir sind immer in der N\u00e4he und bieten Allen unsere technische Unterst\u00fcztung, Support und Schulung.<\/p>\n","protected":false},"author":1,"featured_media":1317,"parent":1976,"menu_order":0,"comment_status":"closed","ping_status":"closed","template":"","meta":{"footnotes":""},"class_list":["post-1968","page","type-page","status-publish","has-post-thumbnail","hentry"],"yoast_head":"<!-- This site is optimized with the Yoast SEO plugin v26.7 - https:\/\/yoast.com\/wordpress\/plugins\/seo\/ -->\n<title>International - it Robotics<\/title>\n<meta name=\"description\" content=\"Wir exportieren unsere Roboterl\u00f6sungen in verschiedene L\u00e4nder: Deutschland, Polen, Italien, USA, Mexiko, China...\" \/>\n<meta name=\"robots\" content=\"index, follow, max-snippet:-1, max-image-preview:large, max-video-preview:-1\" \/>\n<link rel=\"canonical\" href=\"https:\/\/www.it-robotics.com\/de\/unternehmen\/international\/\" \/>\n<meta property=\"og:locale\" content=\"de_DE\" \/>\n<meta property=\"og:type\" content=\"article\" \/>\n<meta property=\"og:title\" content=\"International - it Robotics\" \/>\n<meta property=\"og:description\" content=\"Wir exportieren unsere Roboterl\u00f6sungen in verschiedene L\u00e4nder: Deutschland, Polen, Italien, USA, Mexiko, China...\" \/>\n<meta property=\"og:url\" content=\"https:\/\/www.it-robotics.com\/de\/unternehmen\/international\/\" \/>\n<meta property=\"og:site_name\" content=\"it Robotics\" \/>\n<meta property=\"article:publisher\" content=\"https:\/\/www.facebook.com\/IT-Robotics-145862368820931\/\" \/>\n<meta property=\"article:modified_time\" content=\"2016-10-14T12:02:53+00:00\" \/>\n<meta property=\"og:image\" content=\"https:\/\/www.it-robotics.com\/media\/IT-Robotics-Internacional.jpg\" \/>\n\t<meta property=\"og:image:width\" content=\"1500\" \/>\n\t<meta property=\"og:image:height\" content=\"500\" \/>\n\t<meta property=\"og:image:type\" content=\"image\/jpeg\" \/>\n<meta name=\"twitter:card\" content=\"summary_large_image\" \/>\n<script type=\"application\/ld+json\" class=\"yoast-schema-graph\">{\"@context\":\"https:\/\/schema.org\",\"@graph\":[{\"@type\":\"WebPage\",\"@id\":\"https:\/\/www.it-robotics.com\/de\/unternehmen\/international\/\",\"url\":\"https:\/\/www.it-robotics.com\/de\/unternehmen\/international\/\",\"name\":\"International - it Robotics\",\"isPartOf\":{\"@id\":\"https:\/\/www.it-robotics.com\/#website\"},\"primaryImageOfPage\":{\"@id\":\"https:\/\/www.it-robotics.com\/de\/unternehmen\/international\/#primaryimage\"},\"image\":{\"@id\":\"https:\/\/www.it-robotics.com\/de\/unternehmen\/international\/#primaryimage\"},\"thumbnailUrl\":\"https:\/\/www.it-robotics.com\/media\/IT-Robotics-Internacional.jpg\",\"datePublished\":\"2016-06-08T09:57:29+00:00\",\"dateModified\":\"2016-10-14T12:02:53+00:00\",\"description\":\"Wir exportieren unsere Roboterl\u00f6sungen in verschiedene L\u00e4nder: Deutschland, Polen, Italien, USA, Mexiko, China...\",\"breadcrumb\":{\"@id\":\"https:\/\/www.it-robotics.com\/de\/unternehmen\/international\/#breadcrumb\"},\"inLanguage\":\"de\",\"potentialAction\":[{\"@type\":\"ReadAction\",\"target\":[\"https:\/\/www.it-robotics.com\/de\/unternehmen\/international\/\"]}]},{\"@type\":\"ImageObject\",\"inLanguage\":\"de\",\"@id\":\"https:\/\/www.it-robotics.com\/de\/unternehmen\/international\/#primaryimage\",\"url\":\"https:\/\/www.it-robotics.com\/media\/IT-Robotics-Internacional.jpg\",\"contentUrl\":\"https:\/\/www.it-robotics.com\/media\/IT-Robotics-Internacional.jpg\",\"width\":1500,\"height\":500,\"caption\":\"IT Robotics - Internacional\"},{\"@type\":\"BreadcrumbList\",\"@id\":\"https:\/\/www.it-robotics.com\/de\/unternehmen\/international\/#breadcrumb\",\"itemListElement\":[{\"@type\":\"ListItem\",\"position\":1,\"name\":\"Home\",\"item\":\"https:\/\/www.it-robotics.com\/de\/\"},{\"@type\":\"ListItem\",\"position\":2,\"name\":\"Unternehmen\",\"item\":\"https:\/\/www.it-robotics.com\/de\/unternehmen\/\"},{\"@type\":\"ListItem\",\"position\":3,\"name\":\"International\"}]},{\"@type\":\"WebSite\",\"@id\":\"https:\/\/www.it-robotics.com\/#website\",\"url\":\"https:\/\/www.it-robotics.com\/\",\"name\":\"it Robotics\",\"description\":\"Automatizaci\u00f3n y rob\u00f3tica industrial\",\"potentialAction\":[{\"@type\":\"SearchAction\",\"target\":{\"@type\":\"EntryPoint\",\"urlTemplate\":\"https:\/\/www.it-robotics.com\/?s={search_term_string}\"},\"query-input\":{\"@type\":\"PropertyValueSpecification\",\"valueRequired\":true,\"valueName\":\"search_term_string\"}}],\"inLanguage\":\"de\"}]}<\/script>\n<!-- \/ Yoast SEO plugin. -->","yoast_head_json":{"title":"International - it Robotics","description":"Wir exportieren unsere Roboterl\u00f6sungen in verschiedene L\u00e4nder: Deutschland, Polen, Italien, USA, Mexiko, China...","robots":{"index":"index","follow":"follow","max-snippet":"max-snippet:-1","max-image-preview":"max-image-preview:large","max-video-preview":"max-video-preview:-1"},"canonical":"https:\/\/www.it-robotics.com\/de\/unternehmen\/international\/","og_locale":"de_DE","og_type":"article","og_title":"International - it Robotics","og_description":"Wir exportieren unsere Roboterl\u00f6sungen in verschiedene L\u00e4nder: Deutschland, Polen, Italien, USA, Mexiko, China...","og_url":"https:\/\/www.it-robotics.com\/de\/unternehmen\/international\/","og_site_name":"it Robotics","article_publisher":"https:\/\/www.facebook.com\/IT-Robotics-145862368820931\/","article_modified_time":"2016-10-14T12:02:53+00:00","og_image":[{"width":1500,"height":500,"url":"https:\/\/www.it-robotics.com\/media\/IT-Robotics-Internacional.jpg","type":"image\/jpeg"}],"twitter_card":"summary_large_image","schema":{"@context":"https:\/\/schema.org","@graph":[{"@type":"WebPage","@id":"https:\/\/www.it-robotics.com\/de\/unternehmen\/international\/","url":"https:\/\/www.it-robotics.com\/de\/unternehmen\/international\/","name":"International - it Robotics","isPartOf":{"@id":"https:\/\/www.it-robotics.com\/#website"},"primaryImageOfPage":{"@id":"https:\/\/www.it-robotics.com\/de\/unternehmen\/international\/#primaryimage"},"image":{"@id":"https:\/\/www.it-robotics.com\/de\/unternehmen\/international\/#primaryimage"},"thumbnailUrl":"https:\/\/www.it-robotics.com\/media\/IT-Robotics-Internacional.jpg","datePublished":"2016-06-08T09:57:29+00:00","dateModified":"2016-10-14T12:02:53+00:00","description":"Wir exportieren unsere Roboterl\u00f6sungen in verschiedene L\u00e4nder: Deutschland, Polen, Italien, USA, Mexiko, China...","breadcrumb":{"@id":"https:\/\/www.it-robotics.com\/de\/unternehmen\/international\/#breadcrumb"},"inLanguage":"de","potentialAction":[{"@type":"ReadAction","target":["https:\/\/www.it-robotics.com\/de\/unternehmen\/international\/"]}]},{"@type":"ImageObject","inLanguage":"de","@id":"https:\/\/www.it-robotics.com\/de\/unternehmen\/international\/#primaryimage","url":"https:\/\/www.it-robotics.com\/media\/IT-Robotics-Internacional.jpg","contentUrl":"https:\/\/www.it-robotics.com\/media\/IT-Robotics-Internacional.jpg","width":1500,"height":500,"caption":"IT Robotics - Internacional"},{"@type":"BreadcrumbList","@id":"https:\/\/www.it-robotics.com\/de\/unternehmen\/international\/#breadcrumb","itemListElement":[{"@type":"ListItem","position":1,"name":"Home","item":"https:\/\/www.it-robotics.com\/de\/"},{"@type":"ListItem","position":2,"name":"Unternehmen","item":"https:\/\/www.it-robotics.com\/de\/unternehmen\/"},{"@type":"ListItem","position":3,"name":"International"}]},{"@type":"WebSite","@id":"https:\/\/www.it-robotics.com\/#website","url":"https:\/\/www.it-robotics.com\/","name":"it Robotics","description":"Automatizaci\u00f3n y rob\u00f3tica industrial","potentialAction":[{"@type":"SearchAction","target":{"@type":"EntryPoint","urlTemplate":"https:\/\/www.it-robotics.com\/?s={search_term_string}"},"query-input":{"@type":"PropertyValueSpecification","valueRequired":true,"valueName":"search_term_string"}}],"inLanguage":"de"}]}},"_links":{"self":[{"href":"https:\/\/www.it-robotics.com\/de\/wp-json\/wp\/v2\/pages\/1968","targetHints":{"allow":["GET"]}}],"collection":[{"href":"https:\/\/www.it-robotics.com\/de\/wp-json\/wp\/v2\/pages"}],"about":[{"href":"https:\/\/www.it-robotics.com\/de\/wp-json\/wp\/v2\/types\/page"}],"author":[{"embeddable":true,"href":"https:\/\/www.it-robotics.com\/de\/wp-json\/wp\/v2\/users\/1"}],"replies":[{"embeddable":true,"href":"https:\/\/www.it-robotics.com\/de\/wp-json\/wp\/v2\/comments?post=1968"}],"version-history":[{"count":2,"href":"https:\/\/www.it-robotics.com\/de\/wp-json\/wp\/v2\/pages\/1968\/revisions"}],"predecessor-version":[{"id":1970,"href":"https:\/\/www.it-robotics.com\/de\/wp-json\/wp\/v2\/pages\/1968\/revisions\/1970"}],"up":[{"embeddable":true,"href":"https:\/\/www.it-robotics.com\/de\/wp-json\/wp\/v2\/pages\/1976"}],"wp:featuredmedia":[{"embeddable":true,"href":"https:\/\/www.it-robotics.com\/de\/wp-json\/wp\/v2\/media\/1317"}],"wp:attachment":[{"href":"https:\/\/www.it-robotics.com\/de\/wp-json\/wp\/v2\/media?parent=1968"}],"curies":[{"name":"wp","href":"https:\/\/api.w.org\/{rel}","templated":true}]}}