{"id":1963,"date":"2016-06-08T09:56:57","date_gmt":"2016-06-08T09:56:57","guid":{"rendered":"http:\/\/www.it-robotics.com\/de\/metodo-de-trabajo\/"},"modified":"2016-10-14T12:22:17","modified_gmt":"2016-10-14T12:22:17","slug":"arbeitsmethode","status":"publish","type":"page","link":"https:\/\/www.it-robotics.com\/de\/unternehmen\/arbeitsmethode\/","title":{"rendered":"Arbeitsmethode"},"content":{"rendered":"<h2>UNSERE ARBEITSWEISE. DER IT-ROBOTICS PROZESS<\/h2>\n<p>Unser Produktionsprozess basiert auf eine zuverl\u00e4ssige, <strong>flexible und partizipative Methode.<\/strong> Dank unserer Methodologie haben wir unseres Produktionssystem verbessert und eine hohe Effizienz erreicht.<\/p>\n<p>Dieses Produtionssystem ist vom Vertrag mit dem Kunden bis zur Montage im Werk vom Kunden in <strong>Phasen organisiert.<\/strong><\/p>\n<h3><u>PHASE 1. ERSTSTUDIE UND DEFINITION DER PROJEKTZIELE<\/u><\/h3>\n<p><img loading=\"lazy\" decoding=\"async\" class=\"alignleft size-full wp-image-318\" src=\"http:\/\/www.it-robotics.com\/media\/it-robotics-Metodo-de-trabajo-fase-1-12.jpg\" alt=\"it-robotics - M\u00e9todo de trabajo fase 1\" width=\"250\" height=\"188\" \/><\/p>\n<p>Nach der Kontaktaufnahme, beginnen wir unsere Arbeit indem wir die Bed\u00fcrfnise und Ziele, die unser Kunde mit der Automatisierung errichen m\u00f6chte, definieren.<\/p>\n<p>Produktion, Qualit\u00e4t, Kosten, Investition und Einsparungen sind Parameter die wir normalerweise bei der Projektstudie beachten.<br \/>\n<\/br><\/br><\/br><\/p>\n<h3><u>PHASE 2. SIMULATION, LAYOUT UND TECHNISCHES-KOMMERZIELLES ANGEBOT<\/u><\/h3>\n<p><img loading=\"lazy\" decoding=\"async\" class=\"alignleft size-full wp-image-254\" src=\"http:\/\/www.it-robotics.com\/media\/Metodo-de-Trabajo-IT-Robotics-Simulacion-1.jpg\" alt=\"M\u00e9todo de Trabajo - IT Robotics - Simulaci\u00f3n\" width=\"250\" height=\"189\" \/><\/p>\n<p>Nachdem wir die verschiedenen Daten zusammengestellt haben, studieren wir die L\u00f6sung, die sich am besten an das Projekt anpasst. Wir verwenden leistungsstarke Softwarere-Tools, simulieren virtuell die ganze Anlage und studieren den Laufverhalten der verschiedenen Antrieben.<\/p>\n<p>Mit diesen Informationen f\u00fchren wir ein Layout aus, welches uns einen globalen \u00dcberblick des Projekts gibt und so k\u00f6nnen wir ein Technisches-Kommerzielles Angebot erstellen und schlie\u00dflich vorstellen.<br \/>\n<\/br><\/p>\n<h3><u>PHASE 3. MECHANISCHE UND ELEKTRISCHE KONSTRUKTION<\/u><\/h3>\n<p><img loading=\"lazy\" decoding=\"async\" class=\"alignleft size-full wp-image-269\" src=\"http:\/\/www.it-robotics.com\/media\/Metodo-de-Trabajo-IT-Robotics-Programacion.jpg\" alt=\"M\u00e9todo de Trabajo - IT Robotics - Programaci\u00f3n\" width=\"250\" height=\"188\" \/><\/p>\n<p>Unser Ingenieurteam konstruiert die verschiedene <strong>mechanische und elektrische Elemente<\/strong>, die Ihres Automatisierungs-Projekt bildet.<\/p>\n<p>Was zun\u00e4chst nur eine Idee und ein Konzept war, langsam Form annimmt.<\/p>\n<p><\/br><\/br><\/br><\/br><\/p>\n<h3><u>PHASE 4. FERTIGUNG, INTEGRIERUNG, ZUSAMMENBAU UND STRUKTUREN<\/u><\/h3>\n<p><img loading=\"lazy\" decoding=\"async\" class=\"alignleft size-full wp-image-319\" src=\"http:\/\/www.it-robotics.com\/media\/it-robotics-Metodo-de-trabajo-fase-4.jpg\" alt=\"it-robotics - M\u00e9todo de trabajo fase 4\" width=\"250\" height=\"188\" \/><\/p>\n<p>Alle Bauteile, die in den vorigen Phasen studiert und konstruiert wurden, kommen nun in die Fertigungsphase.<\/p>\n<p>In diesem Moment werden alle Bauteile und elektrische Systeme <strong>gefertigt und in den Strukturen der Zelle eingebaut bzw. integriert.<\/strong><br \/>\n<\/br><\/br><\/br><\/br><\/p>\n<h3><u>PHASE 5. PROGRAMMIERUNG ROBOTER-PLC-PC<\/u><\/h3>\n<p><img loading=\"lazy\" decoding=\"async\" class=\"alignleft size-full wp-image-266\" src=\"http:\/\/www.it-robotics.com\/media\/Metodo-de-Trabajo-IT-Robotics-Fabricacion-1.jpg\" alt=\"M\u00e9todo de Trabajo - IT Robotics - Fabricaci\u00f3n\" width=\"250\" height=\"188\" \/><\/p>\n<p>Unsere Programmierabteilung, die aus IT- und Elektronikingenieuren besteht, befasst sich mit der Programmierung der verschiedenen<strong> Steuerungen und Industrieroboter<\/strong> der Anlage.<\/p>\n<p>Die Programmierungsaufgaben k\u00f6nnen Visionsysteme und IT-Anwendungen (Verwaltung, Steuerung und Auswertung der Daten) umfassen. Diese Anwendungen geben Ihrer Anlage einen hohen technologischen Wert.<br \/>\n<\/br><\/p>\n<h3><u>PHASE 6. FUNKTIONSPR\u00dcFUNGEN UND ANNAHME IN UNSEREN ANLAGEN<\/u><\/h3>\n<p><img loading=\"lazy\" decoding=\"async\" class=\"alignleft size-full wp-image-320\" src=\"http:\/\/www.it-robotics.com\/media\/it-robotics-Metodo-de-trabajo-fase-6.jpg\" alt=\"it-robotics - M\u00e9todo de trabajo fase 6\" width=\"250\" height=\"188\" \/><\/p>\n<p>Vor der Lieferung wird Ihre Anlage einem <strong>intensiven Funktionspr\u00fcfungsprogramm<\/strong> unterzogen. Durch dieses Programm pr\u00fcfen und testen wir den einwandfreien Betrieb von allen Bestandteilen des Anlage.<\/p>\n<p><strong>Danach vereinbaren wir einen Termin mit Ihnen damit Sie den einwandfreien Betrieb der Anlage bei uns pr\u00fcfen k\u00f6nnen und danach wird die Annahme der Anlage durchgef\u00fchrt.<\/strong><br \/>\n<\/br><\/p>\n<h3><u>PHASE 7. INBETRIEBNAHME BEIM KUNDEN. SCHULUNG UND<\/u><\/h3>\n<p><img loading=\"lazy\" decoding=\"async\" class=\"alignleft size-full wp-image-276\" src=\"http:\/\/www.it-robotics.com\/media\/M\u00e9todo-de-Trabajo-IT-Robotics-Instalaci\u00f3n.jpg\" alt=\"M\u00e9todo de Trabajo - IT Robotics - Instalaci\u00f3n\" width=\"250\" height=\"188\" \/><\/p>\n<p>Schlie\u00dflich liefern wir Ihre Anage \u201eschl\u00fcsselfertig\u201c. Die letzten Anpassungen werden bei Ihnen durchgef\u00fchrt und dann f\u00fchren wir die definitive\/endg\u00fcltige Inbetriebnahme duch.<\/p>\n<p>Wir f\u00fchren ein <strong>Trainingsprogramm <\/strong>f\u00fcr Ihre Mitarbeiter durch, damit sie den Umgang der Maschine erlernen. Au\u03b2erdem liefern wir die technische Dokumentation, die aus Bedienungsanleitung, Programmierhandbuch, Wartungshandbuch, Schaltplan und Zertifikate besteht. Ihre Anlage ist an diesem Punkt fertig und betriebsbereit.<\/p>\n","protected":false},"excerpt":{"rendered":"<p>UNSERE ARBEITSWEISE. DER IT-ROBOTICS PROZESS Unser Produktionsprozess basiert auf eine zuverl\u00e4ssige, flexible und partizipative Methode. Dank unserer Methodologie haben wir unseres Produktionssystem verbessert und eine hohe Effizienz erreicht. Dieses Produtionssystem ist vom Vertrag mit dem Kunden bis zur Montage im Werk vom Kunden in Phasen organisiert. PHASE 1. ERSTSTUDIE UND DEFINITION DER PROJEKTZIELE Nach der [&hellip;]<\/p>\n","protected":false},"author":1,"featured_media":1622,"parent":1976,"menu_order":0,"comment_status":"closed","ping_status":"closed","template":"","meta":{"footnotes":""},"class_list":["post-1963","page","type-page","status-publish","has-post-thumbnail","hentry"],"yoast_head":"<!-- This site is optimized with the Yoast SEO plugin v26.7 - https:\/\/yoast.com\/wordpress\/plugins\/seo\/ -->\n<title>Arbeitsmethode - it Robotics<\/title>\n<meta name=\"description\" content=\"Nach der Kontaktaufnahme, beginnen wir unsere Arbeit indem wir die Bed\u00fcrfnise und Ziele, die unser Kunde mit der Automatisierung errichen m\u00f6chte, definieren.\" \/>\n<meta name=\"robots\" content=\"index, follow, max-snippet:-1, max-image-preview:large, max-video-preview:-1\" \/>\n<link rel=\"canonical\" href=\"https:\/\/www.it-robotics.com\/de\/unternehmen\/arbeitsmethode\/\" \/>\n<meta property=\"og:locale\" content=\"de_DE\" \/>\n<meta property=\"og:type\" content=\"article\" \/>\n<meta property=\"og:title\" content=\"Arbeitsmethode - it Robotics\" \/>\n<meta property=\"og:description\" content=\"Nach der Kontaktaufnahme, beginnen wir unsere Arbeit indem wir die Bed\u00fcrfnise und Ziele, die unser Kunde mit der Automatisierung errichen m\u00f6chte, definieren.\" \/>\n<meta property=\"og:url\" content=\"https:\/\/www.it-robotics.com\/de\/unternehmen\/arbeitsmethode\/\" \/>\n<meta property=\"og:site_name\" content=\"it Robotics\" \/>\n<meta property=\"article:publisher\" content=\"https:\/\/www.facebook.com\/IT-Robotics-145862368820931\/\" \/>\n<meta property=\"article:modified_time\" content=\"2016-10-14T12:22:17+00:00\" \/>\n<meta property=\"og:image\" content=\"https:\/\/www.it-robotics.com\/media\/Metodo-de-trabajo-IT-Robotics.jpg\" \/>\n\t<meta property=\"og:image:width\" content=\"1500\" \/>\n\t<meta property=\"og:image:height\" content=\"500\" \/>\n\t<meta property=\"og:image:type\" content=\"image\/jpeg\" \/>\n<meta name=\"twitter:card\" content=\"summary_large_image\" \/>\n<meta name=\"twitter:label1\" content=\"Gesch\u00e4tzte Lesezeit\" \/>\n\t<meta name=\"twitter:data1\" content=\"2\u00a0Minuten\" \/>\n<script type=\"application\/ld+json\" class=\"yoast-schema-graph\">{\"@context\":\"https:\/\/schema.org\",\"@graph\":[{\"@type\":\"WebPage\",\"@id\":\"https:\/\/www.it-robotics.com\/de\/unternehmen\/arbeitsmethode\/\",\"url\":\"https:\/\/www.it-robotics.com\/de\/unternehmen\/arbeitsmethode\/\",\"name\":\"Arbeitsmethode - it Robotics\",\"isPartOf\":{\"@id\":\"https:\/\/www.it-robotics.com\/#website\"},\"primaryImageOfPage\":{\"@id\":\"https:\/\/www.it-robotics.com\/de\/unternehmen\/arbeitsmethode\/#primaryimage\"},\"image\":{\"@id\":\"https:\/\/www.it-robotics.com\/de\/unternehmen\/arbeitsmethode\/#primaryimage\"},\"thumbnailUrl\":\"https:\/\/www.it-robotics.com\/media\/Metodo-de-trabajo-IT-Robotics.jpg\",\"datePublished\":\"2016-06-08T09:56:57+00:00\",\"dateModified\":\"2016-10-14T12:22:17+00:00\",\"description\":\"Nach der Kontaktaufnahme, beginnen wir unsere Arbeit indem wir die Bed\u00fcrfnise und Ziele, die unser Kunde mit der Automatisierung errichen m\u00f6chte, definieren.\",\"breadcrumb\":{\"@id\":\"https:\/\/www.it-robotics.com\/de\/unternehmen\/arbeitsmethode\/#breadcrumb\"},\"inLanguage\":\"de\",\"potentialAction\":[{\"@type\":\"ReadAction\",\"target\":[\"https:\/\/www.it-robotics.com\/de\/unternehmen\/arbeitsmethode\/\"]}]},{\"@type\":\"ImageObject\",\"inLanguage\":\"de\",\"@id\":\"https:\/\/www.it-robotics.com\/de\/unternehmen\/arbeitsmethode\/#primaryimage\",\"url\":\"https:\/\/www.it-robotics.com\/media\/Metodo-de-trabajo-IT-Robotics.jpg\",\"contentUrl\":\"https:\/\/www.it-robotics.com\/media\/Metodo-de-trabajo-IT-Robotics.jpg\",\"width\":1500,\"height\":500},{\"@type\":\"BreadcrumbList\",\"@id\":\"https:\/\/www.it-robotics.com\/de\/unternehmen\/arbeitsmethode\/#breadcrumb\",\"itemListElement\":[{\"@type\":\"ListItem\",\"position\":1,\"name\":\"Home\",\"item\":\"https:\/\/www.it-robotics.com\/de\/\"},{\"@type\":\"ListItem\",\"position\":2,\"name\":\"Unternehmen\",\"item\":\"https:\/\/www.it-robotics.com\/de\/unternehmen\/\"},{\"@type\":\"ListItem\",\"position\":3,\"name\":\"Arbeitsmethode\"}]},{\"@type\":\"WebSite\",\"@id\":\"https:\/\/www.it-robotics.com\/#website\",\"url\":\"https:\/\/www.it-robotics.com\/\",\"name\":\"it Robotics\",\"description\":\"Automatizaci\u00f3n y rob\u00f3tica industrial\",\"potentialAction\":[{\"@type\":\"SearchAction\",\"target\":{\"@type\":\"EntryPoint\",\"urlTemplate\":\"https:\/\/www.it-robotics.com\/?s={search_term_string}\"},\"query-input\":{\"@type\":\"PropertyValueSpecification\",\"valueRequired\":true,\"valueName\":\"search_term_string\"}}],\"inLanguage\":\"de\"}]}<\/script>\n<!-- \/ Yoast SEO plugin. -->","yoast_head_json":{"title":"Arbeitsmethode - it Robotics","description":"Nach der Kontaktaufnahme, beginnen wir unsere Arbeit indem wir die Bed\u00fcrfnise und Ziele, die unser Kunde mit der Automatisierung errichen m\u00f6chte, definieren.","robots":{"index":"index","follow":"follow","max-snippet":"max-snippet:-1","max-image-preview":"max-image-preview:large","max-video-preview":"max-video-preview:-1"},"canonical":"https:\/\/www.it-robotics.com\/de\/unternehmen\/arbeitsmethode\/","og_locale":"de_DE","og_type":"article","og_title":"Arbeitsmethode - it Robotics","og_description":"Nach der Kontaktaufnahme, beginnen wir unsere Arbeit indem wir die Bed\u00fcrfnise und Ziele, die unser Kunde mit der Automatisierung errichen m\u00f6chte, definieren.","og_url":"https:\/\/www.it-robotics.com\/de\/unternehmen\/arbeitsmethode\/","og_site_name":"it Robotics","article_publisher":"https:\/\/www.facebook.com\/IT-Robotics-145862368820931\/","article_modified_time":"2016-10-14T12:22:17+00:00","og_image":[{"width":1500,"height":500,"url":"https:\/\/www.it-robotics.com\/media\/Metodo-de-trabajo-IT-Robotics.jpg","type":"image\/jpeg"}],"twitter_card":"summary_large_image","twitter_misc":{"Gesch\u00e4tzte Lesezeit":"2\u00a0Minuten"},"schema":{"@context":"https:\/\/schema.org","@graph":[{"@type":"WebPage","@id":"https:\/\/www.it-robotics.com\/de\/unternehmen\/arbeitsmethode\/","url":"https:\/\/www.it-robotics.com\/de\/unternehmen\/arbeitsmethode\/","name":"Arbeitsmethode - it Robotics","isPartOf":{"@id":"https:\/\/www.it-robotics.com\/#website"},"primaryImageOfPage":{"@id":"https:\/\/www.it-robotics.com\/de\/unternehmen\/arbeitsmethode\/#primaryimage"},"image":{"@id":"https:\/\/www.it-robotics.com\/de\/unternehmen\/arbeitsmethode\/#primaryimage"},"thumbnailUrl":"https:\/\/www.it-robotics.com\/media\/Metodo-de-trabajo-IT-Robotics.jpg","datePublished":"2016-06-08T09:56:57+00:00","dateModified":"2016-10-14T12:22:17+00:00","description":"Nach der Kontaktaufnahme, beginnen wir unsere Arbeit indem wir die Bed\u00fcrfnise und Ziele, die unser Kunde mit der Automatisierung errichen m\u00f6chte, definieren.","breadcrumb":{"@id":"https:\/\/www.it-robotics.com\/de\/unternehmen\/arbeitsmethode\/#breadcrumb"},"inLanguage":"de","potentialAction":[{"@type":"ReadAction","target":["https:\/\/www.it-robotics.com\/de\/unternehmen\/arbeitsmethode\/"]}]},{"@type":"ImageObject","inLanguage":"de","@id":"https:\/\/www.it-robotics.com\/de\/unternehmen\/arbeitsmethode\/#primaryimage","url":"https:\/\/www.it-robotics.com\/media\/Metodo-de-trabajo-IT-Robotics.jpg","contentUrl":"https:\/\/www.it-robotics.com\/media\/Metodo-de-trabajo-IT-Robotics.jpg","width":1500,"height":500},{"@type":"BreadcrumbList","@id":"https:\/\/www.it-robotics.com\/de\/unternehmen\/arbeitsmethode\/#breadcrumb","itemListElement":[{"@type":"ListItem","position":1,"name":"Home","item":"https:\/\/www.it-robotics.com\/de\/"},{"@type":"ListItem","position":2,"name":"Unternehmen","item":"https:\/\/www.it-robotics.com\/de\/unternehmen\/"},{"@type":"ListItem","position":3,"name":"Arbeitsmethode"}]},{"@type":"WebSite","@id":"https:\/\/www.it-robotics.com\/#website","url":"https:\/\/www.it-robotics.com\/","name":"it Robotics","description":"Automatizaci\u00f3n y rob\u00f3tica industrial","potentialAction":[{"@type":"SearchAction","target":{"@type":"EntryPoint","urlTemplate":"https:\/\/www.it-robotics.com\/?s={search_term_string}"},"query-input":{"@type":"PropertyValueSpecification","valueRequired":true,"valueName":"search_term_string"}}],"inLanguage":"de"}]}},"_links":{"self":[{"href":"https:\/\/www.it-robotics.com\/de\/wp-json\/wp\/v2\/pages\/1963","targetHints":{"allow":["GET"]}}],"collection":[{"href":"https:\/\/www.it-robotics.com\/de\/wp-json\/wp\/v2\/pages"}],"about":[{"href":"https:\/\/www.it-robotics.com\/de\/wp-json\/wp\/v2\/types\/page"}],"author":[{"embeddable":true,"href":"https:\/\/www.it-robotics.com\/de\/wp-json\/wp\/v2\/users\/1"}],"replies":[{"embeddable":true,"href":"https:\/\/www.it-robotics.com\/de\/wp-json\/wp\/v2\/comments?post=1963"}],"version-history":[{"count":4,"href":"https:\/\/www.it-robotics.com\/de\/wp-json\/wp\/v2\/pages\/1963\/revisions"}],"predecessor-version":[{"id":1986,"href":"https:\/\/www.it-robotics.com\/de\/wp-json\/wp\/v2\/pages\/1963\/revisions\/1986"}],"up":[{"embeddable":true,"href":"https:\/\/www.it-robotics.com\/de\/wp-json\/wp\/v2\/pages\/1976"}],"wp:featuredmedia":[{"embeddable":true,"href":"https:\/\/www.it-robotics.com\/de\/wp-json\/wp\/v2\/media\/1622"}],"wp:attachment":[{"href":"https:\/\/www.it-robotics.com\/de\/wp-json\/wp\/v2\/media?parent=1963"}],"curies":[{"name":"wp","href":"https:\/\/api.w.org\/{rel}","templated":true}]}}